{"id":5397,"date":"2026-04-03T21:48:56","date_gmt":"2026-04-03T21:48:56","guid":{"rendered":"https:\/\/zahika.com\/?post_type=product&#038;p=5397"},"modified":"2026-04-03T22:33:14","modified_gmt":"2026-04-03T22:33:14","slug":"sublime-set","status":"publish","type":"product","link":"https:\/\/zahika.com\/tr_tr\/urun\/sublime-set","title":{"rendered":"Sublime Set"},"content":{"rendered":"<p><b>\u00a0<\/b><\/p>\n","protected":false},"excerpt":{"rendered":"<p>H\u00fccre yenileyici Infusion Complex\u2122 ile zenginle\u015ftirilen yo\u011funla\u015ft\u0131r\u0131c\u0131 yap\u0131, \u00e7izgi ve k\u0131r\u0131\u015f\u0131kl\u0131klar\u0131n g\u00f6r\u00fcn\u00fcm\u00fcn\u00fc h\u0131zla azaltarak cilde daha gen\u00e7 ve s\u0131k\u0131 bir ifade kazand\u0131r\u0131r.<br \/>\nCilt yenilenmesini destekleyen g\u00fc\u00e7l\u00fc aktif bile\u015fenler sayesinde, daha p\u00fcr\u00fczs\u00fcz bir doku ve do\u011fal bir \u0131\u015f\u0131lt\u0131 elde edilir.<\/p>\n<p>Ciltle an\u0131nda b\u00fct\u00fcnle\u015fen hafif dokusu, uygulamadan itibaren p\u00fcr\u00fczs\u00fczl\u00fck ve ayd\u0131nl\u0131k etkisi yarat\u0131r. D\u00fczenli kullan\u0131mda y\u00fcz hatlar\u0131 yeniden \u015fekillenir, cilt yo\u011funlu\u011fu ve elastikiyeti artar.<br \/>\nGece kullan\u0131ld\u0131\u011f\u0131nda cildi nemlendirir, onar\u0131r ve bariyer fonksiyonunu g\u00fc\u00e7lendirir. Sabah uyand\u0131\u011f\u0131nda ise cilt daha yumu\u015fak, dinlenmi\u015f ve ayd\u0131nl\u0131k bir g\u00f6r\u00fcn\u00fcme kavu\u015fur.<\/p>\n<p>Infusion Complex\u2122 ile form\u00fcle edilen su bazl\u0131 dokusu, cildi ipeksi bir hisle sarar; derinlemesine nemlendirir, yumu\u015fat\u0131r ve d\u00f6n\u00fc\u015f\u00fcme haz\u0131r hale getirir.<\/p>\n","protected":false},"featured_media":5396,"template":"","meta":[],"product_brand":[],"product_cat":[217],"product_tag":[],"class_list":{"0":"post-5397","1":"product","2":"type-product","3":"status-publish","4":"has-post-thumbnail","6":"product_cat-setler","8":"first","9":"instock","10":"featured","11":"shipping-taxable","12":"product-type-variable"},"_links":{"self":[{"href":"https:\/\/zahika.com\/tr_tr\/wp-json\/wp\/v2\/product\/5397","targetHints":{"allow":["GET"]}}],"collection":[{"href":"https:\/\/zahika.com\/tr_tr\/wp-json\/wp\/v2\/product"}],"about":[{"href":"https:\/\/zahika.com\/tr_tr\/wp-json\/wp\/v2\/types\/product"}],"wp:featuredmedia":[{"embeddable":true,"href":"https:\/\/zahika.com\/tr_tr\/wp-json\/wp\/v2\/media\/5396"}],"wp:attachment":[{"href":"https:\/\/zahika.com\/tr_tr\/wp-json\/wp\/v2\/media?parent=5397"}],"wp:term":[{"taxonomy":"product_brand","embeddable":true,"href":"https:\/\/zahika.com\/tr_tr\/wp-json\/wp\/v2\/product_brand?post=5397"},{"taxonomy":"product_cat","embeddable":true,"href":"https:\/\/zahika.com\/tr_tr\/wp-json\/wp\/v2\/product_cat?post=5397"},{"taxonomy":"product_tag","embeddable":true,"href":"https:\/\/zahika.com\/tr_tr\/wp-json\/wp\/v2\/product_tag?post=5397"}],"curies":[{"name":"wp","href":"https:\/\/api.w.org\/{rel}","templated":true}]}}