{"id":5388,"date":"2026-04-03T21:19:44","date_gmt":"2026-04-03T21:19:44","guid":{"rendered":"https:\/\/zahika.com\/?post_type=product&#038;p=5388"},"modified":"2026-04-03T21:46:07","modified_gmt":"2026-04-03T21:46:07","slug":"divine-genclik-seti","status":"publish","type":"product","link":"https:\/\/zahika.com\/tr_tr\/urun\/divine-genclik-seti","title":{"rendered":"Divine Gen\u00e7lik Seti"},"content":{"rendered":"","protected":false},"excerpt":{"rendered":"<p>G\u00fcl\u00fcn zamans\u0131z g\u00fcc\u00fcyle tasarlanan Zahika 3\u2019l\u00fc G\u00fcl Bak\u0131m Seti, cildi ar\u0131nd\u0131ran, besleyen ve \u0131\u015f\u0131lt\u0131yla bulu\u015fturan eksiksiz bir bak\u0131m rit\u00fceli sunar. Her ad\u0131mda daha p\u00fcr\u00fczs\u00fcz, canl\u0131 ve dengeli bir cilt g\u00f6r\u00fcn\u00fcm\u00fcn\u00fc destekler.<\/p>\n","protected":false},"featured_media":5390,"template":"","meta":[],"product_brand":[],"product_cat":[217],"product_tag":[],"class_list":{"0":"post-5388","1":"product","2":"type-product","3":"status-publish","4":"has-post-thumbnail","6":"product_cat-setler","8":"first","9":"instock","10":"shipping-taxable","11":"purchasable","12":"product-type-variable"},"_links":{"self":[{"href":"https:\/\/zahika.com\/tr_tr\/wp-json\/wp\/v2\/product\/5388","targetHints":{"allow":["GET"]}}],"collection":[{"href":"https:\/\/zahika.com\/tr_tr\/wp-json\/wp\/v2\/product"}],"about":[{"href":"https:\/\/zahika.com\/tr_tr\/wp-json\/wp\/v2\/types\/product"}],"wp:featuredmedia":[{"embeddable":true,"href":"https:\/\/zahika.com\/tr_tr\/wp-json\/wp\/v2\/media\/5390"}],"wp:attachment":[{"href":"https:\/\/zahika.com\/tr_tr\/wp-json\/wp\/v2\/media?parent=5388"}],"wp:term":[{"taxonomy":"product_brand","embeddable":true,"href":"https:\/\/zahika.com\/tr_tr\/wp-json\/wp\/v2\/product_brand?post=5388"},{"taxonomy":"product_cat","embeddable":true,"href":"https:\/\/zahika.com\/tr_tr\/wp-json\/wp\/v2\/product_cat?post=5388"},{"taxonomy":"product_tag","embeddable":true,"href":"https:\/\/zahika.com\/tr_tr\/wp-json\/wp\/v2\/product_tag?post=5388"}],"curies":[{"name":"wp","href":"https:\/\/api.w.org\/{rel}","templated":true}]}}