{"id":5169,"date":"2026-01-27T16:45:01","date_gmt":"2026-01-27T16:45:01","guid":{"rendered":"https:\/\/zahika.com\/?post_type=product&#038;p=5169"},"modified":"2026-04-03T22:30:16","modified_gmt":"2026-04-03T22:30:16","slug":"3lu-gul-bakim-seti","status":"publish","type":"product","link":"https:\/\/zahika.com\/tr_tr\/urun\/3lu-gul-bakim-seti","title":{"rendered":"3&#8217;L\u00fc G\u00fcl Bak\u0131m Seti"},"content":{"rendered":"<p data-pm-slice=\"1 1 []\">Cildi ar\u0131nd\u0131ran, yenileyen ve \u0131\u015f\u0131lt\u0131yla bulu\u015fturan eksiksiz g\u00fcl bak\u0131m Seti<\/p>\n<p>Zahika 3\u2019l\u00fc G\u00fcl Bak\u0131m Seti, cildin g\u00fcnl\u00fck ihtiya\u00e7lar\u0131n\u0131 ad\u0131m ad\u0131m kar\u015f\u0131lamak \u00fczere tasarlanm\u0131\u015f b\u00fct\u00fcnc\u00fcl bir bak\u0131m rit\u00fcelidir. G\u00fcl\u00fcn yenileyici g\u00fcc\u00fc, yo\u011fun nem ve kolajen deste\u011fiyle birle\u015ferek cildi daha p\u00fcr\u00fczs\u00fcz, canl\u0131 ve \u0131\u015f\u0131lt\u0131l\u0131 bir g\u00f6r\u00fcn\u00fcme ta\u015f\u0131r.<\/p>\n<p>Ad\u0131m Ad\u0131m Kullan\u0131m<\/p>\n<p>1. Ad\u0131m \u2013 Rose Water<\/p>\n<p>Sabah &#8211; Ak\u015fam cildi nazik\u00e7e ar\u0131nd\u0131r\u0131r, nem dengesini haz\u0131rlar ve tazeler.<\/p>\n<p>2. Ad\u0131m \u2013 Luminous Serum<\/p>\n<p>Yo\u011fun aktif i\u00e7erikleriyle cildi besler, \u0131\u015f\u0131lt\u0131y\u0131 art\u0131r\u0131r ve ya\u015flanma belirtilerinin g\u00f6r\u00fcn\u00fcm\u00fcn\u00fc yumu\u015fatmaya yard\u0131mc\u0131 olur.<\/p>\n<p>3. Ad\u0131m \u2013 Collagen Rose Mask ( haftada bir uygulan\u0131r )<\/p>\n<p>Kolajen ve g\u00fcl \u00f6zleriyle cildi s\u0131k\u0131la\u015ft\u0131r\u0131r, yeniler ve bak\u0131m rit\u00fcelini tamamlar.<\/p>\n","protected":false},"excerpt":{"rendered":"<p>G\u00fcl\u00fcn zamans\u0131z g\u00fcc\u00fcyle tasarlanan Zahika 3\u2019l\u00fc G\u00fcl Bak\u0131m Seti, cildi ar\u0131nd\u0131ran, besleyen ve \u0131\u015f\u0131lt\u0131yla bulu\u015fturan eksiksiz bir bak\u0131m rit\u00fceli sunar. Her ad\u0131mda daha p\u00fcr\u00fczs\u00fcz, canl\u0131 ve dengeli bir cilt g\u00f6r\u00fcn\u00fcm\u00fcn\u00fc destekler.<\/p>\n","protected":false},"featured_media":5384,"template":"","meta":[],"product_brand":[],"product_cat":[217],"product_tag":[],"class_list":{"0":"post-5169","1":"product","2":"type-product","3":"status-publish","4":"has-post-thumbnail","6":"product_cat-setler","8":"first","9":"instock","10":"shipping-taxable","11":"purchasable","12":"product-type-variable"},"_links":{"self":[{"href":"https:\/\/zahika.com\/tr_tr\/wp-json\/wp\/v2\/product\/5169","targetHints":{"allow":["GET"]}}],"collection":[{"href":"https:\/\/zahika.com\/tr_tr\/wp-json\/wp\/v2\/product"}],"about":[{"href":"https:\/\/zahika.com\/tr_tr\/wp-json\/wp\/v2\/types\/product"}],"wp:featuredmedia":[{"embeddable":true,"href":"https:\/\/zahika.com\/tr_tr\/wp-json\/wp\/v2\/media\/5384"}],"wp:attachment":[{"href":"https:\/\/zahika.com\/tr_tr\/wp-json\/wp\/v2\/media?parent=5169"}],"wp:term":[{"taxonomy":"product_brand","embeddable":true,"href":"https:\/\/zahika.com\/tr_tr\/wp-json\/wp\/v2\/product_brand?post=5169"},{"taxonomy":"product_cat","embeddable":true,"href":"https:\/\/zahika.com\/tr_tr\/wp-json\/wp\/v2\/product_cat?post=5169"},{"taxonomy":"product_tag","embeddable":true,"href":"https:\/\/zahika.com\/tr_tr\/wp-json\/wp\/v2\/product_tag?post=5169"}],"curies":[{"name":"wp","href":"https:\/\/api.w.org\/{rel}","templated":true}]}}