{"id":3735,"date":"2025-06-24T01:36:07","date_gmt":"2025-06-24T01:36:07","guid":{"rendered":"https:\/\/fiyakod.online\/?post_type=product&#038;p=3735"},"modified":"2026-04-01T17:22:17","modified_gmt":"2026-04-01T17:22:17","slug":"cream-deodorant","status":"publish","type":"product","link":"https:\/\/zahika.com\/tr_tr\/urun\/cream-deodorant","title":{"rendered":"Cream Deodorant"},"content":{"rendered":"<p>T\u00fcm g\u00fcn s\u00fcren ferahl\u0131k: Zarif ve temiz kokusuyla g\u00fcn boyu tazelik, konfor ve \u00f6zg\u00fcven sa\u011flar.<\/p>\n<p>24 saat etkili koruma: Ter kokusuna kar\u015f\u0131 etkili, cilde nazik; h\u0131zl\u0131 emilen yap\u0131s\u0131yla iz b\u0131rakmaz.<\/p>\n<p>Bak\u0131m etkili form\u00fcl: Bakteri olu\u015fumunu \u00f6nler, kararmaya kar\u015f\u0131 korur. T\u00fcyleri zamanla incelterek uzamas\u0131n\u0131 yava\u015flat\u0131r, g\u00f6r\u00fcn\u00fcr azalma sa\u011flar.<\/p>\n<p>Nas\u0131l Kullan\u0131l\u0131r: Az miktarda \u00fcr\u00fcn\u00fc parmak u\u00e7lar\u0131n\u0131zla al\u0131n ve koltuk alt\u0131 b\u00f6lgesine dairesel hareketlerle, tamamen emilene kadar nazik\u00e7e uygulay\u0131n. \u0130ste\u011fe ba\u011fl\u0131 olarak uygulama sonras\u0131 fazla \u00fcr\u00fcn\u00fc bir pe\u00e7eteyle silebilirsiniz.<\/p>\n<p>&nbsp;<\/p>\n<p><b>INGREDIENTS<\/b>: AQUA \u00b7 PROPYLENE GLYCOL \u00b7 GLYCERIN \u00b7 CETEARYL ALCOHOL \u00b7 ZEA MAYS STARCH \u00b7 ZINC OXIDE \u00b7 NIACINAMIDE \u00b7 CAPRYLIC\/CAPRIC TRIGLYCERIDE \u00b7 GLYCERYL STEARATE \u00b7 ALLANTOIN \u00b7 CHAMOMILLA RECUTITA FLOWER OIL \u00b7 SIMMONDSIA CHINENSIS SEED OIL \u00b7 PRUNUS ARMENIACA KERNEL OIL \u00b7 BORIC ACID \u00b7 SODIUM CARBONATE \u00b7 LAVANDULA ANGUSTIFOLIA FLOWER OIL \u00b7 SODIUM POLYACRYLATE \u00b7 CETEARETH-20 \u00b7 CETEARETH-12 \u00b7 PHENOXYETHANOL \u00b7 ETHYLHEXYLGLYCERIN \u00b7 CETYL PALMITATE \u00b7 ROSA DAMASCENA FLOWER WATER \u00b7 SODIUM CHLORIDE \u00b7 SODIUM BICARBONATE.<\/p>\n","protected":false},"excerpt":{"rendered":"<p>Zarif kokusuyla koltuk alt\u0131 bak\u0131m\u0131n\u0131 keyifli bir rutine d\u00f6n\u00fc\u015ft\u00fcren krem deodorant, g\u00fcn boyu ferahl\u0131k sa\u011flar.<br \/>\nCildi tahri\u015f etmeden ter kokusunu \u00f6nler, hafif dokusu h\u0131zla emilir ve giysilerde leke b\u0131rakmaz.<\/p>\n<p>Bakteri olu\u015fumuna kar\u015f\u0131 koruma sa\u011flar, kararmay\u0131 \u00f6nlemeye yard\u0131mc\u0131 olur. T\u00fcy k\u00f6klerini zamanla incelterek t\u00fcylerin uzamas\u0131n\u0131 yava\u015flat\u0131r ve g\u00f6r\u00fcn\u00fcm\u00fcn\u00fc azaltmaya destek olur.<\/p>\n<p>D\u00fczenli kullan\u0131mda daha sa\u011fl\u0131kl\u0131 ve ferah bir koltuk alt\u0131 i\u00e7in ideal bir bak\u0131m sunar.<\/p>\n","protected":false},"featured_media":4847,"template":"","meta":[],"product_brand":[],"product_cat":[182],"product_tag":[],"class_list":{"0":"post-3735","1":"product","2":"type-product","3":"status-publish","4":"has-post-thumbnail","6":"product_cat-vucut-bakim","8":"first","9":"instock","10":"shipping-taxable","11":"purchasable","12":"product-type-variable"},"_links":{"self":[{"href":"https:\/\/zahika.com\/tr_tr\/wp-json\/wp\/v2\/product\/3735","targetHints":{"allow":["GET"]}}],"collection":[{"href":"https:\/\/zahika.com\/tr_tr\/wp-json\/wp\/v2\/product"}],"about":[{"href":"https:\/\/zahika.com\/tr_tr\/wp-json\/wp\/v2\/types\/product"}],"wp:featuredmedia":[{"embeddable":true,"href":"https:\/\/zahika.com\/tr_tr\/wp-json\/wp\/v2\/media\/4847"}],"wp:attachment":[{"href":"https:\/\/zahika.com\/tr_tr\/wp-json\/wp\/v2\/media?parent=3735"}],"wp:term":[{"taxonomy":"product_brand","embeddable":true,"href":"https:\/\/zahika.com\/tr_tr\/wp-json\/wp\/v2\/product_brand?post=3735"},{"taxonomy":"product_cat","embeddable":true,"href":"https:\/\/zahika.com\/tr_tr\/wp-json\/wp\/v2\/product_cat?post=3735"},{"taxonomy":"product_tag","embeddable":true,"href":"https:\/\/zahika.com\/tr_tr\/wp-json\/wp\/v2\/product_tag?post=3735"}],"curies":[{"name":"wp","href":"https:\/\/api.w.org\/{rel}","templated":true}]}}