{"id":3730,"date":"2025-06-24T01:34:30","date_gmt":"2025-06-24T01:34:30","guid":{"rendered":"https:\/\/fiyakod.online\/?post_type=product&#038;p=3730"},"modified":"2026-03-31T22:10:19","modified_gmt":"2026-03-31T22:10:19","slug":"dermafirm-plus","status":"publish","type":"product","link":"https:\/\/zahika.com\/tr_tr\/urun\/dermafirm-plus","title":{"rendered":"Dermafirm"},"content":{"rendered":"<p>DAHA SIKI B\u0130R V\u00dcCUT \u0130\u00c7\u0130N G\u00dc\u00c7L\u00dc BAKIM<span class=\"Apple-converted-space\">\u00a0<\/span><\/p>\n<p>Gen\u00e7 ve s\u0131k\u0131 bir g\u00f6r\u00fcn\u00fcm i\u00e7in Infusion Complex ve deniz yosunu \u00f6z\u00fcyle zenginle\u015fen ipeksi ve etkili bak\u0131m.<\/p>\n<p>G\u00d6ZLE G\u00d6R\u00dcL\u00dcR SIKI\u015eLA\u015eMA VE ONARIM ETK\u0130S\u0130<\/p>\n<p>Uygulama sonras\u0131 \u00e7atlak g\u00f6r\u00fcn\u00fcm\u00fcnde azalma, g\u00f6zeneklerin k\u00fc\u00e7\u00fclmesi ve elastikiyette art\u0131\u015f. Cildi s\u0131k\u0131la\u015ft\u0131r\u0131r, rahatlat\u0131r ve do\u011fal g\u00fczelli\u011fiyle \u0131\u015f\u0131ldat\u0131r.<\/p>\n<p>Nas\u0131l kullan\u0131l\u0131r: Sabah ve ak\u015fam, du\u015f s\u0131ras\u0131nda cildinizi kese ile nazik\u00e7e ar\u0131nd\u0131r\u0131n. Cildinizi iyice kurulad\u0131ktan sonra, avu\u00e7 i\u00e7ine bir miktar Dermafirm Plus v\u00fccut serumunu damlat\u0131n ve parmak u\u00e7lar\u0131n\u0131zla hafif\u00e7e \u0131s\u0131t\u0131n. Temizlenmi\u015f kuru cildinize, \u00f6zellikle sorunlu b\u00f6lgelere 15 dakika boyunca dairesel hareketlerle masaj yaparak uygulay\u0131n<\/p>\n<p>&nbsp;<\/p>\n<p><b>INGREDIENTS:<\/b> OLEA EUROPAEA LEAF OIL \u00b7 CALENDULA OFFICINALIS FLOWER EXTRACT \u00b7 AESCULUS HIPPOCASTANUM EXTRACT \u00b7 SPIRULINA PLATENSIS EXTRACT \u00b7 PERSEA GRATISSIMA OIL \u00b7 ROSMARINUS OFFICINALIS FLOWER OIL \u00b7 CARTHAMUS TINCTORIUS SEED OIL \u00b7 TRITICUM VULGARE GERM OIL \u00b7 JUGLANS REGIA SEED OIL \u00b7 PRUNUS ARMENIACA KERNEL OIL \u00b7 LACTUCA SATIVA LEAF EXTRACT \u00b7 CANNABIS SATIVA SEED EXTRACT \u00b7 LINUM USITATISSIMUM SEED OIL \u00b7 ROSA CANINA FRUIT OIL \u00b7 LAVANDULA ANGUSTIFOLIA FLOWER OIL \u00b7 SALVIA HISPANICA SEED OIL \u00b7 TOCOPHERYL ACETATE \u00b7 CITRUS LIMON PEEL OIL \u00b7 PALMITOYL TETRAPEPTIDE-7 \u00b7 ORYZA SATIVA BRAN OIL \u00b7 PUNICA GRANATUM SEED OIL \u00b7 VITIS VINIFERA SEED OIL \u00b7 SESAMUM INDICUM SEED OIL \u00b7 COLLAGEN\u00b7 INFUSION COMPLEX\u2122<\/p>\n<p>&nbsp;<\/p>\n","protected":false},"excerpt":{"rendered":"<p>Infusion Complex\u2122 ile zenginle\u015fen yo\u011fun bak\u0131m v\u00fccut serumu, h\u00fccre yenileyici ve onar\u0131c\u0131 g\u00fcc\u00fcyle v\u00fccuda s\u0131k\u0131l\u0131k ve p\u00fcr\u00fczs\u00fczl\u00fck kazand\u0131r\u0131r.<br \/>\n\u0130peksi dokusu ciltle kusursuzca b\u00fct\u00fcnle\u015fir, elastikiyetini kaybetmi\u015f b\u00f6lgelerde s\u0131k\u0131la\u015fma ve onar\u0131m sa\u011flar. Zamanla cilt daha esnek, toparlanm\u0131\u015f ve g\u00f6zle g\u00f6r\u00fcl\u00fcr bi\u00e7imde s\u0131k\u0131la\u015fm\u0131\u015f bir g\u00f6r\u00fcn\u00fcme kavu\u015fur.<\/p>\n<ul>\n<li>Daha yumu\u015fak ve p\u00fcr\u00fczs\u00fcz bir cilt dokusu sunar.<\/li>\n<li>Derinlemesine yenileyerek s\u0131k\u0131la\u015fmay\u0131 destekler.<\/li>\n<li>\u00c7atlak g\u00f6r\u00fcn\u00fcm\u00fcne kar\u015f\u0131 etkili bak\u0131m sa\u011flar.<\/li>\n<li>\u00c7evresel kirlili\u011fin zararl\u0131 etkilerine kar\u015f\u0131 antioksidan koruma ile cildi g\u00fc\u00e7lendirir.<\/li>\n<\/ul>\n","protected":false},"featured_media":4829,"template":"","meta":[],"product_brand":[],"product_cat":[182],"product_tag":[],"class_list":{"0":"post-3730","1":"product","2":"type-product","3":"status-publish","4":"has-post-thumbnail","6":"product_cat-vucut-bakim","8":"first","9":"instock","10":"shipping-taxable","11":"purchasable","12":"product-type-variable"},"_links":{"self":[{"href":"https:\/\/zahika.com\/tr_tr\/wp-json\/wp\/v2\/product\/3730","targetHints":{"allow":["GET"]}}],"collection":[{"href":"https:\/\/zahika.com\/tr_tr\/wp-json\/wp\/v2\/product"}],"about":[{"href":"https:\/\/zahika.com\/tr_tr\/wp-json\/wp\/v2\/types\/product"}],"wp:featuredmedia":[{"embeddable":true,"href":"https:\/\/zahika.com\/tr_tr\/wp-json\/wp\/v2\/media\/4829"}],"wp:attachment":[{"href":"https:\/\/zahika.com\/tr_tr\/wp-json\/wp\/v2\/media?parent=3730"}],"wp:term":[{"taxonomy":"product_brand","embeddable":true,"href":"https:\/\/zahika.com\/tr_tr\/wp-json\/wp\/v2\/product_brand?post=3730"},{"taxonomy":"product_cat","embeddable":true,"href":"https:\/\/zahika.com\/tr_tr\/wp-json\/wp\/v2\/product_cat?post=3730"},{"taxonomy":"product_tag","embeddable":true,"href":"https:\/\/zahika.com\/tr_tr\/wp-json\/wp\/v2\/product_tag?post=3730"}],"curies":[{"name":"wp","href":"https:\/\/api.w.org\/{rel}","templated":true}]}}