{"id":3726,"date":"2025-06-24T01:29:36","date_gmt":"2025-06-24T01:29:36","guid":{"rendered":"https:\/\/fiyakod.online\/?post_type=product&#038;p=3726"},"modified":"2026-04-01T07:03:49","modified_gmt":"2026-04-01T07:03:49","slug":"complete-protection","status":"publish","type":"product","link":"https:\/\/zahika.com\/tr_tr\/urun\/complete-protection","title":{"rendered":"Complete Protection"},"content":{"rendered":"<p>UV \u0131\u015f\u0131nlar\u0131na, \u00e7evresel kirlili\u011fe ve oksidatif strese kar\u015f\u0131 tam spektrumlu koruma. Cildi y\u0131pratabilecek d\u0131\u015f etkenlere kar\u015f\u0131 g\u00fc\u00e7l\u00fc bir savunma sa\u011flar. Korunan, g\u00fc\u00e7lenen ve nemini kazanan cilt; \u0131\u015f\u0131lt\u0131l\u0131, sa\u011fl\u0131kl\u0131 ve canl\u0131 bir g\u00f6r\u00fcn\u00fcm kazan\u0131r.<\/p>\n<p>Nas\u0131l kullan\u0131l\u0131r: Avu\u00e7 i\u00e7inize nohut b\u00fcy\u00fckl\u00fc\u011f\u00fcnde bir miktar al\u0131n. Parmak u\u00e7lar\u0131n\u0131zla, nemlendiricinizin ard\u0131ndan ya da makyaj \u00f6ncesinde y\u00fcz ve boyun b\u00f6lgesine e\u015fit \u015fekilde nazik\u00e7e uygulay\u0131n. Cildinize tamamen yay\u0131lmas\u0131n\u0131 sa\u011flay\u0131n.<\/p>\n<p>&nbsp;<\/p>\n<p><b>INGREDIENTS:<\/b> AQUA \u00b7 DIETHYLAMINO HYDROXYBENZOYL HEXYL BENZOATE \u00b7 ETHYLHEXYL SALICYLATE \u00b7 ETHYLHEXYL TRIAZONE \u00b7 BIS-ETHYLHEXYLOXYPHENOL METHOXYPHENYL TRIAZINE \u00b7 GLYCERIN \u00b7 PROPYLENE GLYCOL \u00b7 CETEARYL ALCOHOL \u00b7 UNDECANE \u00b7 PROPYLHEPTYL CAPRYLATE \u00b7 GLYCERYL STEARATE \u00b7 DICAPRYLYL CARBONATE \u00b7 TRIDECANE \u00b7 NIACINAMIDE \u00b7 HELICHRYSUM ITALICUM FLOWER\/LEAF\/STEM OIL \u00b7 SODIUM POLYACRYLATE \u00b7 SODIUM HYALURONATE \u00b7 PUNICA GRANATUM SEED OIL \u00b7 RIBES NIGRUM BUD EXTRACT \u00b7 PRUNUS CERASUS SEED OIL \u00b7 PANTHENOL \u00b7 TOCOPHERYL ACETATE \u00b7 DISTEARDIMONIUM HECTORITE \u00b7 ZINC OXIDE \u00b7 CETEARETH-20 \u00b7 ALOE BARBADENSIS LEAF EXTRACT \u00b7 CAPRYLIC\/CAPRIC TRIGLYCERIDE \u00b7 CERAMIDE NP \u00b7 ARBUTIN \u00b7 CETYL PALMITATE \u00b7 POLYGLYCERYL-10 STEARATE \u00b7 HYDROXYPROPYL BISPALMITAMIDE MEA \u00b7 PHYTOSTEROLS \u00b7 STEARIC ACID \u00b7 CETEARETH-12 \u00b7 PARFUM \u00b7 PHENOXYETHANOL \u00b7 ETHYLHEXYLGLYCERIN \u00b7 INFUSION COMPLEX\u2122<\/p>\n","protected":false},"excerpt":{"rendered":"<p>H\u0131zla emilen hafif dokusu, g\u00fcnl\u00fck UV \u0131\u015f\u0131nlar\u0131na kar\u015f\u0131 etkili bir kalkan olu\u015fturur. Leke ve ton e\u015fitsizli\u011fi olu\u015fumuna kar\u015f\u0131 g\u00f6r\u00fcn\u00fcr bir koruma sunar. Nemlendirici ad\u0131m\u0131ndan sonra veya makyaj \u00f6ncesi kolayca uygulanabilir. Cilt, Infusion Complex\u2122\u2019in g\u00fclden gelen yenileyici enerjileriyle beslenirken g\u00fcn boyu korunmu\u015f ve dengelenmi\u015f hisseder.<\/p>\n","protected":false},"featured_media":4841,"template":"","meta":[],"product_brand":[],"product_cat":[181],"product_tag":[],"class_list":{"0":"post-3726","1":"product","2":"type-product","3":"status-publish","4":"has-post-thumbnail","6":"product_cat-gunes-bakim","8":"first","9":"instock","10":"shipping-taxable","11":"purchasable","12":"product-type-variable"},"_links":{"self":[{"href":"https:\/\/zahika.com\/tr_tr\/wp-json\/wp\/v2\/product\/3726","targetHints":{"allow":["GET"]}}],"collection":[{"href":"https:\/\/zahika.com\/tr_tr\/wp-json\/wp\/v2\/product"}],"about":[{"href":"https:\/\/zahika.com\/tr_tr\/wp-json\/wp\/v2\/types\/product"}],"wp:featuredmedia":[{"embeddable":true,"href":"https:\/\/zahika.com\/tr_tr\/wp-json\/wp\/v2\/media\/4841"}],"wp:attachment":[{"href":"https:\/\/zahika.com\/tr_tr\/wp-json\/wp\/v2\/media?parent=3726"}],"wp:term":[{"taxonomy":"product_brand","embeddable":true,"href":"https:\/\/zahika.com\/tr_tr\/wp-json\/wp\/v2\/product_brand?post=3726"},{"taxonomy":"product_cat","embeddable":true,"href":"https:\/\/zahika.com\/tr_tr\/wp-json\/wp\/v2\/product_cat?post=3726"},{"taxonomy":"product_tag","embeddable":true,"href":"https:\/\/zahika.com\/tr_tr\/wp-json\/wp\/v2\/product_tag?post=3726"}],"curies":[{"name":"wp","href":"https:\/\/api.w.org\/{rel}","templated":true}]}}