{"id":3707,"date":"2025-06-24T01:20:41","date_gmt":"2025-06-24T01:20:41","guid":{"rendered":"https:\/\/fiyakod.online\/?post_type=product&#038;p=3707"},"modified":"2026-03-31T21:54:23","modified_gmt":"2026-03-31T21:54:23","slug":"collagen-rose-mask","status":"publish","type":"product","link":"https:\/\/zahika.com\/tr_tr\/urun\/collagen-rose-mask","title":{"rendered":"Rose Mask"},"content":{"rendered":"<p><b>ARINDIR, YEN\u0130LE<\/b><br \/>\nG\u00fcl ve kolajen i\u00e7eren bu \u00f6zel maske, cildi an\u0131nda canland\u0131r\u0131r, s\u0131k\u0131la\u015ft\u0131r\u0131r ve \u00e7evresel etkilere kar\u015f\u0131 korur. Uygulama sonras\u0131 cilt daha canl\u0131, p\u00fcr\u00fczs\u00fcz ve sa\u011fl\u0131kl\u0131 g\u00f6r\u00fcn\u00fcr.<\/p>\n<p><b>SIKILA\u015eTIRICI L\u00dcKS ETK\u0130<\/b><br \/>\nCanland\u0131r\u0131c\u0131 etkisiyle cilde taze ve yenilenmi\u015f bir g\u00f6r\u00fcn\u00fcm kazand\u0131r\u0131r. D\u00fczenli kullan\u0131mda elastikiyet artar, cilt daha gergin ve din\u00e7 g\u00f6r\u00fcn\u00fcr.<\/p>\n<p>Nas\u0131l kullan\u0131l\u0131: Haftada 1 kez, Rose Mask&#8217;tan 1 \u00e7ay ka\u015f\u0131\u011f\u0131 al\u0131n ve bir miktar su ile kar\u0131\u015ft\u0131r\u0131n. Parmak u\u00e7lar\u0131n\u0131zla cildinize ince bir tabaka halinde uygulay\u0131n. 7\u20138 dakika bekledikten sonra y\u00fcz\u00fcn\u00fcz\u00fc durulay\u0131n. Ard\u0131ndan, cilt bak\u0131m rutininizde yer alan Zahika kremleriyle uygulaman\u0131z\u0131 tamamlayarak cilt yenilenmesini destekleyin.<\/p>\n<p>&nbsp;<\/p>\n<p><b>INGREDIENTS: <\/b>CLAY \u00b7 ROSA DAMASCENA FLOWER POWDER \u00b7 HYALURONIC ACID \u00b7 CENTELLA ASIATICA FLOWER EXTRACT \u00b7 COLLAGEN<\/p>\n","protected":false},"excerpt":{"rendered":"<p>G\u00fcl yapraklar\u0131n\u0131n enerjisiyle cildi nazik\u00e7e ar\u0131nd\u0131r\u0131r, ton e\u015fitsizliklerini hedef alarak berrak ve p\u00fcr\u00fczs\u00fcz bir g\u00f6r\u00fcn\u00fcm kazand\u0131r\u0131r.<br \/>\nG\u00f6zenekleri s\u0131k\u0131la\u015ft\u0131r\u0131r, h\u00fccre yenilenmesini destekler ve cilde \u0131\u015f\u0131lt\u0131l\u0131 bir canl\u0131l\u0131k katar.<br \/>\nHyaluronik asitle zenginle\u015ftirilmi\u015f form\u00fcl\u00fc, ince \u00e7izgilerin g\u00f6r\u00fcn\u00fcm\u00fcn\u00fc azalt\u0131r; cilt y\u00fczeyini yumu\u015fat\u0131r ve dengeler.<br \/>\nTahri\u015f etmeyen, yumu\u015fak eksfoliasyon etkisi sayesinde cilt rahatlar ve do\u011fal yenilenme s\u00fcrecine geri d\u00f6ner.<\/p>\n","protected":false},"featured_media":4845,"template":"","meta":[],"product_brand":[],"product_cat":[179],"product_tag":[],"class_list":{"0":"post-3707","1":"product","2":"type-product","3":"status-publish","4":"has-post-thumbnail","6":"product_cat-maskeler-tonikler","8":"first","9":"instock","10":"shipping-taxable","11":"purchasable","12":"product-type-variable"},"_links":{"self":[{"href":"https:\/\/zahika.com\/tr_tr\/wp-json\/wp\/v2\/product\/3707","targetHints":{"allow":["GET"]}}],"collection":[{"href":"https:\/\/zahika.com\/tr_tr\/wp-json\/wp\/v2\/product"}],"about":[{"href":"https:\/\/zahika.com\/tr_tr\/wp-json\/wp\/v2\/types\/product"}],"wp:featuredmedia":[{"embeddable":true,"href":"https:\/\/zahika.com\/tr_tr\/wp-json\/wp\/v2\/media\/4845"}],"wp:attachment":[{"href":"https:\/\/zahika.com\/tr_tr\/wp-json\/wp\/v2\/media?parent=3707"}],"wp:term":[{"taxonomy":"product_brand","embeddable":true,"href":"https:\/\/zahika.com\/tr_tr\/wp-json\/wp\/v2\/product_brand?post=3707"},{"taxonomy":"product_cat","embeddable":true,"href":"https:\/\/zahika.com\/tr_tr\/wp-json\/wp\/v2\/product_cat?post=3707"},{"taxonomy":"product_tag","embeddable":true,"href":"https:\/\/zahika.com\/tr_tr\/wp-json\/wp\/v2\/product_tag?post=3707"}],"curies":[{"name":"wp","href":"https:\/\/api.w.org\/{rel}","templated":true}]}}