{"id":3702,"date":"2025-06-24T01:17:26","date_gmt":"2025-06-24T01:17:26","guid":{"rendered":"https:\/\/fiyakod.online\/?post_type=product&#038;p=3702"},"modified":"2026-04-01T06:54:21","modified_gmt":"2026-04-01T06:54:21","slug":"rejuvenating-moss-mask","status":"publish","type":"product","link":"https:\/\/zahika.com\/tr_tr\/urun\/rejuvenating-moss-mask","title":{"rendered":"Rejuvenating Moss Mask"},"content":{"rendered":"<p><b>ANINDA ETK\u0130<\/b> : G\u00d6ZENEK G\u00d6R\u00dcN\u00dcM\u00dcNDE G\u00d6ZLE G\u00d6R\u00dcL\u00dcR AZALMA<\/p>\n<p><b>UYGULA VE YEN\u0130LE <\/b><i>: <\/i>Ar\u0131nd\u0131r\u0131c\u0131 ve g\u00f6zenek s\u0131k\u0131la\u015ft\u0131r\u0131c\u0131 etkiden, toparlay\u0131c\u0131 ve yo\u011fun nemlendirici bak\u0131ma kadar, ultra zengin i\u00e7eri\u011fiyle cilt yenilenmesini destekler.<\/p>\n<p>Nas\u0131l kullan\u0131l\u0131r: Haftada 2 kez, \u00fcr\u00fcn\u00fc parmak u\u00e7lar\u0131n\u0131zla y\u00fcz\u00fcn\u00fcze e\u015fit bir tabaka halinde uygulay\u0131n. 10 dakika kurumas\u0131n\u0131 bekleyin, ard\u0131ndan y\u00fcz\u00fcn\u00fcz\u00fc durulay\u0131n. Uygulama s\u0131ras\u0131nda cilt ar\u0131n\u0131rken hafif bir kar\u0131ncalanma hissi olu\u015fabilir. Maske sonras\u0131 en etkili sonu\u00e7 i\u00e7in cilt yenilenmenizi desteklemek ad\u0131na Zahika bak\u0131m rutininizle devam edin.<\/p>\n<p><b>INGREDIENTS:<\/b> AQUA \u00b7 CLAY \u00b7 ROSA DAMASCENA FLOWER POWDER \u00b7 HYALURONIC ACID \u00b7 CENTELLA ASIATICA FLOWER EXTRACT \u00b7<span class=\"Apple-converted-space\">\u00a0 <\/span>LACTUCA SATIVA LEAF EXTRACT \u00b7 COLLAGEN<\/p>\n","protected":false},"excerpt":{"rendered":"<p>Rejuvenating Moss Mask, cildi ar\u0131nd\u0131ran, yat\u0131\u015ft\u0131ran ve an\u0131nda konfor sa\u011flayan zengin bir bak\u0131m sunar.<br \/>\n\u0130lk uygulamadan itibaren kir ve toksinleri uzakla\u015ft\u0131rarak g\u00f6zenek g\u00f6r\u00fcn\u00fcm\u00fcn\u00fc belirgin \u015fekilde azalt\u0131r.<br \/>\nCilt daha p\u00fcr\u00fczs\u00fcz, dengeli ve sa\u011fl\u0131kl\u0131 bir g\u00f6r\u00fcn\u00fcme kavu\u015fur. Yo\u011fun nem deste\u011fiyle cilde eski esnekli\u011fini geri kazand\u0131r\u0131r, yumu\u015fak ve dolgun bir his b\u0131rak\u0131r.<br \/>\nCilt tonu e\u015fitlenir, do\u011fal \u0131\u015f\u0131lt\u0131s\u0131 yeniden ortaya \u00e7\u0131kar. D\u00fczenli kullan\u0131mda cilt daha berrak, canl\u0131 ve yenilenmi\u015f bir g\u00f6r\u00fcn\u00fcm kazan\u0131r.<\/p>\n","protected":false},"featured_media":4846,"template":"","meta":[],"product_brand":[],"product_cat":[179],"product_tag":[],"class_list":{"0":"post-3702","1":"product","2":"type-product","3":"status-publish","4":"has-post-thumbnail","6":"product_cat-maskeler-tonikler","8":"first","9":"instock","10":"shipping-taxable","11":"purchasable","12":"product-type-variable"},"_links":{"self":[{"href":"https:\/\/zahika.com\/tr_tr\/wp-json\/wp\/v2\/product\/3702","targetHints":{"allow":["GET"]}}],"collection":[{"href":"https:\/\/zahika.com\/tr_tr\/wp-json\/wp\/v2\/product"}],"about":[{"href":"https:\/\/zahika.com\/tr_tr\/wp-json\/wp\/v2\/types\/product"}],"wp:featuredmedia":[{"embeddable":true,"href":"https:\/\/zahika.com\/tr_tr\/wp-json\/wp\/v2\/media\/4846"}],"wp:attachment":[{"href":"https:\/\/zahika.com\/tr_tr\/wp-json\/wp\/v2\/media?parent=3702"}],"wp:term":[{"taxonomy":"product_brand","embeddable":true,"href":"https:\/\/zahika.com\/tr_tr\/wp-json\/wp\/v2\/product_brand?post=3702"},{"taxonomy":"product_cat","embeddable":true,"href":"https:\/\/zahika.com\/tr_tr\/wp-json\/wp\/v2\/product_cat?post=3702"},{"taxonomy":"product_tag","embeddable":true,"href":"https:\/\/zahika.com\/tr_tr\/wp-json\/wp\/v2\/product_tag?post=3702"}],"curies":[{"name":"wp","href":"https:\/\/api.w.org\/{rel}","templated":true}]}}