{"id":3698,"date":"2025-06-24T01:12:59","date_gmt":"2025-06-24T01:12:59","guid":{"rendered":"https:\/\/fiyakod.online\/?post_type=product&#038;p=3698"},"modified":"2026-04-01T11:14:54","modified_gmt":"2026-04-01T11:14:54","slug":"rose-micellar","status":"publish","type":"product","link":"https:\/\/zahika.com\/tr_tr\/urun\/rose-micellar","title":{"rendered":"Rose Micellar Water"},"content":{"rendered":"<p><b>G\u00dcL ENERJ\u0130S\u0130YLE NAZ\u0130K ARINMA<\/b><br \/>\nUltra ferah dokusuyla cildi yormadan temizler, tazelik ve konfor sa\u011flar.<\/p>\n<p><b>NAZ\u0130K, ETK\u0130L\u0130 VE DURULAMA GEREKT\u0130RMEYEN TEM\u0130ZL\u0130K<\/b><br \/>\nTek ad\u0131mda makyaj\u0131 \u00e7\u00f6zer, cildi yat\u0131\u015ft\u0131r\u0131r ve bak\u0131m i\u00e7in haz\u0131rlar.<\/p>\n<p>Nas\u0131l kullan\u0131l\u0131r: Rose Micellar Water ile pamuk pedinizi nemlendirin. Y\u00fcz, boyun ve g\u00f6z \u00e7evresine nazik\u00e7e, ovalamadan uygulay\u0131n. Pamuk temiz \u00e7\u0131kana kadar i\u015flemi tekrarlay\u0131n. Durulama gerektirmez.<\/p>\n<p>&nbsp;<\/p>\n<p><b>INGREDIENTS:<\/b> ROSA DAMASCENA FLOWER WATER \u00b7 GLYCERIN \u00b7 AQUA \u00b7 LEUCONOSTOC\/RADISH ROOT FERMENT FILTRATE \u00b7 COCO-GLUCOSIDE \u00b7 LEVULINIC ACID \u00b7 SODIUM LEVULINATE \u00b7 COCAMIDOPROPYL BETAINE \u00b7 SODIUM PHYTATE \u00b7 CITRIC ACID \u00b7 SODIUM HYDROXIDE \u00b7 HELICHRYSUM ITALICUM FLOWER WATER \u00b7 GERANIOL \u00b7 CITRONELLOL \u00b7 CENTELLA ASIATICA FLOWER EXTRACT<\/p>\n","protected":false},"excerpt":{"rendered":"<p>Rose Micellar Water, ultra ferah dokusuyla cilde yumu\u015fakl\u0131k ve rahatl\u0131k hissi kazand\u0131r\u0131r. Sabahlar\u0131 cildi nazik\u00e7e ar\u0131nd\u0131r\u0131r, canland\u0131r\u0131r ve do\u011fal \u0131\u015f\u0131lt\u0131s\u0131n\u0131 ortaya \u00e7\u0131kar\u0131r.<br \/>\nAk\u015famlar\u0131 ise makyaj ve g\u00fcn boyu biriken kirleri etkili \u015fekilde temizleyerek bak\u0131m rutinini tamamlar.<br \/>\nDo\u011fal form\u00fcl\u00fc sayesinde kiri ve suya dayan\u0131kl\u0131 makyaj\u0131 tek ad\u0131mda mikro-em\u00fclsifiye eder. Durulama gerektirmez. Cilt temizlenmi\u015f, yat\u0131\u015fm\u0131\u015f ve bak\u0131ma haz\u0131r hale gelir.<\/p>\n","protected":false},"featured_media":4844,"template":"","meta":[],"product_brand":[],"product_cat":[179],"product_tag":[],"class_list":{"0":"post-3698","1":"product","2":"type-product","3":"status-publish","4":"has-post-thumbnail","6":"product_cat-maskeler-tonikler","8":"first","9":"instock","10":"shipping-taxable","11":"purchasable","12":"product-type-variable"},"_links":{"self":[{"href":"https:\/\/zahika.com\/tr_tr\/wp-json\/wp\/v2\/product\/3698","targetHints":{"allow":["GET"]}}],"collection":[{"href":"https:\/\/zahika.com\/tr_tr\/wp-json\/wp\/v2\/product"}],"about":[{"href":"https:\/\/zahika.com\/tr_tr\/wp-json\/wp\/v2\/types\/product"}],"wp:featuredmedia":[{"embeddable":true,"href":"https:\/\/zahika.com\/tr_tr\/wp-json\/wp\/v2\/media\/4844"}],"wp:attachment":[{"href":"https:\/\/zahika.com\/tr_tr\/wp-json\/wp\/v2\/media?parent=3698"}],"wp:term":[{"taxonomy":"product_brand","embeddable":true,"href":"https:\/\/zahika.com\/tr_tr\/wp-json\/wp\/v2\/product_brand?post=3698"},{"taxonomy":"product_cat","embeddable":true,"href":"https:\/\/zahika.com\/tr_tr\/wp-json\/wp\/v2\/product_cat?post=3698"},{"taxonomy":"product_tag","embeddable":true,"href":"https:\/\/zahika.com\/tr_tr\/wp-json\/wp\/v2\/product_tag?post=3698"}],"curies":[{"name":"wp","href":"https:\/\/api.w.org\/{rel}","templated":true}]}}