{"id":3694,"date":"2025-06-24T01:10:24","date_gmt":"2025-06-24T01:10:24","guid":{"rendered":"https:\/\/fiyakod.online\/?post_type=product&#038;p=3694"},"modified":"2026-03-31T17:38:34","modified_gmt":"2026-03-31T17:38:34","slug":"rose-water","status":"publish","type":"product","link":"https:\/\/zahika.com\/tr_tr\/urun\/rose-water","title":{"rendered":"Rose Water"},"content":{"rendered":"<p><b>DO\u011eAL DENGE &amp; CANLILIK<\/b><br \/>\nG\u00fcl suyunun ar\u0131nd\u0131r\u0131c\u0131 g\u00fcc\u00fcyle cilt daha enerjik, canl\u0131 ve berrak bir g\u00f6r\u00fcn\u00fcme kavu\u015fur.<\/p>\n<p><b>I\u015eILDAYAN, NEM DENGES\u0130 SA\u011eLANMI\u015e C\u0130LT<\/b><br \/>\nCildin pH\u2019\u0131n\u0131 dengeleyerek yo\u011fun nem sa\u011flayan bu bak\u0131m, sa\u011fl\u0131kl\u0131 ve ayd\u0131nl\u0131k bir g\u00f6r\u00fcn\u00fcm sunar.<\/p>\n<p>Nas\u0131l kullan\u0131l\u0131r: Sabah ve ak\u015fam, cildinizi temizledikten sonra g\u00fcl suyunu y\u00fcz\u00fcn\u00fcze p\u00fcsk\u00fcrt\u00fcn. Ard\u0131ndan y\u00fcz ve al\u0131n b\u00f6lgesine nazik\u00e7e masaj yaparak cilde yedirin. G\u00fcn i\u00e7inde cildinizin tazelenmeye ihtiya\u00e7 duydu\u011fu her an rahatl\u0131kla kullanabilirsiniz.<span class=\"Apple-converted-space\">\u00a0<\/span><\/p>\n<p><b>INGREDIENTS:<\/b>\u00a0ROSA DAMASCENA FLOWER WATER.<\/p>\n","protected":false},"excerpt":{"rendered":"<p>Zahika Tam G\u00fcl Suyu, do\u011fal anti-aging etkileriyle cilde gen\u00e7 ve canl\u0131 bir g\u00f6r\u00fcn\u00fcm kazand\u0131r\u0131r. Derinlemesine nemlendirir, yumu\u015fat\u0131r ve do\u011fal pH dengesini yeniden kurarak cilt sa\u011fl\u0131\u011f\u0131n\u0131 destekler.<\/p>\n<p>Nazik yap\u0131s\u0131yla cildi ar\u0131nd\u0131r\u0131r, yat\u0131\u015ft\u0131r\u0131r ve do\u011fal \u0131\u015f\u0131lt\u0131s\u0131n\u0131 ortaya \u00e7\u0131kar\u0131r. Son derece etkili ve pratik uygulamas\u0131 sayesinde, g\u00fcn\u00fcn her an\u0131nda cilde ferahl\u0131k kazand\u0131r\u0131r.<\/p>\n<p>K\u0131sa bir g\u00fczellik molas\u0131yla cildi tazeler, d\u0131\u015f etkenlere kar\u015f\u0131 korur ve \u0131\u015f\u0131ldayan bir g\u00f6r\u00fcn\u00fcm sunar. Canlanm\u0131\u015f, dengelenmi\u015f ve enerji kazanm\u0131\u015f cilt, g\u00fcnl\u00fck ya\u015fama haz\u0131r hale gelir.<\/p>\n","protected":false},"featured_media":4843,"template":"","meta":[],"product_brand":[],"product_cat":[178],"product_tag":[],"class_list":{"0":"post-3694","1":"product","2":"type-product","3":"status-publish","4":"has-post-thumbnail","6":"product_cat-canlandirici","8":"first","9":"instock","10":"shipping-taxable","11":"purchasable","12":"product-type-variable"},"_links":{"self":[{"href":"https:\/\/zahika.com\/tr_tr\/wp-json\/wp\/v2\/product\/3694","targetHints":{"allow":["GET"]}}],"collection":[{"href":"https:\/\/zahika.com\/tr_tr\/wp-json\/wp\/v2\/product"}],"about":[{"href":"https:\/\/zahika.com\/tr_tr\/wp-json\/wp\/v2\/types\/product"}],"wp:featuredmedia":[{"embeddable":true,"href":"https:\/\/zahika.com\/tr_tr\/wp-json\/wp\/v2\/media\/4843"}],"wp:attachment":[{"href":"https:\/\/zahika.com\/tr_tr\/wp-json\/wp\/v2\/media?parent=3694"}],"wp:term":[{"taxonomy":"product_brand","embeddable":true,"href":"https:\/\/zahika.com\/tr_tr\/wp-json\/wp\/v2\/product_brand?post=3694"},{"taxonomy":"product_cat","embeddable":true,"href":"https:\/\/zahika.com\/tr_tr\/wp-json\/wp\/v2\/product_cat?post=3694"},{"taxonomy":"product_tag","embeddable":true,"href":"https:\/\/zahika.com\/tr_tr\/wp-json\/wp\/v2\/product_tag?post=3694"}],"curies":[{"name":"wp","href":"https:\/\/api.w.org\/{rel}","templated":true}]}}