{"id":3689,"date":"2025-06-24T01:07:55","date_gmt":"2025-06-24T01:07:55","guid":{"rendered":"https:\/\/fiyakod.online\/?post_type=product&#038;p=3689"},"modified":"2026-04-01T23:42:09","modified_gmt":"2026-04-01T23:42:09","slug":"the-renewing-mist","status":"publish","type":"product","link":"https:\/\/zahika.com\/tr_tr\/urun\/the-renewing-mist","title":{"rendered":"The Renewing Mist"},"content":{"rendered":"<p><b>C\u0130LD\u0130N I\u015eILTISINI ORTAYA \u00c7IKARIR<\/b><br \/>\nG\u00fcl suyu, deniz yosunu \u00f6z\u00fc ve kolajen ile zenginle\u015ftirilen The Renewing Mist, ince molek\u00fcler yap\u0131s\u0131yla cilt taraf\u0131ndan h\u0131zla emilir. Cilt dokusunu yeniler, \u0131\u015f\u0131lt\u0131s\u0131n\u0131 geri kazand\u0131r\u0131r ve canland\u0131r\u0131c\u0131 etkisini an\u0131nda g\u00f6sterir.<\/p>\n<p><b>I\u015eILTILI CANLILIK, E\u015e\u0130T TON, G\u00dcN BOYU TAZEL\u0130K<\/b><br \/>\nCildin ihtiyac\u0131 olan enerjiyi ve nemi sa\u011flayarak daha sa\u011fl\u0131kl\u0131, parlak ve dengeli bir g\u00f6r\u00fcn\u00fcm sunar.<\/p>\n<p><b>G\u00dcN BOYU YEN\u0130L\u0130K H\u0130SS\u0130<\/b><br \/>\nCilt tonunu e\u015fitleyen, do\u011fal \u0131\u015f\u0131lt\u0131s\u0131n\u0131 art\u0131ran ve gen\u00e7li\u011fini koruyan etkili bak\u0131m spreyi; her kullan\u0131mda taze, canl\u0131 ve dinlenmi\u015f bir g\u00f6r\u00fcn\u00fcm sa\u011flar.<\/p>\n<p>Nas\u0131l kullan\u0131l\u0131r:<span class=\"Apple-converted-space\">\u00a0<\/span>Sabah ve ak\u015fam, cildinizi temizledikten sonra G\u00f6zler kapal\u0131yken do\u011frudan y\u00fcz\u00fcn\u00fcze p\u00fcsk\u00fcrt\u00fcn. Boyun ve y\u00fcze do\u011fru yukar\u0131 hareketlerle nazik\u00e7e yay\u0131n ya da cilde bast\u0131rarak uygulay\u0131n. Uygulama s\u0131ras\u0131nda hafif ve ge\u00e7ici bir kar\u0131ncalanma hissi olu\u015fabilir. En iyi sonu\u00e7 i\u00e7in ard\u0131ndan Zahika bak\u0131m rutininizde yer alan yenileyici kremleri kullan\u0131n.<\/p>\n<p>&nbsp;<\/p>\n<p><b>INGREDIENTS:<\/b> ROSA DAMASCENA FLOWER WATER \u00b7 HYALURONIC ACID \u00b7 CENTELLA ASIATICA FLOWER EXTRACT \u00b7 PHENOXYETHANOL \u00b7 LAVANDULA ANGUSTIFOLIA FLOWER WATER \u00b7 PALMITOYL TETRAPEPTIDE-7 \u00b7 ULVA LACTUCA EXTRACT \u00b7 HELICHRYSUM ITALICUM EXTRACT \u00b7 ACETYL HEXAPEPTIDE-8<span class=\"Apple-converted-space\">\u00a0<\/span><\/p>\n","protected":false},"excerpt":{"rendered":"<p>G\u00fcl ve deniz yosunu \u00f6zleriyle zenginle\u015ftirilen \u00f6zel i\u00e7erik, cilde ilk dokunu\u015fta ferahl\u0131k ve canl\u0131l\u0131k kazand\u0131r\u0131r. Yenileyici etkisiyle enerji ve tazelik hissini an\u0131nda hissettiren form\u00fcl, ince molek\u00fcler yap\u0131s\u0131 sayesinde aktif bile\u015fenlerin h\u0131zla n\u00fcfuz etmesini sa\u011flar. Cildin do\u011fal yenilenme d\u00f6ng\u00fcs\u00fcn\u00fc destekleyerek g\u00fcn boyu s\u00fcren bir \u0131\u015f\u0131lt\u0131 sunar.<\/p>\n","protected":false},"featured_media":4842,"template":"","meta":[],"product_brand":[],"product_cat":[178],"product_tag":[],"class_list":{"0":"post-3689","1":"product","2":"type-product","3":"status-publish","4":"has-post-thumbnail","6":"product_cat-canlandirici","8":"first","9":"instock","10":"shipping-taxable","11":"purchasable","12":"product-type-variable"},"_links":{"self":[{"href":"https:\/\/zahika.com\/tr_tr\/wp-json\/wp\/v2\/product\/3689","targetHints":{"allow":["GET"]}}],"collection":[{"href":"https:\/\/zahika.com\/tr_tr\/wp-json\/wp\/v2\/product"}],"about":[{"href":"https:\/\/zahika.com\/tr_tr\/wp-json\/wp\/v2\/types\/product"}],"wp:featuredmedia":[{"embeddable":true,"href":"https:\/\/zahika.com\/tr_tr\/wp-json\/wp\/v2\/media\/4842"}],"wp:attachment":[{"href":"https:\/\/zahika.com\/tr_tr\/wp-json\/wp\/v2\/media?parent=3689"}],"wp:term":[{"taxonomy":"product_brand","embeddable":true,"href":"https:\/\/zahika.com\/tr_tr\/wp-json\/wp\/v2\/product_brand?post=3689"},{"taxonomy":"product_cat","embeddable":true,"href":"https:\/\/zahika.com\/tr_tr\/wp-json\/wp\/v2\/product_cat?post=3689"},{"taxonomy":"product_tag","embeddable":true,"href":"https:\/\/zahika.com\/tr_tr\/wp-json\/wp\/v2\/product_tag?post=3689"}],"curies":[{"name":"wp","href":"https:\/\/api.w.org\/{rel}","templated":true}]}}