{"id":3684,"date":"2025-06-24T01:02:44","date_gmt":"2025-06-24T01:02:44","guid":{"rendered":"https:\/\/fiyakod.online\/?post_type=product&#038;p=3684"},"modified":"2026-03-31T17:29:30","modified_gmt":"2026-03-31T17:29:30","slug":"cream-zahika","status":"publish","type":"product","link":"https:\/\/zahika.com\/tr_tr\/urun\/cream-zahika","title":{"rendered":"Revitalizing Rose"},"content":{"rendered":"<p>Damask g\u00fcl\u00fc ve \u00f6lmez \u00e7i\u00e7ek \u00f6zleriyle cildi yat\u0131\u015ft\u0131r\u0131r, dengeler ve stresten ar\u0131nd\u0131r\u0131r.<\/p>\n<p>Infusion Complex\u2122 ile cilde yo\u011fun nem, s\u0131k\u0131l\u0131k ve p\u00fcr\u00fczs\u00fczl\u00fck kazand\u0131r\u0131r.<\/p>\n<p>Hafif dokusuyla h\u0131zla emilir, ciltle b\u00fct\u00fcnle\u015fir ve zamanla \u0131\u015f\u0131lt\u0131s\u0131n\u0131 geri kazand\u0131r\u0131r.<\/p>\n<p>Nas\u0131l kullan\u0131l\u0131r: Az miktarda \u00fcr\u00fcn\u00fc parmak u\u00e7lar\u0131n\u0131z aras\u0131nda hafif\u00e7e \u0131s\u0131t\u0131n, ard\u0131ndan sabah ve ak\u015fam temizlenmi\u015f cilde nazik\u00e7e bast\u0131rarak uygulay\u0131n. \u00d6zellikle yenilenmeye ihtiya\u00e7 duyan b\u00f6lgelere odaklanarak yedirin. Cilt \u00fcr\u00fcn\u00fc tamamen emene kadar uygulamay\u0131 tekrarlay\u0131n.<\/p>\n<p data-start=\"171\" data-end=\"850\">INGREDIENTS: OLEA EUROPAEA OIL \u00b7 PERSEA GRATISSIMA OIL \u00b7 SIMMONDSIA CHINENSIS SEED OIL \u00b7 CALENDULA OFFICINALIS FLOWER OIL \u00b7 PRUNUS ARMENIACA KERNEL OIL \u00b7 PUNICA GRANATUM SEED OIL \u00b7 ROSA CANINA SEED OIL \u00b7 TOCOPHERYL ACETATE \u00b7 HELICHRYSUM ITALICUM FLOWER OIL \u00b7 SALVIA HISPANICA SEED OIL \u00b7 GLYCERIN \u00b7 FUCUS VESICULOSUS EXTRACT \u00b7 PALMITOYL TRIPEPTIDE-1 \u00b7 PENTAERYTHRITYL TETRAISOSTEARATE \u00b7 CAPRYLIC\/CAPRIC TRIGLYCERIDE \u00b7 STEARALKONIUM HECTORITE \u00b7 PROPYLENE CARBONATE \u00b7 ACETYL HEXAPEPTIDE-8 \u00b7 PALMITOYL TETRAPEPTIDE-7 \u00b7 ROSA DAMASCENA FLOWER WATER \u00b7 POTASSIUM SORBATE \u00b7 HYDROXYETHYLCELLULOSE \u00b7 ROSA DAMASCENA FLOWER OIL \u00b7 COLLAGEN \u00b7 SQUALANE \u00b7 ACETYL TETRAPEPTIDE-2 \u00b7 INFUSION COMPLEX<\/p>\n","protected":false},"excerpt":{"rendered":"<p>Damask g\u00fcl\u00fc ve \u00f6lmez \u00e7i\u00e7ek \u00f6zleri, cildi stresten ar\u0131nd\u0131r\u0131r, yat\u0131\u015ft\u0131r\u0131r ve do\u011fal dengesine kavu\u015fturur. Cilt hassasiyetini azaltmaya, onar\u0131m\u0131 desteklemeye ve yap\u0131s\u0131n\u0131 g\u00fc\u00e7lendirmeye yard\u0131mc\u0131 olur.<br \/>\nInfusion Complex\u2122 ile derinlemesine nem sa\u011flarken, cildin s\u0131k\u0131 ve p\u00fcr\u00fczs\u00fcz bir g\u00f6r\u00fcn\u00fcm kazanmas\u0131na katk\u0131da bulunur.<br \/>\nHafif dokusu h\u0131zla emilir, ciltle b\u00fct\u00fcnle\u015fir. D\u00fczenli kullan\u0131mda cilt dokusu g\u00f6zle g\u00f6r\u00fcl\u00fcr \u015fekilde iyile\u015fir, do\u011fal \u0131\u015f\u0131lt\u0131s\u0131 ortaya \u00e7\u0131kar.<\/p>\n","protected":false},"featured_media":4840,"template":"","meta":[],"product_brand":[],"product_cat":[177],"product_tag":[],"class_list":{"0":"post-3684","1":"product","2":"type-product","3":"status-publish","4":"has-post-thumbnail","6":"product_cat-kremler","8":"first","9":"instock","10":"shipping-taxable","11":"purchasable","12":"product-type-variable"},"_links":{"self":[{"href":"https:\/\/zahika.com\/tr_tr\/wp-json\/wp\/v2\/product\/3684","targetHints":{"allow":["GET"]}}],"collection":[{"href":"https:\/\/zahika.com\/tr_tr\/wp-json\/wp\/v2\/product"}],"about":[{"href":"https:\/\/zahika.com\/tr_tr\/wp-json\/wp\/v2\/types\/product"}],"wp:featuredmedia":[{"embeddable":true,"href":"https:\/\/zahika.com\/tr_tr\/wp-json\/wp\/v2\/media\/4840"}],"wp:attachment":[{"href":"https:\/\/zahika.com\/tr_tr\/wp-json\/wp\/v2\/media?parent=3684"}],"wp:term":[{"taxonomy":"product_brand","embeddable":true,"href":"https:\/\/zahika.com\/tr_tr\/wp-json\/wp\/v2\/product_brand?post=3684"},{"taxonomy":"product_cat","embeddable":true,"href":"https:\/\/zahika.com\/tr_tr\/wp-json\/wp\/v2\/product_cat?post=3684"},{"taxonomy":"product_tag","embeddable":true,"href":"https:\/\/zahika.com\/tr_tr\/wp-json\/wp\/v2\/product_tag?post=3684"}],"curies":[{"name":"wp","href":"https:\/\/api.w.org\/{rel}","templated":true}]}}