{"id":3679,"date":"2025-06-24T01:00:03","date_gmt":"2025-06-24T01:00:03","guid":{"rendered":"https:\/\/fiyakod.online\/?post_type=product&#038;p=3679"},"modified":"2026-03-31T07:14:40","modified_gmt":"2026-03-31T07:14:40","slug":"the-nigth-regenation","status":"publish","type":"product","link":"https:\/\/zahika.com\/tr_tr\/urun\/the-nigth-regenation","title":{"rendered":"Youth Nectar"},"content":{"rendered":"<p><b>C\u0130LD\u0130N\u0130ZDE YEN\u0130LEY\u0130C\u0130 D\u00d6N\u00dc\u015e\u00dcM<\/b><br \/>\nDerinlemesine besleyici ve onar\u0131c\u0131 etkiyle cilt dokusunu canland\u0131r\u0131r, gen\u00e7li\u011fini yeniden kazand\u0131r\u0131r.<\/p>\n<p><b>YA\u015eLANMA BEL\u0130RT\u0130LER\u0130NE KAR\u015eI YEN\u0130LENMEY\u0130 S\u00dcRD\u00dcR\u00dcN<\/b><br \/>\nKonsantre aktiflerle zenginle\u015ftirilmi\u015f yap\u0131, ya\u015flanma izlerine kar\u015f\u0131 g\u00f6zle g\u00f6r\u00fcl\u00fcr yenilenme sa\u011flar.<\/p>\n<p><b>GECE BOYUNCA DER\u0130N YEN\u0130LENME<\/b><br \/>\n\u00c7evresel stresin ve ya\u015flanma etkilerinin izlerini azalt\u0131rken, cilde gece boyunca yo\u011fun bak\u0131m sunar. \u0130lk sabahdan itibaren cilt daha p\u00fcr\u00fczs\u00fcz, \u0131\u015f\u0131lt\u0131l\u0131 ve tazelenmi\u015f g\u00f6r\u00fcn\u00fcr.<\/p>\n<p>Nas\u0131l kullan\u0131l\u0131r: Sabah ve ak\u015fam olmak \u00fczere yanaklara, al\u0131n, \u00e7ene, \u00e7ene hatt\u0131 ve boyun b\u00f6lgesine nazik ve yukar\u0131 y\u00f6nl\u00fc hareketlerle uygulay\u0131n. Gece kullan\u0131m\u0131 i\u00e7in idealdir.<\/p>\n<p>&nbsp;<\/p>\n<p data-start=\"295\" data-end=\"1333\">INGREDIENTS: AQUA \u00b7 CAPRYLIC\/CAPRIC TRIGLYCERIDE \u00b7 CETYL ALCOHOL \u00b7 CETEARYL ALCOHOL \u00b7 GLYCERYL STEARATE \u00b7 PEG-100 STEARATE \u00b7 SQUALANE \u00b7 ORYZA SATIVA (RICE) BRAN OIL \u00b7 PUNICA GRANATUM SEED OIL \u00b7 ROSA CANINA SEED OIL \u00b7 PRUNUS AVIUM SEED OIL \u00b7 SALVIA HISPANICA SEED OIL \u00b7 SESAMUM INDICUM SEED OIL \u00b7 PRUNUS ARMENIACA KERNEL OIL \u00b7 TRITICUM VULGARE (WHEAT) GERM OIL \u00b7 CARTHAMUS TINCTORIUS SEED OIL \u00b7 BORAGO OFFICINALIS SEED OIL \u00b7 HELICHRYSUM ITALICUM FLOWER OIL \u00b7 CITRUS SINENSIS PEEL OIL \u00b7 FAGUS SYLVATICA BARK EXTRACT \u00b7 CALENDULA OFFICINALIS FLOWER EXTRACT \u00b7 SHILAJIT EXTRACT \u00b7 ULVA LACTUCA EXTRACT \u00b7 CENTELLA ASIATICA FLOWER EXTRACT \u00b7 SWERTIA CHIRATA EXTRACT \u00b7 ACETYL HEXAPEPTIDE-8 \u00b7 ACETYL HEXAPEPTIDE-7 \u00b7 PALMITOYL TRIPEPTIDE-1 \u00b7 COLLAGEN \u00b7 ROSA DAMASCENA FLOWER OIL \u00b7 LAVANDULA ANGUSTIFOLIA OIL \u00b7 TOCOPHEROL \u00b7 PHENOXYETHANOL \u00b7 ETHYLHEXYLGLYCERIN \u00b7 ROSA DAMASCENA FLOWER WATER \u00b7 TOCOPHERYL ACETATE \u00b7 ACETYL TETRAPEPTIDE-2 \u00b7 HELICHRYSUM ITALICUM FLOWER WATER \u00b7 COFFEA ARABICA SEED EXTRACT \u00b7 CAMELLIA SINENSIS LEAF EXTRACT \u00b7 INFUSION COMPLEX<\/p>\n","protected":false},"excerpt":{"rendered":"<p>Cilt yenileyici Infusion Complex\u2122 ve g\u00fc\u00e7l\u00fc antioksidan etkili g\u00fcl ya\u011f\u0131yla zenginle\u015ftirilmi\u015f yo\u011fun form\u00fcl, cilde derinlemesine nem, do\u011fal onar\u0131m enerjisi ve g\u00fcnl\u00fck koruma sa\u011flar.<br \/>\n\u0130lk dokunu\u015fta ciltteki hassasiyetler g\u00f6zle g\u00f6r\u00fcl\u00fcr \u015fekilde yat\u0131\u015f\u0131r, kuruluk an\u0131nda giderilir. D\u00fczenli kullan\u0131mda cilt daha d\u00fczg\u00fcn, daha p\u00fcr\u00fczs\u00fcz bir yap\u0131ya kavu\u015fur; ince \u00e7izgiler ve k\u0131r\u0131\u015f\u0131kl\u0131klar\u0131n g\u00f6r\u00fcn\u00fcm\u00fc belirgin \u015fekilde azal\u0131r. Zamanla izler onar\u0131l\u0131r, cilt yenilenir ve gen\u00e7le\u015fmi\u015f, ayd\u0131nl\u0131k bir g\u00f6r\u00fcn\u00fcme ula\u015f\u0131r.<\/p>\n","protected":false},"featured_media":4839,"template":"","meta":[],"product_brand":[],"product_cat":[177],"product_tag":[],"class_list":{"0":"post-3679","1":"product","2":"type-product","3":"status-publish","4":"has-post-thumbnail","6":"product_cat-kremler","8":"first","9":"instock","10":"shipping-taxable","11":"purchasable","12":"product-type-variable"},"_links":{"self":[{"href":"https:\/\/zahika.com\/tr_tr\/wp-json\/wp\/v2\/product\/3679","targetHints":{"allow":["GET"]}}],"collection":[{"href":"https:\/\/zahika.com\/tr_tr\/wp-json\/wp\/v2\/product"}],"about":[{"href":"https:\/\/zahika.com\/tr_tr\/wp-json\/wp\/v2\/types\/product"}],"wp:featuredmedia":[{"embeddable":true,"href":"https:\/\/zahika.com\/tr_tr\/wp-json\/wp\/v2\/media\/4839"}],"wp:attachment":[{"href":"https:\/\/zahika.com\/tr_tr\/wp-json\/wp\/v2\/media?parent=3679"}],"wp:term":[{"taxonomy":"product_brand","embeddable":true,"href":"https:\/\/zahika.com\/tr_tr\/wp-json\/wp\/v2\/product_brand?post=3679"},{"taxonomy":"product_cat","embeddable":true,"href":"https:\/\/zahika.com\/tr_tr\/wp-json\/wp\/v2\/product_cat?post=3679"},{"taxonomy":"product_tag","embeddable":true,"href":"https:\/\/zahika.com\/tr_tr\/wp-json\/wp\/v2\/product_tag?post=3679"}],"curies":[{"name":"wp","href":"https:\/\/api.w.org\/{rel}","templated":true}]}}