{"id":3672,"date":"2025-06-24T00:56:37","date_gmt":"2025-06-24T00:56:37","guid":{"rendered":"https:\/\/fiyakod.online\/?post_type=product&#038;p=3672"},"modified":"2026-03-31T10:02:36","modified_gmt":"2026-03-31T10:02:36","slug":"supreme-cream","status":"publish","type":"product","link":"https:\/\/zahika.com\/tr_tr\/urun\/supreme-cream","title":{"rendered":"Supreme Cream"},"content":{"rendered":"<p>G\u00d6Z \u00c7EVRES\u0130NDEK\u0130 YA\u015eLANMA BEL\u0130RT\u0130LER\u0130NE KAR\u015eI \u00c7OK Y\u00d6NL\u00dc BAKIM<\/p>\n<p>Cilt taraf\u0131ndan h\u0131zla emilen, ya\u015flanma etkilerini tersine \u00e7evirmeye yard\u0131mc\u0131 g\u00fc\u00e7l\u00fc onar\u0131c\u0131 i\u00e7eriklerle yat\u0131\u015ft\u0131r\u0131c\u0131 ve yo\u011fun nem sa\u011flar. Yenileyici g\u00fcc\u00fcyle g\u00f6z \u00e7evresindeki hasarlara kar\u015f\u0131 kapsaml\u0131 koruma sunar.<\/p>\n<p>Nas\u0131l kullan\u0131l\u0131r: G\u00fcnde iki kez, y\u00fcz\u00fck parma\u011f\u0131n\u0131zla g\u00f6z \u00e7evresi ve mimik \u00e7izgilerine k\u00fc\u00e7\u00fck bir miktar \u00fcr\u00fcn nazik\u00e7e uygulay\u0131n. Mikro dola\u015f\u0131m\u0131 art\u0131rmak ve etkiyi g\u00fc\u00e7lendirmek i\u00e7in masaj aplikat\u00f6r\u00fcn\u00fc kullanabilirsiniz.<span class=\"Apple-converted-space\">\u00a0<\/span><\/p>\n<p>&nbsp;<\/p>\n<p data-start=\"210\" data-end=\"1078\">INGREDIENTS: SIMMONDSIA CHINENSIS SEED OIL \u00b7 PERSEA GRATISSIMA OIL \u00b7 TRITICUM VULGARE GERM OIL \u00b7 VITIS VINIFERA SEED OIL \u00b7 CALENDULA OFFICINALIS FLOWER OIL \u00b7 ROSA CANINA SEED OIL \u00b7 PUNICA GRANATUM SEED OIL \u00b7 GLYCERYL STEARATE \u00b7 PEG-100 STEARATE \u00b7 CARTHAMUS TINCTORIUS SEED OIL \u00b7 AESCULUS HIPPOCASTANUM EXTRACT \u00b7 PRUNUS ARMENIACA KERNEL OIL \u00b7 SALVIA HISPANICA SEED OIL \u00b7 OLEA EUROPAEA OIL \u00b7 LACTUCA SATIVA LEAF EXTRACT \u00b7 SPIRULINA PLATENSIS EXTRACT \u00b7 PALMITOYL PENTAPEPTIDE-4 \u00b7 PALMITOYL TRIPEPTIDE-1 \u00b7 PALMITOYL TETRAPEPTIDE-7 \u00b7 CANNABIS SATIVA SEED EXTRACT \u00b7 TOCOPHERYL ACETATE \u00b7 HELICHRYSUM ITALICUM FLOWER OIL \u00b7 CITRUS LIMON PEEL OIL \u00b7 LAVANDULA ANGUSTIFOLIA FLOWER OIL \u00b7 HYPERICUM PERFORATUM OIL \u00b7 CENTELLA ASIATICA EXTRACT \u00b7 ROSA DAMASCENA FLOWER OIL \u00b7 TRIFLUOROACETYL TRIPEPTIDE-2 \u00b7 TETRAHEXYLDECYL ASCORBATE \u00b7 SQUALANE \u00b7 ACETYL TETRAPEPTIDE-2 \u00b7 INFUSION COMPLEX<\/p>\n","protected":false},"excerpt":{"rendered":"<p>Zengin ve ipeksi dokusu, zaman\u0131n izlerini neredeyse tamamen siler. H\u0131zla emilen rahatlat\u0131c\u0131 yap\u0131s\u0131yla ince \u00e7izgi ve koyu halkalar\u0131n g\u00f6r\u00fcn\u00fcm\u00fcn\u00fc belirgin \u015fekilde azalt\u0131r; g\u00f6z \u00e7evresini daha canl\u0131, \u015fi\u015fkinlikten ar\u0131nm\u0131\u015f ve kalk\u0131k bir hale getirir. Yorgunluk belirtilerini hafifletir, g\u00f6z \u00e7evresini p\u00fcr\u00fczs\u00fczle\u015ftirir ve gen\u00e7 bir g\u00f6r\u00fcn\u00fcm kazand\u0131r\u0131r. Yo\u011fun nemlendirmesiyle cilt an\u0131nda taze ve sa\u011fl\u0131kl\u0131 bir \u0131\u015f\u0131lt\u0131ya kavu\u015fur.<\/p>\n","protected":false},"featured_media":4838,"template":"","meta":[],"product_brand":[],"product_cat":[177],"product_tag":[],"class_list":{"0":"post-3672","1":"product","2":"type-product","3":"status-publish","4":"has-post-thumbnail","6":"product_cat-kremler","8":"first","9":"instock","10":"shipping-taxable","11":"purchasable","12":"product-type-variable"},"_links":{"self":[{"href":"https:\/\/zahika.com\/tr_tr\/wp-json\/wp\/v2\/product\/3672","targetHints":{"allow":["GET"]}}],"collection":[{"href":"https:\/\/zahika.com\/tr_tr\/wp-json\/wp\/v2\/product"}],"about":[{"href":"https:\/\/zahika.com\/tr_tr\/wp-json\/wp\/v2\/types\/product"}],"wp:featuredmedia":[{"embeddable":true,"href":"https:\/\/zahika.com\/tr_tr\/wp-json\/wp\/v2\/media\/4838"}],"wp:attachment":[{"href":"https:\/\/zahika.com\/tr_tr\/wp-json\/wp\/v2\/media?parent=3672"}],"wp:term":[{"taxonomy":"product_brand","embeddable":true,"href":"https:\/\/zahika.com\/tr_tr\/wp-json\/wp\/v2\/product_brand?post=3672"},{"taxonomy":"product_cat","embeddable":true,"href":"https:\/\/zahika.com\/tr_tr\/wp-json\/wp\/v2\/product_cat?post=3672"},{"taxonomy":"product_tag","embeddable":true,"href":"https:\/\/zahika.com\/tr_tr\/wp-json\/wp\/v2\/product_tag?post=3672"}],"curies":[{"name":"wp","href":"https:\/\/api.w.org\/{rel}","templated":true}]}}