{"id":3667,"date":"2025-06-24T00:53:14","date_gmt":"2025-06-24T00:53:14","guid":{"rendered":"https:\/\/fiyakod.online\/?post_type=product&#038;p=3667"},"modified":"2026-03-30T22:11:11","modified_gmt":"2026-03-30T22:11:11","slug":"lumiere-cream","status":"publish","type":"product","link":"https:\/\/zahika.com\/tr_tr\/urun\/lumiere-cream","title":{"rendered":"Lumiere Cream"},"content":{"rendered":"<p><b>I\u015eILTIYI \u0130LK TEMASTA H\u0130SSET<\/b><br \/>\nNem kayb\u0131 ya\u015fayan cildi an\u0131nda canland\u0131r\u0131r, \u00e7izgi ve k\u0131r\u0131\u015f\u0131kl\u0131klar\u0131n g\u00f6r\u00fcn\u00fcm\u00fcn\u00fc azaltarak yenilenme s\u00fcrecini h\u0131zland\u0131r\u0131r.<\/p>\n<p><b>GEN\u00c7 G\u00d6R\u00dcN\u00dcM VE CANLI DOKU<\/b><br \/>\nInfusion Complex\u2122 ile form\u00fcle edilen bu yap\u0131, cilde dolgunluk, s\u0131k\u0131l\u0131k ve yenilenmi\u015f bir g\u00f6r\u00fcn\u00fcm kazand\u0131r\u0131r.<\/p>\n<p><b>I\u015eILTILI VE P\u00dcR\u00dcZS\u00dcZ C\u0130LT<\/b><br \/>\nG\u00fc\u00e7l\u00fc aktif bile\u015fenler sayesinde cilt her ge\u00e7en g\u00fcn daha parlak, daha p\u00fcr\u00fczs\u00fcz ve daha canl\u0131 bir g\u00f6r\u00fcn\u00fcm al\u0131r.<\/p>\n<p>Nas\u0131l kullan\u0131l\u0131r: Nohut b\u00fcy\u00fckl\u00fc\u011f\u00fcnde \u00fcr\u00fcn\u00fc al\u0131n, parmak u\u00e7lar\u0131n\u0131z aras\u0131nda hafif\u00e7e \u0131s\u0131t\u0131n. Sabah ve ak\u015fam cildinize nazik\u00e7e bast\u0131rarak uygulay\u0131n.<\/p>\n<p data-start=\"225\" data-end=\"1355\">INGREDIENTS: ALOE BARBADENSIS LEAF EXTRACT \u00b7 SIMMONDSIA CHINENSIS SEED OIL \u00b7 VITIS VINIFERA SEED OIL \u00b7 PRUNUS ARMENIACA KERNEL OIL \u00b7 PUNICA GRANATUM SEED OIL \u00b7 ROSA CANINA SEED OIL \u00b7 TRITICUM VULGARE GERM OIL \u00b7 CETYL ALCOHOL \u00b7 CETEARYL ALCOHOL \u00b7 GLYCERYL STEARATE \u00b7 PEG-100 STEARATE \u00b7 GLYCERIN \u00b7 CAPRYLIC\/CAPRIC TRIGLYCERIDE \u00b7 ORYZA SATIVA BRAN OIL \u00b7 PERSEA GRATISSIMA OIL \u00b7 AESCULUS HIPPOCASTANUM EXTRACT \u00b7 ARGANIA SPINOSA KERNEL OIL \u00b7 FUCUS VESICULOSUS EXTRACT \u00b7 ROSMARINUS OFFICINALIS LEAF OIL \u00b7 JUGLANS REGIA SEED OIL \u00b7 SESAMUM INDICUM OIL \u00b7 SALVIA HISPANICA SEED OIL \u00b7 PRUNUS AMYGDALUS AMARA KERNEL OIL \u00b7 LINUM USITATISSIMUM SEED OIL \u00b7 CALENDULA OFFICINALIS FLOWER OIL \u00b7 CARTHAMUS TINCTORIUS SEED OIL \u00b7 OLEA EUROPAEA OIL \u00b7 LACTUCA SATIVA LEAF EXTRACT \u00b7 SPIRULINA PLATENSIS EXTRACT \u00b7 HELICHRYSUM ITALICUM FLOWER OIL \u00b7 CITRUS LIMON PEEL OIL \u00b7 ROSA DAMASCENA FLOWER OIL \u00b7 CANNABIS SATIVA SEED EXTRACT \u00b7 LAVANDULA ANGUSTIFOLIA FLOWER OIL \u00b7 TOCOPHERYL ACETATE \u00b7 PALMITOYL PENTAPEPTIDE-4 \u00b7 PALMITOYL TRIPEPTIDE-1 \u00b7 PALMITOYL TETRAPEPTIDE-7 \u00b7 PALMITOYL HEXAPEPTIDE-12 \u00b7 COLLAGEN \u00b7 SQUALANE \u00b7 ACETYL TETRAPEPTIDE-2 \u00b7 INFUSION COMPLEX<\/p>\n","protected":false},"excerpt":{"rendered":"<p>Cilt yenileyici Infusion Complex\u2122 ile g\u00fc\u00e7lendirilen hafif em\u00fclsiyon, cildi g\u00fcn boyu yo\u011fun nemle besleyerek yeniler, g\u00fc\u00e7 kazand\u0131r\u0131r ve dengesini korur.<br \/>\nAk\u0131\u015fkan ve h\u0131zl\u0131 emilen yap\u0131s\u0131, cilde zahmetsizce yay\u0131l\u0131r; yaln\u0131zca nemlenmi\u015f, s\u0131k\u0131la\u015fm\u0131\u015f ve sa\u011fl\u0131kl\u0131 bir \u0131\u015f\u0131lt\u0131yla parlayan bir g\u00f6r\u00fcn\u00fcm b\u0131rak\u0131r.<br \/>\nD\u00fczenli kullan\u0131mda cilt dokusu p\u00fcr\u00fczs\u00fczle\u015fir, ton e\u015fitsizlikleri azal\u0131r ve koyu lekelerin g\u00f6r\u00fcn\u00fcm\u00fcnde g\u00f6zle g\u00f6r\u00fcl\u00fcr bir azalma sa\u011flan\u0131r.<br \/>\nCilt, do\u011fal parlakl\u0131\u011f\u0131n\u0131 geri kazanarak \u0131\u015f\u0131\u011f\u0131 daha g\u00fc\u00e7l\u00fc yans\u0131t\u0131r.<\/p>\n","protected":false},"featured_media":4837,"template":"","meta":[],"product_brand":[],"product_cat":[177],"product_tag":[],"class_list":{"0":"post-3667","1":"product","2":"type-product","3":"status-publish","4":"has-post-thumbnail","6":"product_cat-kremler","8":"first","9":"instock","10":"shipping-taxable","11":"purchasable","12":"product-type-variable"},"_links":{"self":[{"href":"https:\/\/zahika.com\/tr_tr\/wp-json\/wp\/v2\/product\/3667","targetHints":{"allow":["GET"]}}],"collection":[{"href":"https:\/\/zahika.com\/tr_tr\/wp-json\/wp\/v2\/product"}],"about":[{"href":"https:\/\/zahika.com\/tr_tr\/wp-json\/wp\/v2\/types\/product"}],"wp:featuredmedia":[{"embeddable":true,"href":"https:\/\/zahika.com\/tr_tr\/wp-json\/wp\/v2\/media\/4837"}],"wp:attachment":[{"href":"https:\/\/zahika.com\/tr_tr\/wp-json\/wp\/v2\/media?parent=3667"}],"wp:term":[{"taxonomy":"product_brand","embeddable":true,"href":"https:\/\/zahika.com\/tr_tr\/wp-json\/wp\/v2\/product_brand?post=3667"},{"taxonomy":"product_cat","embeddable":true,"href":"https:\/\/zahika.com\/tr_tr\/wp-json\/wp\/v2\/product_cat?post=3667"},{"taxonomy":"product_tag","embeddable":true,"href":"https:\/\/zahika.com\/tr_tr\/wp-json\/wp\/v2\/product_tag?post=3667"}],"curies":[{"name":"wp","href":"https:\/\/api.w.org\/{rel}","templated":true}]}}