{"id":3662,"date":"2025-06-24T00:52:03","date_gmt":"2025-06-24T00:52:03","guid":{"rendered":"https:\/\/fiyakod.online\/?post_type=product&#038;p=3662"},"modified":"2026-03-30T22:06:17","modified_gmt":"2026-03-30T22:06:17","slug":"divine-cream","status":"publish","type":"product","link":"https:\/\/zahika.com\/tr_tr\/urun\/divine-cream","title":{"rendered":"Divine cream"},"content":{"rendered":"<p><b>HIZLI ONARIM, SIKILA\u015eMI\u015e G\u00d6R\u00dcN\u00dcM<\/b><b><\/b><\/p>\n<p>Zay\u0131flayan kolajen deste\u011fini hedef alarak \u00e7izgi ve k\u0131r\u0131\u015f\u0131kl\u0131klar\u0131n g\u00f6r\u00fcn\u00fcm\u00fcn\u00fc azalt\u0131r; cildi yeniden yap\u0131land\u0131r\u0131r ve gen\u00e7le\u015ftirir.<\/p>\n<p><b>YO\u011eUN AKT\u0130F BAKIM<\/b><\/p>\n<p>Swertia \u00f6z\u00fc ve g\u00fcl ya\u011f\u0131n\u0131n g\u00fc\u00e7l\u00fc birle\u015fimi, cildin do\u011fal onar\u0131m mekanizmalar\u0131n\u0131 harekete ge\u00e7irerek canl\u0131l\u0131k ve tazelik kazand\u0131r\u0131r.<\/p>\n<p><b>L\u00dcKS DOKUNU\u015e, ANINDA KONFOR<\/b><\/p>\n<p>Divine Cream\u2019in ipeksi dokusu, uygulama an\u0131nda ciltle b\u00fct\u00fcnle\u015fir; derinlemesine bak\u0131m sunarken bak\u0131m rutininizi keyifli bir rit\u00fcele d\u00f6n\u00fc\u015ft\u00fcr\u00fcr.<\/p>\n<p>Nas\u0131l kullan\u0131l\u0131r: Az miktarda \u00fcr\u00fcn\u00fc al\u0131n, yenileyici etkisini a\u00e7\u0131\u011fa \u00e7\u0131karmak i\u00e7in parmak u\u00e7lar\u0131n\u0131z aras\u0131nda \u0131s\u0131tarak bekletin. Sabah ve ak\u015fam, temizlenmi\u015f y\u00fcz ve boyun b\u00f6lgesine nazik\u00e7e bast\u0131rarak uygulay\u0131n.<span class=\"Apple-converted-space\">\u00a0<\/span><\/p>\n<p>&nbsp;<\/p>\n<p data-start=\"667\" data-end=\"2024\">INGREDIENTS: AQUA \u00b7 ALOE BARBADENSIS LEAF EXTRACT \u00b7 SIMMONDSIA CHINENSIS SEED OIL \u00b7 VITIS VINIFERA SEED OIL \u00b7 PRUNUS ARMENIACA KERNEL OIL \u00b7 CETYL ALCOHOL \u00b7 CETEARYL ALCOHOL \u00b7 GLYCERYL STEARATE \u00b7 PEG-100 STEARATE \u00b7 GLYCERIN \u00b7 CAPRYLIC\/CAPRIC TRIGLYCERIDE \u00b7 PUNICA GRANATUM SEED OIL \u00b7 ROSA CANINA SEED OIL \u00b7 TRITICUM VULGARE GERM OIL \u00b7 ORYZA SATIVA BRAN OIL \u00b7 PERSEA GRATISSIMA OIL \u00b7 AESCULUS HIPPOCASTANUM EXTRACT \u00b7 ARGANIA SPINOSA KERNEL OIL \u00b7 FUCUS VESICULOSUS EXTRACT \u00b7 ROSMARINUS OFFICINALIS LEAF OIL \u00b7 JUGLANS REGIA SEED OIL \u00b7 SESAMUM INDICUM OIL \u00b7 PRUNUS AMYGDALUS AMARA KERNEL OIL \u00b7 LINUM USITATISSIMUM SEED OIL \u00b7 THYMUS VULGARIS LEAF OIL \u00b7 CALENDULA OFFICINALIS FLOWER OIL \u00b7 OLEA EUROPAEA OIL \u00b7 LACTUCA SCARIOLA SATIVA LEAF EXTRACT \u00b7 SPIRULINA PLATENSIS EXTRACT \u00b7 CANNABIS SATIVA LEAF EXTRACT \u00b7 LAVANDULA ANGUSTIFOLIA FLOWER OIL \u00b7 HELICHRYSUM ITALICUM FLOWER OIL \u00b7 CITRUS LIMON PEEL OIL \u00b7 3-O-ETHYL ASCORBIC ACID \u00b7 PALMITOYL TRIPEPTIDE-1 \u00b7 PALMITOYL TETRAPEPTIDE-7 \u00b7 PALMITOYL HEXAPEPTIDE-12 \u00b7 ACETYL HEXAPEPTIDE-8 \u00b7 ACETYL TETRAPEPTIDE-2 \u00b7 COPPER TRIPEPTIDE-1 \u00b7 PENTAERYTHRITYL TETRAISOSTEARATE \u00b7 STEARALKONIUM HECTORITE \u00b7 PROPYLENE CARBONATE \u00b7 HYDROXYETHYLCELLULOSE \u00b7 HYDROLYZED HYALURONIC ACID (OLIGO HA) \u00b7 SQUALANE \u00b7 TOCOPHERYL ACETATE \u00b7 POTASSIUM SORBATE \u00b7 ROSA DAMASCENA FLOWER WATER \u00b7 ROSA DAMASCENA FLOWER OIL \u00b7 PROGELIN FF \u00b7 INFUSION COMPLEX<\/p>\n","protected":false},"excerpt":{"rendered":"<p>Divine Cream, Infusion Complex\u2122, g\u00fcl ya\u011f\u0131 ve swertia \u00f6z\u00fc ile geli\u015ftirilmi\u015f ultra etkili form\u00fcl\u00fc sayesinde ya\u015flanman\u0131n t\u00fcm belirgin izlerine kar\u015f\u0131 \u00e7ok y\u00f6nl\u00fc ve kapsaml\u0131 bir bak\u0131m sunar.<\/p>\n<p>Nem kayb\u0131, elastikiyet azalmas\u0131, k\u0131r\u0131\u015f\u0131kl\u0131klar, cilt matl\u0131\u011f\u0131 ve ton e\u015fitsizli\u011fi gibi ya\u015flanma belirtilerine do\u011frudan odaklanarak cildi i\u00e7eriden d\u0131\u015far\u0131ya do\u011fru yeniler.<\/p>\n<p>H\u00fccresel d\u00fczeyde onar\u0131m\u0131 destekler, ba\u011f dokusunu g\u00fc\u00e7lendirir ve cildin s\u0131k\u0131l\u0131k, dolgunluk ve p\u00fcr\u00fczs\u00fczl\u00fck kazanmas\u0131na yard\u0131mc\u0131 olur. E\u015fsiz ipeksi dokusuyla cilde an\u0131nda konfor sa\u011flar; d\u00fczenli kullan\u0131mda daha gen\u00e7, \u0131\u015f\u0131lt\u0131l\u0131 ve dinlenmi\u015f bir g\u00f6r\u00fcn\u00fcm ortaya \u00e7\u0131kar.<\/p>\n","protected":false},"featured_media":4836,"template":"","meta":[],"product_brand":[],"product_cat":[177],"product_tag":[],"class_list":{"0":"post-3662","1":"product","2":"type-product","3":"status-publish","4":"has-post-thumbnail","6":"product_cat-kremler","8":"first","9":"instock","10":"shipping-taxable","11":"purchasable","12":"product-type-variable"},"_links":{"self":[{"href":"https:\/\/zahika.com\/tr_tr\/wp-json\/wp\/v2\/product\/3662","targetHints":{"allow":["GET"]}}],"collection":[{"href":"https:\/\/zahika.com\/tr_tr\/wp-json\/wp\/v2\/product"}],"about":[{"href":"https:\/\/zahika.com\/tr_tr\/wp-json\/wp\/v2\/types\/product"}],"wp:featuredmedia":[{"embeddable":true,"href":"https:\/\/zahika.com\/tr_tr\/wp-json\/wp\/v2\/media\/4836"}],"wp:attachment":[{"href":"https:\/\/zahika.com\/tr_tr\/wp-json\/wp\/v2\/media?parent=3662"}],"wp:term":[{"taxonomy":"product_brand","embeddable":true,"href":"https:\/\/zahika.com\/tr_tr\/wp-json\/wp\/v2\/product_brand?post=3662"},{"taxonomy":"product_cat","embeddable":true,"href":"https:\/\/zahika.com\/tr_tr\/wp-json\/wp\/v2\/product_cat?post=3662"},{"taxonomy":"product_tag","embeddable":true,"href":"https:\/\/zahika.com\/tr_tr\/wp-json\/wp\/v2\/product_tag?post=3662"}],"curies":[{"name":"wp","href":"https:\/\/api.w.org\/{rel}","templated":true}]}}