{"id":3656,"date":"2025-06-24T00:48:32","date_gmt":"2025-06-24T00:48:32","guid":{"rendered":"https:\/\/fiyakod.online\/?post_type=product&#038;p=3656"},"modified":"2026-03-31T07:05:02","modified_gmt":"2026-03-31T07:05:02","slug":"sublime-cream","status":"publish","type":"product","link":"https:\/\/zahika.com\/tr_tr\/urun\/sublime-cream","title":{"rendered":"Sublime Cream"},"content":{"rendered":"<p><b>YEN\u0130LENMEY\u0130 HIZLANDIRIN<\/b><br \/>\nG\u00fcl\u00fcn d\u00f6n\u00fc\u015ft\u00fcr\u00fcc\u00fc g\u00fcc\u00fcyle zenginle\u015ftirilen Infusion Complex\u2122; el i\u015f\u00e7ili\u011fiyle toplanan Damask g\u00fcllerinden elde edilen bu e\u015fsiz bile\u015fen kar\u0131\u015f\u0131m\u0131, cilde yo\u011fun bak\u0131m sunar. Yenilenme s\u00fcrecini h\u0131zland\u0131r\u0131r, cildi canl\u0131 ve sa\u011fl\u0131kl\u0131 bir g\u00f6r\u00fcn\u00fcme ta\u015f\u0131r.<\/p>\n<p><b>ZAMANIN \u00d6TES\u0130NDE<\/b><br \/>\nInfusion Complex\u2122\u2019in zamana meydan okuyan etkisini ke\u015ffedin. Gece boyunca cilde n\u00fcfuz ederek derinlemesine besler; sabaha daha s\u0131k\u0131, p\u00fcr\u00fczs\u00fcz ve ayd\u0131nl\u0131k bir ciltle uyanmay\u0131 sa\u011flar. \u0130nce \u00e7izgiler ve yorgunluk izlerinde g\u00f6zle g\u00f6r\u00fcl\u00fcr azalma sunar.<\/p>\n<p><b>C\u0130LD\u0130N\u0130 ONAR &amp; YEN\u0130LE<\/b><br \/>\nKonsantre Infusion Complex\u2122 i\u00e7eren yo\u011fun bak\u0131m deste\u011fi, gece boyunca cildi onar\u0131r. Zaman\u0131n izlerini azalt\u0131r, ince \u00e7izgilerin g\u00f6r\u00fcn\u00fcm\u00fcn\u00fc hafifletir ve cildin do\u011fal \u0131\u015f\u0131lt\u0131s\u0131n\u0131 yeniden ortaya \u00e7\u0131kar\u0131r.<\/p>\n<p>Nas\u0131l kullan\u0131l\u0131r: Az miktarda \u00fcr\u00fcn\u00fc al\u0131n, yenileyici etkisini a\u00e7\u0131\u011fa \u00e7\u0131karmak i\u00e7in parmak u\u00e7lar\u0131n\u0131z aras\u0131nda \u0131s\u0131tarak bekletin. Sabah ve ak\u015fam, temizlenmi\u015f y\u00fcz ve boyun b\u00f6lgesine nazik\u00e7e bast\u0131rarak uygulay\u0131n. Cilt bak\u0131m\u0131n\u0131z\u0131 tamamlamak i\u00e7in Zahika\u2019n\u0131n \u00f6zel bak\u0131m serisiyle rutininizi destekleyin.<\/p>\n<p>&nbsp;<\/p>\n<p>INGREDIENTS : SIMMONDSIA CHINENSIS SEED OIL \u00b7 VITIS VINIFERA SEED OIL \u00b7 ALOE BARBADENSIS LEAF EXTRACT \u00b7 PRUNUS ARMENIACA KERNEL OIL \u00b7 PUNICA GRANATUM SEED OIL \u00b7 ROSA CANINA SEED OIL \u00b7 TRITICUM VULGARE GERM OIL \u00b7 ORYZA SATIVA BRAN OIL \u00b7 PERSEA GRATISSIMA OIL \u00b7 AESCULUS HIPPOCASTANUM EXTRACT \u00b7 ARGANIA SPINOSA KERNEL OIL \u00b7 FUCUS VESICULOSUS EXTRACT \u00b7 ROSMARINUS OFFICINALIS LEAF OIL \u00b7 JUGLANS REGIA SEED OIL \u00b7 SESAMUM INDICUM SEED OIL \u00b7 HELICHRYSUM ITALICUM FLOWER OIL \u00b7 PRUNUS AMYGDALUS AMARA KERNEL OIL \u00b7 LINUM USITATISSIMUM SEED OIL \u00b7 COLLAGEN \u00b7 CALENDULA OFFICINALIS FLOWER OIL \u00b7 OLEA EUROPAEA OIL \u00b7 LACTUCA SCARIOLA SATIVA LEAF EXTRACT \u00b7 SPIRULINA PLATENSIS EXTRACT \u00b7 CANNABIS SATIVA SEED EXTRACT \u00b7 TOCOPHERYL ACETATE \u00b7 THYMUS VULGARIS LEAF OIL \u00b7 ROSA DAMASCENA FLOWER OIL \u00b7 CITRUS LIMON PEEL OIL \u00b7 LAVANDULA ANGUSTIFOLIA FLOWER OIL \u00b7 ROSA DAMASCENA FLOWER WATER \u00b7 AQUA \u00b7 GLYCERIN \u00b7 HYALURONIC ACID \u00b7 CETEARYL ALCOHOL \u00b7 GLYCERYL STEARATE \u00b7 DICAPRYLYL CARBONATE \u00b7 PROPYLENE GLYCOL \u00b7 PROPYLHEPTYL CAPRYLATE \u00b7 ASCORBIC ACID \u00b7 POGOSTEMON CABLIN OIL \u00b7 CETEARETH-12 \u00b7 CETEARETH-20 \u00b7 CETYL PALMITATE \u00b7 TOCOPHEROL \u00b7 ACETYL HEXAPEPTIDE-8 \u00b7 ACETYL OCTAPEPTIDE-3 \u00b7 ACETYL TETRAPEPTIDE-2 \u00b7 COPPER TRIPEPTIDE-1 \u00b7 PALMITOYL HEXAPEPTIDE-12 \u00b7 PALMITOYL TETRAPEPTIDE-7 \u00b7 PALMITOYL PENTAPEPTIDE-4 \u00b7 PALMITOYL TRIPEPTIDE-1 \u00b7 PALMITOYL TRIPEPTIDE-5 \u00b7 PALMITOYL TRIPEPTIDE-8 \u00b7 TRIFLUOROACETYL TRIPEPTIDE-2 \u00b7 HYDROLYZED HYALURONIC ACID (OLIGO HA) \u00b7 SODIUM HYALURONATE \u00b7 HYDROLYZED COLLAGEN \u00b7 SQUALANE \u00b7 INFUSION COMPLEX<\/p>\n","protected":false},"excerpt":{"rendered":"<p>H\u00fccre yenileyici Infusion Complex\u2122 ile zenginle\u015ftirilen yo\u011funla\u015ft\u0131r\u0131c\u0131 yap\u0131, \u00e7izgi ve k\u0131r\u0131\u015f\u0131kl\u0131klar\u0131n g\u00f6r\u00fcn\u00fcm\u00fcn\u00fc h\u0131zla azaltarak cilde daha gen\u00e7 ve s\u0131k\u0131 bir ifade kazand\u0131r\u0131r.<br \/>\nCilt yenilenmesini destekleyen g\u00fc\u00e7l\u00fc aktif bile\u015fenler sayesinde, daha p\u00fcr\u00fczs\u00fcz bir doku ve do\u011fal bir \u0131\u015f\u0131lt\u0131 elde edilir.<\/p>\n<p>Ciltle an\u0131nda b\u00fct\u00fcnle\u015fen hafif dokusu, uygulamadan itibaren p\u00fcr\u00fczs\u00fczl\u00fck ve ayd\u0131nl\u0131k etkisi yarat\u0131r. D\u00fczenli kullan\u0131mda y\u00fcz hatlar\u0131 yeniden \u015fekillenir, cilt yo\u011funlu\u011fu ve elastikiyeti artar.<br \/>\nGece kullan\u0131ld\u0131\u011f\u0131nda cildi nemlendirir, onar\u0131r ve bariyer fonksiyonunu g\u00fc\u00e7lendirir. Sabah uyand\u0131\u011f\u0131nda ise cilt daha yumu\u015fak, dinlenmi\u015f ve ayd\u0131nl\u0131k bir g\u00f6r\u00fcn\u00fcme kavu\u015fur.<\/p>\n<p>Infusion Complex\u2122 ile form\u00fcle edilen su bazl\u0131 dokusu, cildi ipeksi bir hisle sarar; derinlemesine nemlendirir, yumu\u015fat\u0131r ve d\u00f6n\u00fc\u015f\u00fcme haz\u0131r hale getirir.<\/p>\n","protected":false},"featured_media":4831,"template":"","meta":[],"product_brand":[],"product_cat":[177],"product_tag":[],"class_list":{"0":"post-3656","1":"product","2":"type-product","3":"status-publish","4":"has-post-thumbnail","6":"product_cat-kremler","8":"first","9":"instock","10":"featured","11":"shipping-taxable","12":"purchasable","13":"product-type-variable"},"_links":{"self":[{"href":"https:\/\/zahika.com\/tr_tr\/wp-json\/wp\/v2\/product\/3656","targetHints":{"allow":["GET"]}}],"collection":[{"href":"https:\/\/zahika.com\/tr_tr\/wp-json\/wp\/v2\/product"}],"about":[{"href":"https:\/\/zahika.com\/tr_tr\/wp-json\/wp\/v2\/types\/product"}],"wp:featuredmedia":[{"embeddable":true,"href":"https:\/\/zahika.com\/tr_tr\/wp-json\/wp\/v2\/media\/4831"}],"wp:attachment":[{"href":"https:\/\/zahika.com\/tr_tr\/wp-json\/wp\/v2\/media?parent=3656"}],"wp:term":[{"taxonomy":"product_brand","embeddable":true,"href":"https:\/\/zahika.com\/tr_tr\/wp-json\/wp\/v2\/product_brand?post=3656"},{"taxonomy":"product_cat","embeddable":true,"href":"https:\/\/zahika.com\/tr_tr\/wp-json\/wp\/v2\/product_cat?post=3656"},{"taxonomy":"product_tag","embeddable":true,"href":"https:\/\/zahika.com\/tr_tr\/wp-json\/wp\/v2\/product_tag?post=3656"}],"curies":[{"name":"wp","href":"https:\/\/api.w.org\/{rel}","templated":true}]}}