{"id":3651,"date":"2025-06-24T00:46:09","date_gmt":"2025-06-24T00:46:09","guid":{"rendered":"https:\/\/fiyakod.online\/?post_type=product&#038;p=3651"},"modified":"2026-04-01T23:48:54","modified_gmt":"2026-04-01T23:48:54","slug":"luminouse-serum","status":"publish","type":"product","link":"https:\/\/zahika.com\/tr_tr\/urun\/luminouse-serum","title":{"rendered":"Luminous Serum"},"content":{"rendered":"<p><b>YEN\u0130LEY\u0130C\u0130 ONARIM VE G\u00dc\u00c7L\u00dc B\u0130R BAR\u0130YER<\/b><br \/>\nInfusion Complex\u2122 ile h\u00fccre yenilenmesini destekler, cilt bariyerini g\u00fc\u00e7lendirir ve do\u011fal koruma sunar.<\/p>\n<p><b>NEM DENGES\u0130 VE CANLILIK<\/b><br \/>\nCiltte nem rezervi olu\u015fturarak kurulu\u011fu \u00f6nler, nemi uzun s\u00fcre korur. Cilt daha dolgun, dengeli ve sa\u011fl\u0131kl\u0131 g\u00f6r\u00fcn\u00fcr.<\/p>\n<p><b>AYDINLIK VE P\u00dcR\u00dcZS\u00dcZ G\u00d6R\u00dcN\u00dcM<\/b><br \/>\nDamask g\u00fcl\u00fcn\u00fcn etkisiyle cilt tonu e\u015fitlenir, do\u011fal parlakl\u0131k kazan\u0131r ve p\u00fcr\u00fczs\u00fczl\u00fck belirginle\u015fir.<\/p>\n<p>Nas\u0131l kullan\u0131l\u0131r: Parmak u\u00e7lar\u0131n\u0131za birka\u00e7 damla ya\u011f bazl\u0131 serum al\u0131n. Al\u0131n, yanaklar, \u00e7ene ve boyun b\u00f6lgesine nazik\u00e7e uygulay\u0131n. \u00c7eneden \u015fakaklara do\u011fru yukar\u0131 hareketlerle masaj yaparak serumu \u00f6zellikle yenilenmeye ihtiya\u00e7 duyan b\u00f6lgelere yedirin. Emilene kadar uygulamay\u0131 tekrarlay\u0131n.<\/p>\n<p>INGREDIENTS: PERSEA GRATISSIMA OIL \u00b7 OLEA EUROPAEA OIL \u00b7 CALENDULA OFFICINALIS FLOWER OIL \u00b7 PRUNUS ARMENIACA KERNEL OIL \u00b7 SIMMONDSIA CHINENSIS SED OIL \u00b7 PUNICA GRANATUM SEED OIL \u00b7 ROSA CANINA SEED OIL \u00b7 CARTHAMUS TINCTORIUS SEED OIL \u00b7 HELICHRYSUM ITALICUM FLOWER OIL \u00b7 SALVIA HISPANICA SEEDS OIL \u00b7 FUCUS VESICULOSUS EXTRACT \u00b7 ROSA DAMASCENA FLOWER OIL \u00b7 COLLAGEN \u00b7 PALMITOYL TRIPEPTIDE-1 \u00b7 PALMITOYL TETRAPEPTIDE-7 \u00b7 SQUALANE \u00b7 ACETYL TETRAPEPTIDE-2 \u00b7 TOCOPHERYL ACETATE \u00b7 INFUSION COMPLEX\u2122<\/p>\n","protected":false},"excerpt":{"rendered":"<p>Y\u00fcksek konsantrasyonda Infusion Complex\u2122 i\u00e7eri\u011fi, cildin do\u011fal yenilenme s\u00fcrecini destekler ve onar\u0131m\u0131 h\u0131zland\u0131rmaya yard\u0131mc\u0131 olur.<\/p>\n<p>Zengin aktiflerle geli\u015ftirilmi\u015f hafif dokulu yap\u0131, h\u0131zla emilerek damask g\u00fcl\u00fcn\u00fcn canland\u0131r\u0131c\u0131 etkisiyle taze ve ayd\u0131nl\u0131k bir g\u00f6r\u00fcn\u00fcm kazand\u0131r\u0131r.<\/p>\n<p>G\u00fcn boyu s\u00fcren bir nem rezervi olu\u015fturarak cildin dengeli, canl\u0131 ve sa\u011fl\u0131kl\u0131 kalmas\u0131n\u0131 sa\u011flar. D\u00fczenli kullan\u0131mda do\u011fal \u0131\u015f\u0131lt\u0131 ve yenilenmi\u015f bir cilt dokusu ortaya \u00e7\u0131kar.<\/p>\n","protected":false},"featured_media":4835,"template":"","meta":[],"product_brand":[],"product_cat":[176],"product_tag":[],"class_list":{"0":"post-3651","1":"product","2":"type-product","3":"status-publish","4":"has-post-thumbnail","6":"product_cat-serumlar","8":"first","9":"instock","10":"shipping-taxable","11":"purchasable","12":"product-type-variable"},"_links":{"self":[{"href":"https:\/\/zahika.com\/tr_tr\/wp-json\/wp\/v2\/product\/3651","targetHints":{"allow":["GET"]}}],"collection":[{"href":"https:\/\/zahika.com\/tr_tr\/wp-json\/wp\/v2\/product"}],"about":[{"href":"https:\/\/zahika.com\/tr_tr\/wp-json\/wp\/v2\/types\/product"}],"wp:featuredmedia":[{"embeddable":true,"href":"https:\/\/zahika.com\/tr_tr\/wp-json\/wp\/v2\/media\/4835"}],"wp:attachment":[{"href":"https:\/\/zahika.com\/tr_tr\/wp-json\/wp\/v2\/media?parent=3651"}],"wp:term":[{"taxonomy":"product_brand","embeddable":true,"href":"https:\/\/zahika.com\/tr_tr\/wp-json\/wp\/v2\/product_brand?post=3651"},{"taxonomy":"product_cat","embeddable":true,"href":"https:\/\/zahika.com\/tr_tr\/wp-json\/wp\/v2\/product_cat?post=3651"},{"taxonomy":"product_tag","embeddable":true,"href":"https:\/\/zahika.com\/tr_tr\/wp-json\/wp\/v2\/product_tag?post=3651"}],"curies":[{"name":"wp","href":"https:\/\/api.w.org\/{rel}","templated":true}]}}