{"id":3646,"date":"2025-06-24T00:42:47","date_gmt":"2025-06-24T00:42:47","guid":{"rendered":"https:\/\/fiyakod.online\/?post_type=product&#038;p=3646"},"modified":"2026-04-01T23:33:20","modified_gmt":"2026-04-01T23:33:20","slug":"supreme-serum","status":"publish","type":"product","link":"https:\/\/zahika.com\/tr_tr\/urun\/supreme-serum","title":{"rendered":"Supreme Serum"},"content":{"rendered":"<p>Yenileyici etkisiyle Infusion Complex\u2122 i\u00e7eren Supreme G\u00f6z Serumu, g\u00f6z kapa\u011f\u0131 ve \u00e7evresindeki cildi s\u0131k\u0131la\u015ft\u0131r\u0131r. \u0130nce \u00e7izgi ve k\u0131r\u0131\u015f\u0131kl\u0131k g\u00f6r\u00fcn\u00fcm\u00fcn\u00fc azalt\u0131r, koyu halkalar\u0131 hafifletir, \u015fi\u015flikleri yat\u0131\u015ft\u0131r\u0131r ve daha ayd\u0131nl\u0131k bir g\u00f6z \u00e7evresi sunar.<\/p>\n<p><b><span class=\"Apple-converted-space\">\u00a0<\/span><\/b><br \/>\n<strong>YORGUNLUK \u0130ZLER\u0130N\u0130 S\u0130LER, G\u00d6Z \u00c7EVRES\u0130NE CANLI VE D\u0130N\u00c7 B\u0130R G\u00d6R\u00dcN\u00dcM KAZANDIRIR.<span class=\"Apple-converted-space\">\u00a0<\/span><\/strong><\/p>\n<p>Supreme G\u00f6z Kremi ile tamamland\u0131\u011f\u0131nda, g\u00f6z \u00e7evresinde yenileyici ve b\u00fct\u00fcnc\u00fcl bir bak\u0131m sa\u011flar; cilt dokusunu g\u00fc\u00e7lendirir ve her ge\u00e7en g\u00fcn daha sa\u011fl\u0131kl\u0131, ayd\u0131nl\u0131k bir g\u00f6r\u00fcn\u00fcm sunar.<\/p>\n<p>Nas\u0131l kullan\u0131l\u0131r : Serumu, parmak u\u00e7lar\u0131n\u0131zla her sabah ve ak\u015fam g\u00f6z \u00e7evresine bir damla olacak \u015fekilde nazik\u00e7e masaj yaparak uygulay\u0131n. Ard\u0131ndan Zahika g\u00f6z bak\u0131m \u00fcr\u00fcnlerinizi kullan\u0131n.<\/p>\n<p><span class=\"Apple-converted-space\">\u00a0<\/span><\/p>\n<p>INGREDIENTS: SIMMONDSIA CHINENSIS SEED OIL \u00b7 PERSEA GRATISSIMA OIL \u00b7 TRITICUM VULGARE GERM OIL \u00b7 VITIS VINIFERA SEED OIL \u00b7 CALENDULA OFFICINALIS FLOWER OIL \u00b7 ROSA CANINA SEED OIL \u00b7 PUNICA GRANATUM SEED OIL \u00b7 CARTHAMUS TINCTORIUS SEED OIL \u00b7 AESCULUS HIPPOCASTANUM EXTRACT \u00b7 PRUNUS ARMENIACA KERNEL OIL \u00b7 SALVIA HISPANICA SEED OIL \u00b7 OLEA EUROPAEA OIL \u00b7 LACTUCA SATIVA LEAF EXTRACT \u00b7 SPIRULINA PLATENSIS EXTRACT \u00b7 PALMITOYL PENTAPEPTIDE-4 \u00b7 PALMITOYL TRIPEPTIDE-1 \u00b7 PALMITOYL TETRAPEPTIDE-7 \u00b7 CANNABIS SATIVA SEED EXTRACT \u00b7 TOCOPHERYL ACETATE \u00b7 HELICHRYSUM ITALICUM FLOWER OIL \u00b7 CITRUS LIMON PEEL OIL \u00b7 LAVANDULA ANGUSTIFOLIA FLOWER OIL \u00b7 HYPERICUM PERFORATUM OIL \u00b7 CENTELLA ASIATICA EXTRACT \u00b7 ROSA DAMASCENA FLOWER OIL \u00b7 TRIFLUOROACETYL TRIPEPTIDE-2 \u00b7 SQUALANE \u00b7 ACETYL TETRAPEPTIDE-2 \u00b7 INFUSION COMPLEX\u2122<\/p>\n<p>&nbsp;<\/p>\n","protected":false},"excerpt":{"rendered":"<p>Zahika\u2019dan l\u00fcks bir bak\u0131m deneyimi. \u0130peksi dokusuyla g\u00f6z \u00e7evresine canl\u0131l\u0131k ve tazelik kazand\u0131rarak g\u00f6zle g\u00f6r\u00fcl\u00fcr \u015fekilde canland\u0131r\u0131r. Cildi strese kar\u015f\u0131 koruyup gen\u00e7 ve sa\u011fl\u0131kl\u0131 kalmas\u0131n\u0131 destekler. Daha p\u00fcr\u00fczs\u00fcz, \u0131\u015f\u0131lt\u0131l\u0131 ve belirgin \u015fekilde g\u00fczelle\u015fmi\u015f bir g\u00f6r\u00fcn\u00fcm sa\u011flar. G\u00f6z alt\u0131 torbalar\u0131n\u0131, koyu halkalar\u0131 ve stres kaynakl\u0131 ince \u00e7izgileri etkili bi\u00e7imde azalt\u0131rken, g\u00f6z \u00e7evresini g\u00fc\u00e7lendirir ve canland\u0131r\u0131r. B\u00f6ylece g\u00f6zler daha dinlenmi\u015f, a\u00e7\u0131k ve gen\u00e7 bir ifadeye kavu\u015fur.<\/p>\n","protected":false},"featured_media":4834,"template":"","meta":[],"product_brand":[],"product_cat":[176],"product_tag":[],"class_list":{"0":"post-3646","1":"product","2":"type-product","3":"status-publish","4":"has-post-thumbnail","6":"product_cat-serumlar","8":"first","9":"instock","10":"shipping-taxable","11":"purchasable","12":"product-type-variable"},"_links":{"self":[{"href":"https:\/\/zahika.com\/tr_tr\/wp-json\/wp\/v2\/product\/3646","targetHints":{"allow":["GET"]}}],"collection":[{"href":"https:\/\/zahika.com\/tr_tr\/wp-json\/wp\/v2\/product"}],"about":[{"href":"https:\/\/zahika.com\/tr_tr\/wp-json\/wp\/v2\/types\/product"}],"wp:featuredmedia":[{"embeddable":true,"href":"https:\/\/zahika.com\/tr_tr\/wp-json\/wp\/v2\/media\/4834"}],"wp:attachment":[{"href":"https:\/\/zahika.com\/tr_tr\/wp-json\/wp\/v2\/media?parent=3646"}],"wp:term":[{"taxonomy":"product_brand","embeddable":true,"href":"https:\/\/zahika.com\/tr_tr\/wp-json\/wp\/v2\/product_brand?post=3646"},{"taxonomy":"product_cat","embeddable":true,"href":"https:\/\/zahika.com\/tr_tr\/wp-json\/wp\/v2\/product_cat?post=3646"},{"taxonomy":"product_tag","embeddable":true,"href":"https:\/\/zahika.com\/tr_tr\/wp-json\/wp\/v2\/product_tag?post=3646"}],"curies":[{"name":"wp","href":"https:\/\/api.w.org\/{rel}","templated":true}]}}