{"id":3621,"date":"2025-06-24T00:08:32","date_gmt":"2025-06-24T00:08:32","guid":{"rendered":"https:\/\/fiyakod.online\/?post_type=product&#038;p=3621"},"modified":"2026-03-30T17:59:48","modified_gmt":"2026-03-30T17:59:48","slug":"lumiere-serum","status":"publish","type":"product","link":"https:\/\/zahika.com\/tr_tr\/urun\/lumiere-serum","title":{"rendered":"Lumiere Serum"},"content":{"rendered":"<p><b>DO\u011eAL I\u015eILTI SERUMU<\/b><br \/>\n%100 do\u011fal i\u00e7eriklerle form\u00fcle edilen Lumiere Serum, g\u00fcl ya\u011f\u0131 ve vitaminler ile cildin do\u011fal \u0131\u015f\u0131lt\u0131s\u0131n\u0131 art\u0131r\u0131r, sa\u011fl\u0131kl\u0131 g\u00f6r\u00fcn\u00fcm\u00fcn\u00fc korur.<\/p>\n<p><b>C\u0130LT BAR\u0130YER\u0130N\u0130 DESTEKLER<\/b><br \/>\nLumiere Gen\u00e7lik Serumu, \u00e7evresel etkenlere kar\u015f\u0131 cildi korurken cilt bariyerini destekler. Ayd\u0131nlat\u0131c\u0131 etkisiyle cilt kalitesini art\u0131r\u0131r, hassasiyeti yat\u0131\u015ft\u0131r\u0131r.<\/p>\n<p><b>I\u015eILTILI VE G\u00dc\u00c7L\u00dc B\u0130R DOKU<\/b><br \/>\n\u0130lk uygulamadan itibaren cilde konforlu bir koruma sa\u011flar; daha g\u00fc\u00e7l\u00fc, dengeli ve p\u00fcr\u00fczs\u00fcz bir dokuya sahip, \u0131\u015f\u0131ldayan bir g\u00f6r\u00fcn\u00fcm kazand\u0131r\u0131r.<\/p>\n<p>Nas\u0131l kullan\u0131l\u0131r : Parmak u\u00e7lar\u0131n\u0131za birka\u00e7 damla ya\u011f bazl\u0131 serum al\u0131n. Al\u0131n, yanak, \u00e7ene ve boyun b\u00f6lgesine nazik\u00e7e uygulay\u0131n. \u00c7eneden \u015fakaklara do\u011fru yukar\u0131 hareketlerle masaj yaparak cilde yedirin. Ayn\u0131 i\u015flemi y\u00fcz\u00fcn di\u011fer yar\u0131s\u0131nda tekrarlay\u0131n.<\/p>\n<p>INGREDIENTS: ALOE BARBADENSIS LEAF EXTRACT \u00b7 SIMMONDSIA CHINENSIS SEED OIL \u00b7 VITIS VINIFERA SEED OIL \u00b7 PRUNUS ARMENIACA KERNEL OIL \u00b7 PUNICA GRANATUM SEED OIL \u00b7 ROSA CANINA SEED OIL \u00b7 TRITICUM VULGARE GERM OIL \u00b7 ORYZA SATIVA BRAN OIL \u00b7 PERSEA GRATISSIMA OIL \u00b7 AESCULUS HIPPOCASTANUM EXTRACT \u00b7 ARGANIA SPINOSA KERNEL OIL \u00b7 FUCUS VESICULOSUS EXTRACT \u00b7 ROSMARINUS OFFICINALIS LEAF OIL \u00b7 JUGLANS REGIA SEED OIL \u00b7 SESAMUM INDICUM OIL \u00b7 SALVIA HISPANICA SEED OIL \u00b7 PRUNUS AMYGDALUS AMARA KERNEL OIL \u00b7 LINUM USITATISSIMUM SEED OIL \u00b7 CALENDULA OFFICINALIS FLOWER OIL \u00b7 CARTHAMUS TINCTORIUS SEED OIL \u00b7 OLEA EUROPAEA OIL \u00b7 LACTUCA SATIVA LEAF EXTRACT \u00b7 SPIRULINA PLATENSIS EXTRACT \u00b7 HELICHRYSUM ITALICUM FLOWER OIL \u00b7 CITRUS LIMON PEEL OIL \u00b7 ROSA DAMASCENA FLOWER OIL \u00b7 CANNABIS SATIVA SEED EXTRACT \u00b7 LAVANDULA ANGUSTIFOLIA FLOWER OIL \u00b7 TOCOPHERYL ACETATE \u00b7 PALMITOYL PENTAPEPTIDE-4 \u00b7 PALMITOYL TRIPEPTIDE-1 \u00b7 PALMITOYL TETRAPEPTIDE-7 \u00b7 PALMITOYL HEXAPEPTIDE-12 \u00b7 COLLAGEN \u00b7 SQUALANE \u00b7 ACETYL TETRAPEPTIDE-2 \u00b7 INFUSION COMPLEX\u2122<\/p>\n","protected":false},"excerpt":{"rendered":"<p>Cildin do\u011fal savunma sistemini destekleyen Lumiere Gen\u00e7lik Serumu; Infusion Complex\u2122, deniz yosunu \u00f6z\u00fc ve besleyici ya\u011flarla geli\u015ftirilmi\u015ftir.<\/p>\n<p>D\u00fczenli kullan\u0131mda cilt daha s\u0131k\u0131, canl\u0131 ve gen\u00e7 bir g\u00f6r\u00fcn\u00fcme kavu\u015fur; ince \u00e7izgi ve k\u0131r\u0131\u015f\u0131kl\u0131klar\u0131n g\u00f6r\u00fcn\u00fcm\u00fcnde azalma sa\u011flan\u0131r.<\/p>\n<p>Antioksidanlar, g\u00fcl ya\u011f\u0131, vitaminler ve y\u00fcksek etkili aktif bile\u015fenler sayesinde cilt bariyeri g\u00fc\u00e7lenir, g\u00f6zenek g\u00f6r\u00fcn\u00fcm\u00fc azal\u0131r, derinlemesine nem sa\u011flan\u0131r. Ayn\u0131 zamanda hassasiyet yat\u0131\u015f\u0131r, kuruluk hissi giderilir ve cilt g\u00fcn boyu korunmu\u015f olur.<\/p>\n","protected":false},"featured_media":4833,"template":"","meta":[],"product_brand":[],"product_cat":[176],"product_tag":[],"class_list":{"0":"post-3621","1":"product","2":"type-product","3":"status-publish","4":"has-post-thumbnail","6":"product_cat-serumlar","8":"first","9":"instock","10":"shipping-taxable","11":"purchasable","12":"product-type-variable"},"_links":{"self":[{"href":"https:\/\/zahika.com\/tr_tr\/wp-json\/wp\/v2\/product\/3621","targetHints":{"allow":["GET"]}}],"collection":[{"href":"https:\/\/zahika.com\/tr_tr\/wp-json\/wp\/v2\/product"}],"about":[{"href":"https:\/\/zahika.com\/tr_tr\/wp-json\/wp\/v2\/types\/product"}],"wp:featuredmedia":[{"embeddable":true,"href":"https:\/\/zahika.com\/tr_tr\/wp-json\/wp\/v2\/media\/4833"}],"wp:attachment":[{"href":"https:\/\/zahika.com\/tr_tr\/wp-json\/wp\/v2\/media?parent=3621"}],"wp:term":[{"taxonomy":"product_brand","embeddable":true,"href":"https:\/\/zahika.com\/tr_tr\/wp-json\/wp\/v2\/product_brand?post=3621"},{"taxonomy":"product_cat","embeddable":true,"href":"https:\/\/zahika.com\/tr_tr\/wp-json\/wp\/v2\/product_cat?post=3621"},{"taxonomy":"product_tag","embeddable":true,"href":"https:\/\/zahika.com\/tr_tr\/wp-json\/wp\/v2\/product_tag?post=3621"}],"curies":[{"name":"wp","href":"https:\/\/api.w.org\/{rel}","templated":true}]}}