{"id":3616,"date":"2025-06-24T00:06:47","date_gmt":"2025-06-24T00:06:47","guid":{"rendered":"https:\/\/fiyakod.online\/?post_type=product&#038;p=3616"},"modified":"2026-03-31T08:40:21","modified_gmt":"2026-03-31T08:40:21","slug":"divine-serum","status":"publish","type":"product","link":"https:\/\/zahika.com\/tr_tr\/urun\/divine-serum","title":{"rendered":"Divine Serum"},"content":{"rendered":"<p><b>G\u00dc\u00c7L\u00dc YEN\u0130LENME, G\u00d6ZLE G\u00d6R\u00dcL\u00dcR D\u00d6N\u00dc\u015e\u00dcM<\/b><br \/>\nCildi s\u0131k\u0131la\u015ft\u0131r\u0131r, dolgunla\u015ft\u0131r\u0131r ve gen\u00e7le\u015ftirici etkisiyle yeniden dengeler.<\/p>\n<p><b>DIVINE CREAM \u0130LE KULLANIMDA \u0130K\u0130 KAT ETK\u0130<\/b><br \/>\nKombine kullan\u0131mda kolajen \u00fcretimini art\u0131rarak yenilenmeyi h\u0131zland\u0131r\u0131r.<\/p>\n<p><b>I\u015eILDAYAN, E\u015e\u0130T TONLU VE P\u00dcR\u00dcZS\u00dcZ B\u0130R C\u0130LT<\/b><br \/>\nInfusion Complex\u2122 sayesinde cilt dokusunu g\u00fc\u00e7lendirir, lekelerin g\u00f6r\u00fcn\u00fcm\u00fcn\u00fc azalt\u0131r ve do\u011fal parlakl\u0131\u011f\u0131 ortaya \u00e7\u0131kar\u0131r.<\/p>\n<p>Nas\u0131l kullan\u0131l\u0131r : Parmak u\u00e7lar\u0131n\u0131za birka\u00e7 damla ya\u011f bazl\u0131 serumu al\u0131n. Al\u0131n, yanaklar, \u00e7ene ve boyun b\u00f6lgesine nazik hareketlerle da\u011f\u0131t\u0131n. \u00c7eneden burun kenar\u0131na, ard\u0131ndan elmac\u0131k kemi\u011finin alt\u0131ndan \u015fakaklara do\u011fru parmaklar\u0131n\u0131z\u0131 yukar\u0131 y\u00f6nl\u00fc kayd\u0131rarak \u00fcr\u00fcn\u00fc cilde nazik\u00e7e yedirin. Serumu masaj e\u015fli\u011finde uygulayarak cilt taraf\u0131ndan emilmesini sa\u011flay\u0131n. Ayn\u0131 ad\u0131mlar\u0131 y\u00fcz\u00fcn di\u011fer yar\u0131s\u0131 i\u00e7in de tekrarlay\u0131n.<\/p>\n<div id=\":2dh\" class=\"Am aiL Al editable LW-avf tS-tW tS-tY\" tabindex=\"1\" role=\"textbox\" contenteditable=\"true\" spellcheck=\"false\" aria-label=\"\u0130leti G\u00f6vdesi\" aria-multiline=\"true\" aria-owns=\":2fv\" aria-controls=\":2fv\" aria-expanded=\"false\" data-listener-added_7e35b82f=\"true\">\n<div id=\":2dh\" class=\"Am aiL Al editable LW-avf tS-tW tS-tY\" tabindex=\"1\" role=\"textbox\" contenteditable=\"true\" spellcheck=\"false\" aria-label=\"\u0130leti G\u00f6vdesi\" aria-multiline=\"true\" aria-owns=\":2fv\" aria-controls=\":2fv\" aria-expanded=\"false\" data-listener-added_7e35b82f=\"true\">\n<p><b>INGREDIENTS:<\/b><\/p>\n<p data-start=\"444\" data-end=\"1503\">SIMMONDSIA CHINENSIS SEED OIL \u00b7 VITIS VINIFERA SEED OIL \u00b7 ALOE BARBADENSIS LEAF EXTRACT \u00b7 PRUNUS ARMENIACA KERNEL OIL \u00b7 PUNICA GRANATUM SEED OIL \u00b7 ROSA CANINA SEED OIL \u00b7 TRITICUM VULGARE GERM OIL \u00b7 ORYZA SATIVA BRAN OIL \u00b7 PERSEA GRATISSIMA OIL \u00b7 AESCULUS HIPPOCASTANUM EXTRACT \u00b7 ARGANIA SPINOSA KERNEL OIL \u00b7 FUCUS VESICULOSUS EXTRACT \u00b7 ROSMARINUS OFFICINALIS LEAF OIL \u00b7 JUGLANS REGIA SEED OIL \u00b7 SESAMUM INDICUM SEED OIL \u00b7 PRUNUS AMYGDALUS AMARA KERNEL OIL \u00b7 LINUM USITATISSIMUM SEED OIL \u00b7 COLLAGEN \u00b7 THYMUS VULGARIS LEAF OIL \u00b7 CALENDULA OFFICINALIS FLOWER OIL \u00b7 OLEA EUROPAEA OIL \u00b7 LACTUCA SCARIOLA SATIVA LEAF EXTRACT \u00b7 SPIRULINA PLATENSIS EXTRACT \u00b7 CANNABIS SATIVA SEED EXTRACT \u00b7 TOCOPHERYL ACETATE \u00b7 PALMITOYL PENTAPEPTIDE-4 \u00b7 COPPER TRIPEPTIDE-1 \u00b7 ROSA DAMASCENA FLOWER OIL \u00b7 CITRUS LIMON PEEL OIL \u00b7 ACETYL HEXAPEPTIDE-8 \u00b7 HELICHRYSUM ITALICUM FLOWER OIL \u00b7 LAVANDULA ANGUSTIFOLIA FLOWER OIL \u00b7 PALMITOYL TRIPEPTIDE-1 \u00b7 PALMITOYL TETRAPEPTIDE-7 \u00b7 PALMITOYL HEXAPEPTIDE-12 \u00b7 TRIFLUOROACETYL TRIPEPTIDE-2 \u00b7 SQUALANE \u00b7 ACETYL TETRAPEPTIDE-2 \u00b7 INFUSION COMPLEX\u2122<\/p>\n<\/div>\n<\/div>\n","protected":false},"excerpt":{"rendered":"<p>Divine Serum, \u00e7izgi ve k\u0131r\u0131\u015f\u0131kl\u0131klar\u0131n g\u00f6r\u00fcn\u00fcm\u00fcn\u00fc h\u0131zla azaltarak cildi gen\u00e7 ve sa\u011fl\u0131kl\u0131 bir g\u00f6r\u00fcn\u00fcme kavu\u015fturur.<br \/>\nInfusion Complex\u2122 ile g\u00fc\u00e7lendirilmi\u015f form\u00fcl\u00fc, kolajen \u00fcretimini desteklerken cildin yenilenme s\u00fcrecini h\u0131zland\u0131r\u0131r.<br \/>\nY\u00fcksek konsantrasyonlu aktif molek\u00fcller i\u00e7eren kolajen yenileyici kompleks, cilt s\u0131k\u0131l\u0131\u011f\u0131n\u0131 art\u0131r\u0131r, elastikiyeti destekler ve dokuyu g\u00f6zle g\u00f6r\u00fcl\u00fcr \u015fekilde iyile\u015ftirir.<br \/>\nD\u00fczenli kullan\u0131mda cilt daha dolgun, p\u00fcr\u00fczs\u00fcz ve \u0131\u015f\u0131ldayan bir g\u00f6r\u00fcn\u00fcme kavu\u015fur.<\/p>\n","protected":false},"featured_media":4832,"template":"","meta":[],"product_brand":[],"product_cat":[176],"product_tag":[],"class_list":{"0":"post-3616","1":"product","2":"type-product","3":"status-publish","4":"has-post-thumbnail","6":"product_cat-serumlar","8":"first","9":"instock","10":"featured","11":"shipping-taxable","12":"purchasable","13":"product-type-variable"},"_links":{"self":[{"href":"https:\/\/zahika.com\/tr_tr\/wp-json\/wp\/v2\/product\/3616","targetHints":{"allow":["GET"]}}],"collection":[{"href":"https:\/\/zahika.com\/tr_tr\/wp-json\/wp\/v2\/product"}],"about":[{"href":"https:\/\/zahika.com\/tr_tr\/wp-json\/wp\/v2\/types\/product"}],"wp:featuredmedia":[{"embeddable":true,"href":"https:\/\/zahika.com\/tr_tr\/wp-json\/wp\/v2\/media\/4832"}],"wp:attachment":[{"href":"https:\/\/zahika.com\/tr_tr\/wp-json\/wp\/v2\/media?parent=3616"}],"wp:term":[{"taxonomy":"product_brand","embeddable":true,"href":"https:\/\/zahika.com\/tr_tr\/wp-json\/wp\/v2\/product_brand?post=3616"},{"taxonomy":"product_cat","embeddable":true,"href":"https:\/\/zahika.com\/tr_tr\/wp-json\/wp\/v2\/product_cat?post=3616"},{"taxonomy":"product_tag","embeddable":true,"href":"https:\/\/zahika.com\/tr_tr\/wp-json\/wp\/v2\/product_tag?post=3616"}],"curies":[{"name":"wp","href":"https:\/\/api.w.org\/{rel}","templated":true}]}}