{"id":3611,"date":"2025-06-24T00:04:29","date_gmt":"2025-06-24T00:04:29","guid":{"rendered":"https:\/\/fiyakod.online\/?post_type=product&#038;p=3611"},"modified":"2026-03-30T15:41:56","modified_gmt":"2026-03-30T15:41:56","slug":"sublime-serum","status":"publish","type":"product","link":"https:\/\/zahika.com\/tr_tr\/urun\/sublime-serum","title":{"rendered":"Sublime Serum"},"content":{"rendered":"<p><b>YEN\u0130LENMEY\u0130 BA\u015eLATAN SERUM<\/b><\/p>\n<p>Yumu\u015fak ve zengin dokusuyla Sublime Serum, cildin do\u011fal onar\u0131m d\u00f6ng\u00fcs\u00fcn\u00fc harekete ge\u00e7irir.<br \/>\nDerinlemesine besleyici yap\u0131s\u0131 sayesinde yorgun g\u00f6r\u00fcn\u00fcm\u00fc siler, her kullan\u0131mda daha ayd\u0131nl\u0131k, canl\u0131 ve p\u00fcr\u00fczs\u00fcz bir cilt sunar.<br \/>\nY\u00fcksek konsantrasyonlu Infusion Complex\u2122 ve \u00e7ift em\u00fclsiyon teknolojisiyle geli\u015ftirilen form\u00fcl\u00fc, cilde ipeksi bir his b\u0131rak\u0131r ve e\u015fsiz bir duyusal deneyim ya\u015fat\u0131r.<\/p>\n<p><b><span class=\"Apple-converted-space\">\u00a0<\/span>G\u00d6ZLE G\u00d6R\u00dcL\u00dcR GEN\u00c7L\u0130K<\/b><\/p>\n<p>H\u00fccre yenilenmesini destekleyen Sublime Serum, ya\u015flanma belirtilerine kar\u015f\u0131 g\u00fc\u00e7l\u00fc bir destek sunar.<br \/>\nG\u00fcl ya\u011f\u0131, deniz yosunu, vitamin, mineral ve proteinlerle zenginle\u015ftirilen \u00f6zel Infusion Complex\u2122, 4 ay s\u00fcren kontroll\u00fc bir fermentasyon s\u00fcreciyle haz\u0131rlan\u0131r.<br \/>\nBu sayede i\u00e7erikler cilt taraf\u0131ndan daha kolay emilir ve hedef b\u00f6lgelerde daha etkili sonu\u00e7lar verir.<br \/>\nD\u00fczenli kullan\u0131mda ciltte belirgin bir s\u0131k\u0131la\u015fma, canl\u0131l\u0131k ve p\u00fcr\u00fczs\u00fczl\u00fck g\u00f6zlemlenir.<\/p>\n<p><b><span class=\"Apple-converted-space\">\u00a0<\/span>YEN\u0130L\u0130\u011e\u0130N KAYNA\u011eI<\/b><\/p>\n<p>Zahika\u2019n\u0131n g\u00fczelli\u011fe yakla\u015f\u0131m\u0131n\u0131 \u00f6zel k\u0131lan, do\u011fan\u0131n \u00f6z\u00fcn\u00fc bilimle bulu\u015fturan i\u00e7erik anlay\u0131\u015f\u0131d\u0131r.<br \/>\nFermente Rosa Damascena \u00f6z\u00fc ve \u00f6zel olarak geli\u015ftirilen Infusion Complex\u2122, cildin do\u011fal ritmini destekleyerek ona yeniden \u0131\u015f\u0131lt\u0131 kazand\u0131r\u0131r.<\/p>\n<p>Nas\u0131l kullan\u0131l\u0131r : Parmak u\u00e7lar\u0131n\u0131za bir miktar \u00fcr\u00fcn al\u0131n. Al\u0131n, yanaklar, \u00e7ene ve boyun b\u00f6lgesine nazik\u00e7e uygulay\u0131n. \u00c7eneden burun kenar\u0131na, ard\u0131ndan elmac\u0131k kemi\u011finin alt\u0131ndan \u015fakaklara do\u011fru d\u00fcz parmaklarla yukar\u0131 do\u011fru kayd\u0131rarak cildinize yedirin. Ayn\u0131 hareketleri y\u00fcz\u00fcn\u00fcz\u00fcn di\u011fer yar\u0131s\u0131 i\u00e7in de tekrarlay\u0131n<\/p>\n<p>INGREDIENTS: SIMMONDSIA CHINENSIS SEED OIL \u00b7 VITIS VINIFERA SEED OIL \u00b7 ALOE BARBADENSIS LEAF EXTRACT \u00b7 PRUNUS ARMENIACA KERNEL OIL \u00b7 PUNICA GRANATUM SEED OIL \u00b7 ROSA CANINA SEED OIL \u00b7 TRITICUM VULGARE GERM OIL \u00b7 ORYZA SATIVA BRAN OIL \u00b7 PERSEA GRATISSIMA OIL \u00b7 AESCULUS HIPPOCASTANUM EXTRACT \u00b7 ARGANIA SPINOSA KERNEL OIL \u00b7 FUCUS VESICULOSUS EXTRACT \u00b7 ROSMARINUS OFFICINALIS LEAF OIL \u00b7 JUGLANS REGIA SEED OIL \u00b7 SESAMUM INDICUM SEED OIL \u00b7 HELICHRYSUM ITALICUM FLOWER OIL \u00b7 PRUNUS AMYGDALUS AMARA KERNEL OIL \u00b7 LINUM USITATISSIMUM SEED OIL \u00b7 COLLAGEN \u00b7 CALENDULA OFFICINALIS FLOWER OIL \u00b7 OLEA EUROPAEA OIL \u00b7 LACTUCA SCARIOLA SATIVA LEAF EXTRACT \u00b7 SPIRULINA PLATENSIS EXTRACT \u00b7 CANNABIS SATIVA SEED EXTRACT \u00b7 TOCOPHERYL ACETATE \u00b7 THYMUS VULGARIS LEAF OIL \u00b7 ROSA DAMASCENA FLOWER OIL \u00b7 CITRUS LIMON PEEL OIL \u00b7 LAVANDULA ANGUSTIFOLIA FLOWER OIL \u00b7 ROSA DAMASCENA FLOWER WATER \u00b7 AQUA \u00b7 GLYCERIN \u00b7 HYALURONIC ACID \u00b7 CETEARYL ALCOHOL \u00b7 GLYCERYL STEARATE \u00b7 DICAPRYLYL CARBONATE \u00b7 PROPYLENE GLYCOL \u00b7 PROPYLHEPTYL CAPRYLATE \u00b7 ASCORBIC ACID \u00b7 CETEARETH-12 \u00b7 CETEARETH-20 \u00b7 CETYL PALMITATE \u00b7 TOCOPHEROL \u00b7 ACETYL HEXAPEPTIDE-8 \u00b7 ACETYL OCTAPEPTIDE-3 \u00b7 ACETYL TETRAPEPTIDE-2 \u00b7 COPPER TRIPEPTIDE-1 \u00b7 PALMITOYL HEXAPEPTIDE-12 \u00b7 PALMITOYL TETRAPEPTIDE-7 \u00b7 PALMITOYL PENTAPEPTIDE-4 \u00b7 PALMITOYL TRIPEPTIDE-1 \u00b7 PALMITOYL TRIPEPTIDE-5 \u00b7 PALMITOYL TRIPEPTIDE-8 \u00b7 TRIFLUOROACETYL TRIPEPTIDE-2 \u00b7 HYDROLYZED HYALURONIC ACID (OLIGO HA) \u00b7 SODIUM HYALURONATE \u00b7 HYDROLYZED COLLAGEN \u00b7 INFUSION COMPLEX\u2122<\/p>\n<p>&nbsp;<\/p>\n","protected":false},"excerpt":{"rendered":"<p>Infusion Complex\u2122 ile zenginle\u015ftirilen Sublime Serum, g\u00fcl ya\u011f\u0131 ve okyanuslar\u0131n derinliklerinden elde edilen deniz yosunu \u00f6z\u00fcn\u00fc bir araya getirerek cilt \u00fczerinde \u00e7ok katmanl\u0131 bir yenileyici etki sunar.<br \/>\nCiltle m\u00fckemmel uyum sa\u011flayan ileri seviye i\u00e7erik kombinasyonu, do\u011fal g\u00fcc\u00fcn\u00fc optimize eder, ya\u015flanma belirtilerini g\u00f6zle g\u00f6r\u00fcl\u00fcr \u015fekilde azalt\u0131r ve kapsaml\u0131 bir onar\u0131m s\u00fcrecini ba\u015flat\u0131r.<\/p>\n<p>Zengin dokusu ve y\u00fcksek aktif i\u00e7eri\u011fi sayesinde cilt, uygulamadan itibaren yo\u011fun \u015fekilde nemlenmi\u015f, beslenmi\u015f ve dolgun hissedilir. Zamanla elastikiyetini yeniden kazan\u0131r, cilt tonu e\u015fitlenir, dokusu ar\u0131n\u0131r ve yenilenmi\u015f bir g\u00f6r\u00fcn\u00fcm kazan\u0131r.<br \/>\n\u0130nce \u00e7izgiler ve k\u0131r\u0131\u015f\u0131kl\u0131klar\u0131n g\u00f6r\u00fcn\u00fcm\u00fcnde belirgin azalma sa\u011flan\u0131rken, genel cilt g\u00f6r\u00fcn\u00fcm\u00fc daha sa\u011fl\u0131kl\u0131, dengeli ve ayd\u0131nl\u0131k bir h\u00e2le gelir.<\/p>\n","protected":false},"featured_media":4830,"template":"","meta":[],"product_brand":[],"product_cat":[176],"product_tag":[],"class_list":{"0":"post-3611","1":"product","2":"type-product","3":"status-publish","4":"has-post-thumbnail","6":"product_cat-serumlar","8":"first","9":"instock","10":"featured","11":"shipping-taxable","12":"purchasable","13":"product-type-variable"},"_links":{"self":[{"href":"https:\/\/zahika.com\/tr_tr\/wp-json\/wp\/v2\/product\/3611","targetHints":{"allow":["GET"]}}],"collection":[{"href":"https:\/\/zahika.com\/tr_tr\/wp-json\/wp\/v2\/product"}],"about":[{"href":"https:\/\/zahika.com\/tr_tr\/wp-json\/wp\/v2\/types\/product"}],"wp:featuredmedia":[{"embeddable":true,"href":"https:\/\/zahika.com\/tr_tr\/wp-json\/wp\/v2\/media\/4830"}],"wp:attachment":[{"href":"https:\/\/zahika.com\/tr_tr\/wp-json\/wp\/v2\/media?parent=3611"}],"wp:term":[{"taxonomy":"product_brand","embeddable":true,"href":"https:\/\/zahika.com\/tr_tr\/wp-json\/wp\/v2\/product_brand?post=3611"},{"taxonomy":"product_cat","embeddable":true,"href":"https:\/\/zahika.com\/tr_tr\/wp-json\/wp\/v2\/product_cat?post=3611"},{"taxonomy":"product_tag","embeddable":true,"href":"https:\/\/zahika.com\/tr_tr\/wp-json\/wp\/v2\/product_tag?post=3611"}],"curies":[{"name":"wp","href":"https:\/\/api.w.org\/{rel}","templated":true}]}}