{"id":999,"date":"2022-09-08T19:30:15","date_gmt":"2022-09-08T19:30:15","guid":{"rendered":"https:\/\/fiyakod.online\/?page_id=999"},"modified":"2025-07-02T00:34:42","modified_gmt":"2025-07-02T00:34:42","slug":"mesafeli-satis-sozlesmesi","status":"publish","type":"page","link":"https:\/\/zahika.com\/tr_tr\/mesafeli-satis-sozlesmesi","title":{"rendered":"Mesafeli Sat\u0131\u015f S\u00f6zle\u015fmesi"},"content":{"rendered":"\t\t<div data-elementor-type=\"wp-page\" data-elementor-id=\"999\" class=\"elementor elementor-999\">\n\t\t\t\t\t\t<section class=\"elementor-section elementor-top-section elementor-element elementor-element-129e9600 elementor-section-boxed elementor-section-height-default elementor-section-height-default sc_fly_static\" data-id=\"129e9600\" data-element_type=\"section\" data-settings=\"{&quot;background_background&quot;:&quot;classic&quot;}\">\n\t\t\t\t\t\t<div class=\"elementor-container elementor-column-gap-extended\">\n\t\t\t\t\t<div class=\"elementor-column elementor-col-100 elementor-top-column elementor-element elementor-element-705e47ec sc_content_align_inherit sc_layouts_column_icons_position_left sc_fly_static\" data-id=\"705e47ec\" data-element_type=\"column\">\n\t\t\t<div class=\"elementor-widget-wrap elementor-element-populated\">\n\t\t\t\t\t\t<div class=\"elementor-element elementor-element-396e45d7 sc_fly_static elementor-widget elementor-widget-text-editor\" data-id=\"396e45d7\" data-element_type=\"widget\" data-widget_type=\"text-editor.default\">\n\t\t\t\t<div class=\"elementor-widget-container\">\n\t\t\t\t\t\t\t\t\t<p class=\"p1\"><b>1- TARAFLAR<\/b><br \/><b>SATICI:<\/b><br \/>\u00dcnvan\u0131:<br \/>Adresi:<br \/>Telefon:<br \/>Faks:<br \/>E-posta:<\/p><p class=\"p1\"><b>ALICI:<\/b><br \/>Ad\u0131\/Soyad\u0131 veya \u00dcnvan\u0131:<br \/>Adresi:<br \/>Telefon:<br \/>E-posta:<br \/>TC Kimlik No:<\/p><p class=\"p1\"><b>2- S\u00d6ZLE\u015eMEN\u0130N KONUSU<\/b><br \/>\u0130\u015fbu s\u00f6zle\u015fmenin konusu, ALICI&#8217;n\u0131n SATICI&#8217;ya ait <a href=\"http:\/\/www.zahika.com\/\"><span class=\"s1\">www.zahika.com<\/span><\/a> adl\u0131 internet sitesinden elektronik ortamda sipari\u015fini yapt\u0131\u011f\u0131, s\u00f6zle\u015fmede nitelikleri ve sat\u0131\u015f fiyat\u0131 belirtilen \u00fcr\u00fcn\u00fcn sat\u0131\u015f\u0131 ve teslimi ile ilgili olarak, 6502 say\u0131l\u0131 T\u00fcketicinin Korunmas\u0131 Hakk\u0131nda Kanun ve 27.11.2014 tarihli ve 29188 say\u0131l\u0131 Resmi Gazete\u2019de yay\u0131mlanan Mesafeli S\u00f6zle\u015fmeler Y\u00f6netmeli\u011fi h\u00fck\u00fcmleri gere\u011fince taraflar\u0131n hak ve y\u00fck\u00fcml\u00fcl\u00fcklerinin belirlenmesidir.<\/p><p class=\"p1\"><b>3- \u00d6N B\u0130LG\u0130LER<\/b><b><\/b><\/p><ul class=\"ul1\"><li class=\"li1\">S\u00f6zle\u015fme konusu mal\u0131n temel \u00f6zellikleri: \u00dcr\u00fcnlerin cinsi, t\u00fcr\u00fc, miktar\u0131, marka\/modeli, rengi, vergiler dahil sat\u0131\u015f bedeli (adet x birim fiyat) a\u015fa\u011f\u0131da belirtildi\u011fi gibidir.<br \/>Tarih:<br \/>\u00dcr\u00fcnlerin cinsi, t\u00fcr\u00fc, miktar\u0131, marka\/modeli ve rengi yukar\u0131da belirtilmi\u015ftir.<\/li><li class=\"li1\">\u00d6deme \u015fekli:<\/li><li class=\"li1\">Teslimat adresi:<\/li><\/ul><p class=\"p1\"><b>Kargo \u00dccreti:<\/b><br \/>Firmam\u0131z ile birlikte \u00e7al\u0131\u015ft\u0131\u011f\u0131m\u0131z kargo \u015firketi arac\u0131l\u0131\u011f\u0131yla 1.000 TL&#8217;nin alt\u0131ndaki sipari\u015flerde 90 TL kargo \u00fccreti tahsil edilmektedir. 1.000 TL ve \u00fczeri sipari\u015flerde \u00fccretsiz g\u00f6nderim yap\u0131lmaktad\u0131r. Kap\u0131da \u00f6deme se\u00e7ene\u011fi tercih edildi\u011finde ise kargo \u00fccretine ek olarak 75 TL hizmet bedeli al\u0131n\u0131r. Bu hizmet bedeli, sipari\u015f toplam tutar\u0131na eklenerek m\u00fc\u015fteri taraf\u0131ndan \u00f6denir.<\/p><p class=\"p1\"><b>4- CAYMA HAKKI<\/b><br \/>T\u00fcketici, hi\u00e7bir gerek\u00e7e g\u00f6stermeksizin ve herhangi bir cezai \u015fart \u00f6demeksizin, teslim ald\u0131\u011f\u0131 tarihten itibaren 14 g\u00fcn i\u00e7erisinde mal\u0131 veya hizmeti reddederek s\u00f6zle\u015fmeden cayma hakk\u0131na sahiptir. Cayma hakk\u0131n\u0131 kullanmak isteyen t\u00fcketici, sat\u0131c\u0131ya yaz\u0131l\u0131, s\u00f6zl\u00fc veya elektronik her t\u00fcrl\u00fc bildirimle (e-posta, telefon vb.) cayma bildiriminde bulunabilir. Cayma bildiriminin sat\u0131c\u0131ya ula\u015fmas\u0131 durumunda, sat\u0131c\u0131 mal\u0131 geri almay\u0131 taahh\u00fct eder.<\/p><p class=\"p1\">\u0130ade i\u015flemi i\u00e7in, iade etmek istedi\u011finiz \u00fcr\u00fcn\u00fc g\u00f6ndermeden \u00f6nce \u201c\u00dcr\u00fcn \u0130ade Talebi\u201d mesaj konusu ile ve sipari\u015f numaras\u0131yla info@zahika.com adresine e-posta g\u00f6ndermeniz gerekmektedir. Telefon, faks ve e-posta d\u0131\u015f\u0131ndaki bildirimler kabul edilmez. Firmam\u0131z, talebinizin ula\u015ft\u0131\u011f\u0131na dair teyit bilgisi g\u00f6nderecektir.<\/p><p class=\"p1\"><b>5- CAYMA HAKKININ KULLANIMI VE \u00dcR\u00dcN \u0130ADES\u0130NE \u0130L\u0130\u015eK\u0130N H\u00dcK\u00dcMLER<\/b><br \/>5.1. Faturas\u0131z ve orijinal ambalaj\u0131 bozulmu\u015f \u00fcr\u00fcnler i\u00e7in iade i\u015flemi yap\u0131lamaz.<br \/>5.2. Orijinal ambalaj\u0131 a\u00e7\u0131lm\u0131\u015f, tekrar sat\u0131labilirlik \u00f6zelli\u011fini kaybetmi\u015f, kullan\u0131lm\u0131\u015f, bozulmu\u015f ya da ba\u015fka bir m\u00fc\u015fteri taraf\u0131ndan sat\u0131n al\u0131namayacak durumda olan \u00fcr\u00fcnlerin iadesi kabul edilmez.<br \/>5.3. \u0130ade etmek istedi\u011finiz \u00fcr\u00fcnle birlikte faturan\u0131n asl\u0131, iade takip numaras\u0131 ve iade formu g\u00f6nderilmelidir. M\u00fc\u015fteri, \u00fcr\u00fcn\u00fc g\u00f6ndermeden \u00f6nce iade formunu doldurarak onay almal\u0131d\u0131r. Onays\u0131z g\u00f6nderilen \u00fcr\u00fcnler kabul edilmez ve geri g\u00f6nderilir. \u0130ade talebiniz ula\u015ft\u0131\u011f\u0131nda teyit bilgisi iletilecektir.<br \/>5.4. \u0130ade kargo \u00fccreti, anla\u015fmal\u0131 kargo firmam\u0131z Aras Kargo ile yap\u0131lan g\u00f6nderimlerde firmam\u0131z taraf\u0131ndan kar\u015f\u0131lan\u0131r. Di\u011fer kargo firmalar\u0131yla yap\u0131lan iadelerde kargo \u00fccreti al\u0131c\u0131ya aittir.<br \/>5.5. Kozmetik \u00fcr\u00fcnlerinin iadesi, \u00fcr\u00fcnlerin iade \u015fartlar\u0131na uygun \u015fekilde muhafaza edilmesi halinde m\u00fcmk\u00fcnd\u00fcr.<br \/>5.6. Gelen \u00fcr\u00fcn, Zahika taraf\u0131ndan incelenir. Yukar\u0131daki \u015fartlara uygunsa iade i\u015flemi ba\u015flat\u0131l\u0131r. \u0130ade onayland\u0131\u011f\u0131nda, yasal s\u00fcre olan 14 g\u00fcn i\u00e7inde \u00fcr\u00fcn \u00fccreti banka veya kredi kart\u0131n\u0131za iade edilir. Bu s\u00fcre, cayma bildiriminin Zahika\u2019ya ula\u015fmas\u0131 ile ba\u015flar. \u0130adenin hesab\u0131n\u0131za yans\u0131ma s\u00fcresi, bankan\u0131z\u0131n i\u015flem s\u00fcresine ba\u011fl\u0131d\u0131r.<br \/>5.7. M\u00fc\u015fteri, \u00fcr\u00fcn\u00fc teslim ald\u0131\u011f\u0131 andaki durumu ile iade etmek ve kullan\u0131m durumunda mal\u0131n ticari de\u011fer kayb\u0131n\u0131 tazmin etmekle y\u00fck\u00fcml\u00fcd\u00fcr.<br \/>5.8. Sadece <a href=\"http:\/\/www.zahika.com\/\"><span class=\"s1\">www.zahika.com<\/span><\/a> \u00fczerinden al\u0131nan \u00fcr\u00fcnlerin iade ve de\u011fi\u015fim i\u015flemleri yap\u0131labilir.<\/p><p class=\"p1\"><b>6- D\u0130\u011eER H\u00dcK\u00dcMLER<\/b><br \/>6.1. \u015eikayet ve itirazlar, Bilim, Sanayi ve Teknoloji Bakanl\u0131\u011f\u0131\u2019nca belirlenen parasal s\u0131n\u0131rlar dahilinde, t\u00fcketicinin mal\u0131 sat\u0131n ald\u0131\u011f\u0131 veya ikametgah\u0131n\u0131n bulundu\u011fu yerdeki t\u00fcketici hakem heyetine veya yetkili t\u00fcketici mahkemesine yap\u0131labilir.<br \/>6.2. Taraflar\u0131n, bu s\u00f6zle\u015fmenin imzaland\u0131\u011f\u0131 s\u0131rada belirtti\u011fi adreslerin de\u011fi\u015fmesi halinde, yeni adreslerini iadeli taahh\u00fctl\u00fc mektupla veya yaz\u0131l\u0131 olarak bildirme y\u00fck\u00fcml\u00fcl\u00fc\u011f\u00fc vard\u0131r. Aksi halde, eski adrese yap\u0131lan tebligatlar ge\u00e7erli say\u0131lacakt\u0131r.<br \/>6.3. SATICI, bu s\u00f6zle\u015fme ile sat\u0131\u015f\u0131 yap\u0131lan \u00fcr\u00fcnlerin nihai t\u00fcketiciye y\u00f6nelik oldu\u011funu kabul eder. ALICI\u2019n\u0131n \u00fcr\u00fcn\u00fc yeniden sat\u0131\u015f amac\u0131yla ald\u0131\u011f\u0131 tespit edilirse, s\u00f6zle\u015fme SATICI taraf\u0131ndan tek tarafl\u0131 feshedilebilir.<br \/>6.4. \u0130\u015fbu s\u00f6zle\u015fmeye ili\u015fkin damga vergisi SATICI taraf\u0131ndan \u00f6denir.<br \/>6.5. S\u00f6zle\u015fme, kullan\u0131lan ileti\u015fim ara\u00e7lar\u0131na ve iyi niyet ilkelerine uygun olarak, ergin olmayanlar ile ay\u0131rt etme g\u00fcc\u00fcnden yoksun ya da k\u0131s\u0131tl\u0131 bireyleri koruyacak \u015fekilde d\u00fczenlenmi\u015ftir.<\/p><p class=\"p1\"><b>7- ALICI&#8217;NIN BEYANI<\/b><br \/>ALICI, s\u00f6zle\u015fme konusu \u00fcr\u00fcn\u00fcn temel nitelikleri, sat\u0131\u015f fiyat\u0131, \u00f6deme \u015fekli ve teslimata ili\u015fkin t\u00fcm bilgileri i\u00e7eren \u00d6n Bilgiler\u2019i okudu\u011funu ve elektronik ortamda teyit etti\u011fini beyan eder.<\/p><p class=\"p1\"><b>8- YETK\u0130 \u015eARTI<\/b><br \/>\u0130\u015fbu s\u00f6zle\u015fmeden do\u011facak ihtilaflarda \u0130stanbul (Anadolu) Mahkemeleri ve \u0130cra M\u00fcd\u00fcrl\u00fckleri ile birlikte, ALICI\u2019n\u0131n mal\u0131 sat\u0131n ald\u0131\u011f\u0131 veya ikametgah\u0131n\u0131n bulundu\u011fu yerin t\u00fcketici hakem heyeti veya mahkemeleri yetkilidir.<\/p><p class=\"p1\"><b>9- \u0130MZA YER\u0130 VE TAR\u0130H\u0130<\/b><br \/>\u0130\u015fbu Mesafeli Sat\u0131\u015f S\u00f6zle\u015fmesi {tarih} tarihinde elektronik ortamda akdedilmi\u015f olup bir n\u00fcshas\u0131 ALICI\u2019n\u0131n i\u015fbu s\u00f6zle\u015fmenin 1. maddesinde belirtilen e-posta adresine g\u00f6nderilmi\u015ftir.<\/p><p class=\"p1\"><b>\u0130ADE \u015eARTLARI VE PROSED\u00dcRLER\u0130 HAKKINDA B\u0130LG\u0130LEND\u0130RME<\/b><b><\/b><\/p><p class=\"p1\"><span class=\"s1\"><a href=\"http:\/\/www.zahika.com\/\">www.zahika.com<\/a><\/span> sitesinden sat\u0131n ald\u0131\u011f\u0131n\u0131z \u00fcr\u00fcnleri, teslim ald\u0131\u011f\u0131n\u0131z g\u00fcnden itibaren 14 g\u00fcn i\u00e7inde, gerek\u00e7e g\u00f6stermeksizin ve cezai \u015fart \u00f6demeden iade edebilirsiniz. \u0130ade edilecek \u00fcr\u00fcn\u00fcn tekrar sat\u0131labilirlik \u00f6zelli\u011fini kaybetmemi\u015f, hasar g\u00f6rmemi\u015f, kullan\u0131lmam\u0131\u015f ve varsa t\u00fcm aksesuarlar\u0131yla birlikte g\u00f6nderilmesi gerekmektedir. \u0130ade i\u015flemi i\u00e7in, teslim ald\u0131\u011f\u0131n\u0131z g\u00fcnden itibaren 14 g\u00fcn i\u00e7inde orijinal ambalaj\u0131nda ve faturas\u0131yla birlikte a\u015fa\u011f\u0131daki adrese g\u00f6nderim yapmal\u0131s\u0131n\u0131z.<\/p><p class=\"p1\"><b>G\u00f6nderi Adresi:<\/b><br \/>Faz Kozmetik \u0130thalat \u0130hracat Limited \u015eirketi<br \/>Arma\u011fanevler Mah. Havuz Sok. No 32 &#8211; 34780, \u00dcmraniye &#8211; \u0130stanbul \/ T\u00fcrkiye<\/p><p class=\"p1\">\u0130ade kargonuz ula\u015ft\u0131ktan ve ko\u015fullara uygunlu\u011fu kontrol edildikten sonra 48 saat i\u00e7inde iade i\u015fleminiz yap\u0131lacakt\u0131r. \u0130ade onayland\u0131\u011f\u0131nda, yasal s\u00fcre olan 14 g\u00fcn i\u00e7inde \u00fcr\u00fcn \u00fccreti kredi kart\u0131n\u0131za iade edilir. Bankan\u0131z\u0131n i\u015flem s\u00fcresine g\u00f6re gecikmelerden Zahika sorumlu de\u011fildir.<\/p><p class=\"p1\"><b>SATICI:<\/b>\u00a0\u00a0\u00a0\u00a0\u00a0<\/p><p class=\"p1\"><b>ALICI:<\/b><b><\/b><\/p>\t\t\t\t\t\t\t\t<\/div>\n\t\t\t\t<\/div>\n\t\t\t\t\t<\/div>\n\t\t<\/div>\n\t\t\t\t\t<\/div>\n\t\t<\/section>\n\t\t\t\t<\/div>\n\t\t","protected":false},"excerpt":{"rendered":"<p>1- TARAFLARSATICI:\u00dcnvan\u0131:Adresi:Telefon:Faks:E-posta: ALICI:Ad\u0131\/Soyad\u0131 veya \u00dcnvan\u0131:Adresi:Telefon:E-posta:TC Kimlik No: 2- S\u00d6ZLE\u015eMEN\u0130N KONUSU\u0130\u015fbu s\u00f6zle\u015fmenin konusu, ALICI&#8217;n\u0131n SATICI&#8217;ya ait www.zahika.com adl\u0131 internet sitesinden elektronik ortamda sipari\u015fini yapt\u0131\u011f\u0131, s\u00f6zle\u015fmede nitelikleri ve sat\u0131\u015f fiyat\u0131 belirtilen \u00fcr\u00fcn\u00fcn&hellip;<\/p>\n","protected":false},"author":1,"featured_media":0,"parent":0,"menu_order":0,"comment_status":"closed","ping_status":"closed","template":"","meta":{"footnotes":""},"class_list":["post-999","page","type-page","status-publish","hentry"],"_links":{"self":[{"href":"https:\/\/zahika.com\/tr_tr\/wp-json\/wp\/v2\/pages\/999","targetHints":{"allow":["GET"]}}],"collection":[{"href":"https:\/\/zahika.com\/tr_tr\/wp-json\/wp\/v2\/pages"}],"about":[{"href":"https:\/\/zahika.com\/tr_tr\/wp-json\/wp\/v2\/types\/page"}],"author":[{"embeddable":true,"href":"https:\/\/zahika.com\/tr_tr\/wp-json\/wp\/v2\/users\/1"}],"replies":[{"embeddable":true,"href":"https:\/\/zahika.com\/tr_tr\/wp-json\/wp\/v2\/comments?post=999"}],"version-history":[{"count":7,"href":"https:\/\/zahika.com\/tr_tr\/wp-json\/wp\/v2\/pages\/999\/revisions"}],"predecessor-version":[{"id":3995,"href":"https:\/\/zahika.com\/tr_tr\/wp-json\/wp\/v2\/pages\/999\/revisions\/3995"}],"wp:attachment":[{"href":"https:\/\/zahika.com\/tr_tr\/wp-json\/wp\/v2\/media?parent=999"}],"curies":[{"name":"wp","href":"https:\/\/api.w.org\/{rel}","templated":true}]}}