{"id":3769,"date":"2025-06-24T10:13:52","date_gmt":"2025-06-24T10:13:52","guid":{"rendered":"https:\/\/fiyakod.online\/?page_id=3769"},"modified":"2025-07-02T00:33:10","modified_gmt":"2025-07-02T00:33:10","slug":"gizlilik-ve-guvenlik","status":"publish","type":"page","link":"https:\/\/zahika.com\/tr_tr\/gizlilik-ve-guvenlik","title":{"rendered":"Gizlilik ve G\u00fcvenlik"},"content":{"rendered":"\t\t<div data-elementor-type=\"wp-page\" data-elementor-id=\"3769\" class=\"elementor elementor-3769\">\n\t\t\t\t\t\t<section class=\"elementor-section elementor-top-section elementor-element elementor-element-22fcddb elementor-section-boxed elementor-section-height-default elementor-section-height-default sc_fly_static\" data-id=\"22fcddb\" data-element_type=\"section\" data-settings=\"{&quot;background_background&quot;:&quot;classic&quot;}\">\n\t\t\t\t\t\t<div class=\"elementor-container elementor-column-gap-extended\">\n\t\t\t\t\t<div class=\"elementor-column elementor-col-100 elementor-top-column elementor-element elementor-element-1d145ac sc_content_align_inherit sc_layouts_column_icons_position_left sc_fly_static\" data-id=\"1d145ac\" data-element_type=\"column\">\n\t\t\t<div class=\"elementor-widget-wrap elementor-element-populated\">\n\t\t\t\t\t\t<div class=\"elementor-element elementor-element-ea0ccfa sc_fly_static elementor-widget elementor-widget-text-editor\" data-id=\"ea0ccfa\" data-element_type=\"widget\" data-widget_type=\"text-editor.default\">\n\t\t\t\t<div class=\"elementor-widget-container\">\n\t\t\t\t\t\t\t\t\t<p class=\"p1\"><b>Ki\u015fisel Verilerin Korunmas\u0131 Hakk\u0131nda Ayd\u0131nlatma Bildirimi<\/b><\/p><p class=\"p2\"><b>Bu bilgilendirme, 6698 say\u0131l\u0131 Ki\u015fisel Verilerin Korunmas\u0131 Kanunu (&#8220;KVKK\u201d) 10. maddesi gere\u011fince ve yasal zorunluluk nedeniyle yap\u0131lmaktad\u0131r.<\/b><\/p><p class=\"p2\"><b>Zahika olarak ki\u015fisel verilerinizin g\u00fcvenli\u011fi ve korunmas\u0131 hususlar\u0131na b\u00fcy\u00fck bir \u00f6nem g\u00f6stermekteyiz. Bu bilin\u00e7le, Zahika olarak \u00fcr\u00fcn ve hizmetlerimizden faydalanan ki\u015filer dahil, Zahika ile ili\u015fkili t\u00fcm ger\u00e7ek ki\u015filere ait her t\u00fcrl\u00fc ki\u015fisel verinin 6698 say\u0131l\u0131 KVKK\u2019ya uygun olarak i\u015flenmesi ve muhafaza edilmesi konusuna azami hassasiyet g\u00f6stermekteyiz.<\/b><\/p><p class=\"p2\"><b>KVKK\u2019da belirtildi\u011fi \u00fczere \u015eahika b\u00fcnyesinde veya Zahika\u2019n\u0131n talimat\u0131 ile i\u015flenmekte olan ki\u015fisel veriler bak\u0131m\u0131ndan &#8220;Veri Sorumlusu\u201d s\u0131fat\u0131yla sorumlu oldu\u011fumuz bilincinde olarak, ki\u015fisel verilerinizi a\u015fa\u011f\u0131da izah edildi\u011fi \u015fekilde ve mevzuat taraf\u0131ndan izin verilen s\u0131n\u0131rlamalar \u00e7er\u00e7evesinde i\u015flemekteyiz.<\/b><\/p><p class=\"p4\"><b>1. Veri Sorumlusu ve Temsilcisi<\/b><\/p><p class=\"p2\"><b>KVKK uyar\u0131nca ki\u015fisel verileriniz &#8220;Veri Sorumlusu\u201d olarak Zahika taraf\u0131ndan a\u015fa\u011f\u0131da a\u00e7\u0131klananlar kapsam\u0131nda i\u015flenebilecektir.<\/b><\/p><p class=\"p4\"><b>2. Ki\u015fisel Verilerin Toplanmas\u0131, \u0130\u015flenmesi ve \u0130\u015fleme Ama\u00e7lar\u0131<\/b><\/p><p class=\"p2\"><b>Ki\u015fisel verileriniz, Zahika\u2019n\u0131n web sitesine giri\u015f yaparak al\u0131\u015fveri\u015f yapt\u0131\u011f\u0131n\u0131z veya siteye \u00fcye oldu\u011funuz durumlarda toplanmaktad\u0131r.<\/b><\/p><p class=\"p2\"><b>Zahika verilerinizi elektronik y\u00f6ntemlerle toplamaktad\u0131r. Sizlerden toplanan verilerin b\u00fcy\u00fck bir \u00e7o\u011funlu\u011fu elektronik ortamda sizlerin bizzat iletti\u011fi veriler olup, bunun haricinde taray\u0131c\u0131 ve bilgisayar\u0131n\u0131za ili\u015fkin birtak\u0131m bilgiler ise otomatik olarak toplanmaktad\u0131r.<\/b><\/p><p class=\"p2\"><b>Zahika taraf\u0131ndan a\u015fa\u011f\u0131da belirtilen ki\u015fisel verileriniz yanlar\u0131nda belirtilen i\u015fleme ama\u00e7lar\u0131 ile toplanmaktad\u0131r;<\/b><\/p><table class=\"t1\" cellspacing=\"0\" cellpadding=\"0\"><tbody><tr><td class=\"td1\" valign=\"middle\"><p class=\"p6\"><span class=\"s1\"><b>Ki\u015fisel Veri<\/b><b><\/b><\/span><\/p><\/td><td class=\"td2\" valign=\"middle\"><p class=\"p6\"><span class=\"s1\"><b>\u0130\u015fleme Amac\u0131<\/b><b><\/b><\/span><\/p><\/td><\/tr><tr><td class=\"td3\" valign=\"middle\"><p class=\"p7\"><span class=\"s1\">Ad\u0131n\u0131z ve Soyad\u0131n\u0131z<\/span><\/p><\/td><td class=\"td4\" valign=\"middle\"><p class=\"p8\">Al\u0131\u015fveri\u015f talebinizi ger\u00e7ekle\u015ftirmek ve sitemize \u00fcye olman\u0131z\u0131 sa\u011flamak amac\u0131yla<\/p><\/td><\/tr><tr><td class=\"td5\" valign=\"middle\"><p class=\"p7\"><span class=\"s1\">Telefon numaran\u0131z<\/span><\/p><\/td><td class=\"td6\" valign=\"middle\"><p class=\"p8\">\u00dcr\u00fcnlerinizin size iletilmesi i\u00e7in sizlerle ileti\u015fime ge\u00e7mek amac\u0131yla<\/p><\/td><\/tr><tr><td class=\"td3\" valign=\"middle\"><p class=\"p7\"><span class=\"s1\">E-mail adresiniz<\/span><\/p><\/td><td class=\"td4\" valign=\"middle\"><p class=\"p8\">\u00dcr\u00fcnlerinizin size iletilmesi i\u00e7in sizlerle ileti\u015fime ge\u00e7mek amac\u0131yla<\/p><\/td><\/tr><tr><td class=\"td7\" valign=\"middle\"><p class=\"p7\"><span class=\"s1\">Adresiniz<\/span><\/p><\/td><td class=\"td8\" valign=\"middle\"><p class=\"p7\"><span class=\"s1\">\u00dcr\u00fcnlerinizin size iletilmesi amac\u0131yla<\/span><\/p><\/td><\/tr><tr><td class=\"td1\" valign=\"middle\"><p class=\"p7\"><span class=\"s1\">T.C. Kimlik Numaran\u0131z<\/span><\/p><\/td><td class=\"td2\" valign=\"middle\"><p class=\"p7\"><span class=\"s1\">\u00dcr\u00fcnlerinizin size iletilmesi amac\u0131yla<\/span><\/p><\/td><\/tr><tr><td class=\"td9\" valign=\"middle\"><p class=\"p7\"><span class=\"s1\">Sepet detay\u0131n\u0131z<\/span><\/p><\/td><td class=\"td10\" valign=\"middle\"><p class=\"p8\">Al\u0131\u015fveri\u015f talebinizi ger\u00e7ekle\u015ftirmek amac\u0131yla<\/p><\/td><\/tr><tr><td class=\"td11\" valign=\"middle\"><p class=\"p7\"><span class=\"s1\">\u00d6deme y\u00f6nteminiz<\/span><\/p><\/td><td class=\"td12\" valign=\"middle\"><p class=\"p8\">Al\u0131\u015fveri\u015f talebinizi ger\u00e7ekle\u015ftirmek amac\u0131yla<\/p><\/td><\/tr><tr><td class=\"td9\" valign=\"middle\"><p class=\"p7\"><span class=\"s1\">Mobil veya kap\u0131da \u00f6deme tercihiniz<\/span><\/p><\/td><td class=\"td10\" valign=\"middle\"><p class=\"p8\">Al\u0131\u015fveri\u015f talebinizi ger\u00e7ekle\u015ftirmek amac\u0131yla<\/p><\/td><\/tr><tr><td class=\"td3\" valign=\"middle\"><p class=\"p7\"><span class=\"s1\">Taray\u0131c\u0131 \u00f6zellikleriniz<\/span><\/p><\/td><td class=\"td4\" valign=\"middle\"><p class=\"p8\">\u0130statistiksel ve web sitesinin daha iyi performans g\u00f6stermesi amac\u0131yla<\/p><\/td><\/tr><tr><td class=\"td9\" valign=\"middle\"><p class=\"p7\"><span class=\"s1\">IP adresiniz<\/span><\/p><\/td><td class=\"td10\" valign=\"middle\"><p class=\"p7\"><span class=\"s1\">Bulundu\u011funuz \u00fclkeyi belirleyerek sizlere uygulanacak hukuk kurallar\u0131n\u0131 belirlemek amac\u0131yla ve istatistiksel ama\u00e7larla<\/span><\/p><\/td><\/tr><\/tbody><\/table><p class=\"p10\">Toplanan ki\u015fisel verileriniz; hukuka ve d\u00fcr\u00fcstl\u00fck kurallar\u0131na uygun, do\u011fru ve gerekti\u011finde g\u00fcncel, belirli, a\u00e7\u0131k ve me\u015fru ama\u00e7lar i\u00e7in ve i\u015flendikleri ama\u00e7la ba\u011flant\u0131l\u0131, s\u0131n\u0131rl\u0131 ve \u00f6l\u00e7\u00fcl\u00fc olarak ve ilgili mevzuatta \u00f6ng\u00f6r\u00fclen veya i\u015flendikleri ama\u00e7 i\u00e7in gerekli olan s\u00fcre kadar muhafaza edilme ilkelerine uygun olarak i\u015flenir.<\/p><p class=\"p12\"><b>3. \u0130\u015flenen Ki\u015fisel Verilerin Kimlere ve Hangi Ama\u00e7la Aktar\u0131labilece\u011fi<\/b><\/p><p class=\"p10\">Toplanan ki\u015fisel verileriniz; 2. maddede belirtilen ama\u00e7larla s\u0131n\u0131rl\u0131 olarak \u015firketimizce hizmet\/destek\/dan\u0131\u015fmanl\u0131k al\u0131nan ya da i\u015fbirli\u011fi yap\u0131lan yurti\u00e7i \u015firketler ve \u00e7\u00f6z\u00fcm ortaklar\u0131 ile payla\u015f\u0131labilir.<\/p><p class=\"p10\">Verilerinizin payla\u015f\u0131m\u0131 i\u00e7in mutlaka KVKK md. 5\u2019te belirtilen bir hukuka uygunluk sebebine dayan\u0131larak verileriniz payla\u015f\u0131lmaktad\u0131r. \u00d6rnek olarak bir sipari\u015f verdikten sonra Ad\u0131n\u0131z, Soyad\u0131n\u0131z, Adresiniz ve T.C. Kimlik numaran\u0131z sipari\u015fin size ula\u015fmas\u0131n\u0131 sa\u011flamak amac\u0131yla KVKK md 5\/2 c) h\u00fckm\u00fc uyar\u0131nca kargo \u015firketleri ile payla\u015f\u0131lmaktad\u0131r.<\/p><p class=\"p10\">Zahika, ki\u015fisel verilerinizi, yukar\u0131da belirtilen ama\u00e7lar \u00e7er\u00e7evesinde gerekli g\u00fcvenlik \u00f6nlemlerini almak kayd\u0131yla, T\u00fcrkiye i\u00e7inde veya d\u0131\u015f\u0131nda bulunan sunucularda veya di\u011fer elektronik ortamlarda i\u015fleyip saklayabilir. Zahika, s\u00f6z konusu sunucular\u0131n bulundu\u011fu \u00fclkelerde ki\u015fisel verilerin korunmas\u0131 konusunda geli\u015fmi\u015f kanunlar bulundu\u011funu garanti etmektedir.<\/p><p class=\"p12\"><b>4. Ki\u015fisel Veri Toplaman\u0131n Y\u00f6ntemi ve Hukuki Sebebi<\/b><\/p><p class=\"p10\">Ki\u015fisel verileriniz, sizlerin elektronik olarak iletti\u011fi bilgilerden ve sistemlerimizin otomatik olarak toplad\u0131\u011f\u0131 taray\u0131c\u0131 bilgilerinden ibarettir. Ki\u015fisel verileriniz;<\/p><ul class=\"ul1\"><li class=\"li10\">Sat\u0131n alma i\u015fleminizin tamamlanmas\u0131, \u00fcyelik i\u015fleminizin ger\u00e7ekle\u015ftirilmesi ve sipari\u015finizin iletilmesi ama\u00e7lar\u0131yla KVKK md. 5\/2 c hukuki sebebine,<\/li><li class=\"li10\">A\u00e7\u0131k r\u0131za vermeniz durumunda sizlere tan\u0131t\u0131m mesajlar\u0131 g\u00f6ndermek amac\u0131yla KVKK md. 5\/1 hukuki sebebine ve,<\/li><li class=\"li10\">\u0130statistiki ama\u00e7larla (taray\u0131c\u0131 bilgisi) KVKK md. 5\/2 f hukuki sebebine dayan\u0131larak i\u015flenmektedir.<\/li><\/ul><p class=\"p12\"><b>5. \u0130lgili Ki\u015fi Olarak Haklar\u0131n\u0131z<\/b><\/p><p class=\"p10\">\u0130lgili ki\u015fi olarak, haklar\u0131n\u0131za ili\u015fkin taleplerinizi, a\u015fa\u011f\u0131da d\u00fczenlenen y\u00f6ntemlerle Zahika\u2019ya iletmeniz durumunda, talebinizi niteli\u011fine g\u00f6re en k\u0131sa s\u00fcrede ve en ge\u00e7 otuz g\u00fcn i\u00e7inde herhangi bir \u00fccret talep etmeksizin sonu\u00e7land\u0131raca\u011f\u0131z. Ancak, Ki\u015fisel Verileri Koruma Kurulunca, ba\u015fvurulara ili\u015fkin bir \u00fccret \u00f6ng\u00f6r\u00fclmesi durumunda, belirlenecek ilgili \u00fccret al\u0131nacakt\u0131r.<\/p><p class=\"p10\">KVKK\u2019n\u0131n 11. maddesine g\u00f6re ilgili ki\u015fi olarak haklar\u0131n\u0131z \u015funlard\u0131r;<\/p><p class=\"p10\">a) Ki\u015fisel veri i\u015flenip i\u015flenmedi\u011fini \u00f6\u011frenme,<br \/>b) Ki\u015fisel verileri i\u015flenmi\u015fse buna ili\u015fkin bilgi talep etme,<br \/>c) Ki\u015fisel verilerin i\u015flenme amac\u0131n\u0131 ve bunlar\u0131n amac\u0131na uygun kullan\u0131l\u0131p kullan\u0131lmad\u0131\u011f\u0131n\u0131 \u00f6\u011frenme,<br \/>d) Yurt i\u00e7inde veya yurt d\u0131\u015f\u0131nda ki\u015fisel verilerin aktar\u0131ld\u0131\u011f\u0131 \u00fc\u00e7\u00fcnc\u00fc ki\u015fileri bilme,<br \/>e) Ki\u015fisel verilerin eksik veya yanl\u0131\u015f i\u015flenmi\u015f olmas\u0131 h\u00e2linde bunlar\u0131n d\u00fczeltilmesini isteme ve bu kapsamda yap\u0131lan i\u015flemin ki\u015fisel verilerin aktar\u0131ld\u0131\u011f\u0131 \u00fc\u00e7\u00fcnc\u00fc ki\u015filere bildirilmesini isteme,<br \/>f) KVKK\u2019ya ve ilgili di\u011fer kanun h\u00fck\u00fcmlerine uygun olarak i\u015flenmi\u015f olmas\u0131na ra\u011fmen, i\u015flenmesini gerektiren sebeplerin ortadan kalkmas\u0131 h\u00e2linde ki\u015fisel verilerin silinmesini veya yok edilmesini isteme ve bu kapsamda yap\u0131lan i\u015flemin ki\u015fisel verilerin aktar\u0131ld\u0131\u011f\u0131 \u00fc\u00e7\u00fcnc\u00fc ki\u015filere bildirilmesini isteme,<br \/>g) \u0130\u015flenen verilerin m\u00fcnhas\u0131ran otomatik sistemler vas\u0131tas\u0131yla analiz edilmesi suretiyle ki\u015finin kendisi aleyhine bir sonucun ortaya \u00e7\u0131kmas\u0131na itiraz etme,<br \/>h) Ki\u015fisel verilerin kanuna ayk\u0131r\u0131 olarak i\u015flenmesi sebebiyle zarara u\u011framas\u0131 h\u00e2linde zarar\u0131n giderilmesini talep etme.<\/p><p class=\"p10\">Buna ek olarak verilerinizin sizden al\u0131nan a\u00e7\u0131k r\u0131za ile i\u015flenmesi durumunda r\u0131zan\u0131z\u0131 geri \u00e7ekme hakk\u0131nda da sahipsiniz.<\/p><p class=\"p10\">KVKK\u2019n\u0131n 13. maddesinin 1. f\u0131kras\u0131 gere\u011fince, yukar\u0131da belirtilen haklar\u0131n\u0131z\u0131 kullanmak i\u00e7in ilgili talebinizi ekli formu kullanarak bize iletebilirsiniz. Ekli formun kullan\u0131m\u0131 ve formun g\u00f6nderilece\u011fi adres ile ihtiva etmesi gereken bilgiler KVKK\u2019ya g\u00f6re belirlenmi\u015f olup ilgili a\u00e7\u0131klamalar formda yer almaktad\u0131r.<\/p><p class=\"p10\">FAZ Kozmetik, KVKK\u2019da olabilecek de\u011fi\u015fiklikler ve Ki\u015fisel Verileri Koruma Kurulu taraf\u0131ndan belirlenecek y\u00f6ntemler ile verilecek kararlar sebebi ile bu ayd\u0131nlatma bildiriminde de\u011fi\u015fiklik yapma hakk\u0131n\u0131 sakl\u0131 tutmaktad\u0131r.<\/p><p class=\"p13\"><b>EK \u2013 1: Ba\u015fvuru Formu<\/b><\/p><p class=\"p10\">6698 say\u0131l\u0131 KVKK\u2019da ilgili ki\u015fi olarak tan\u0131mlanan veri sahiplerinin haklar\u0131, Zahika\u2019n\u0131n Ki\u015fisel Verilerin Korunmas\u0131 Hakk\u0131nda Ayd\u0131nlatma Bildirimi\u2019nde belirtilmi\u015ftir.<\/p><p class=\"p10\">KVKK\u2019n\u0131n 13. maddesinin 1. f\u0131kras\u0131 gere\u011fi, s\u00f6z konusu haklara ili\u015fkin bildirimin yaz\u0131l\u0131 olarak yap\u0131lmas\u0131 gerekmektedir. Bu \u00e7er\u00e7evede ba\u015fvurular\u0131n, i\u015fbu formun \u00e7\u0131kt\u0131s\u0131 al\u0131narak, \u015fahsen kimlik teyitli olarak, noter marifetiyle veya KEP adresi ile bize iletilmesi gerekmektedir. E\u011fer e-posta adresiniz sistemimizde daha \u00f6nceden kay\u0131t alt\u0131na al\u0131nm\u0131\u015f ise bizlere \u2026\u2026\u2026\u2026\u2026\u2026\u2026\u2026\u2026\u2026.. adresinden de ula\u015fabilirsiniz.<\/p><p class=\"p10\">Ba\u015fvurunun G\u00f6nderilece\u011fi Adres:<br \/>[Adres]<\/p><p class=\"p10\">Ba\u015fvurunun G\u00f6nderilece\u011fi Birim:<br \/>[Departman]<\/p><p class=\"p10\">Ba\u015fvuru G\u00f6nderiminde Belirtilecek Bilgi:<br \/>Ba\u015fvurunun g\u00f6nderilece\u011fi zarf \u00fczerinde &#8220;KVKK \u0130lgili Ki\u015fi Bilgi Talebi\u201d yaz\u0131lmal\u0131d\u0131r.<\/p><p class=\"p10\">Yukar\u0131da belirtilen \u015fekilde taraf\u0131m\u0131za iletilmi\u015f olan ba\u015fvurunuz, KVKK\u2019n\u0131n 13. maddesinin 2. f\u0131kras\u0131 uyar\u0131nca talebinizin bize ula\u015ft\u0131\u011f\u0131 tarihten itibaren m\u00fcmk\u00fcn olan en k\u0131sa s\u00fcrede yan\u0131tland\u0131r\u0131lacak olup, bu s\u00fcre en fazla otuz g\u00fcn olacakt\u0131r. Yan\u0131tlar\u0131m\u0131z, KVKK\u2019n\u0131n ayn\u0131 maddesi gere\u011fi yaz\u0131l\u0131 olarak veya elektronik ortamda taraf\u0131n\u0131za ula\u015ft\u0131r\u0131lacakt\u0131r.<\/p><p class=\"p12\"><b>1. Veri Sahibi Bilgileri:<\/b><\/p><p class=\"p10\">Ad\u0131:<br \/>Soyad\u0131:<br \/>Do\u011fum Tarihi:<br \/>T.C. Kimlik No:<br \/>Telefon No:<br \/>E-Posta Adresi:<br \/>Adres:<\/p><p class=\"p12\"><b>2. Zahika ile Olan \u0130li\u015fkiniz<\/b><\/p><p class=\"p10\">L\u00fctfen Zahika ile olan ili\u015fkinizi belirtiniz.<\/p><p class=\"p10\">[] M\u00fc\u015fteri\/M\u00fc\u015fteri Aday\u0131<br \/>[] Tedarik\u00e7i\/\u0130\u015f Orta\u011f\u0131<br \/>[] \u00c7al\u0131\u015fan<br \/>[] \u0130\u015f Ba\u015fvurusunda Bulunan<br \/>[] Di\u011fer<\/p><p class=\"p12\"><b>3. Talebiniz<\/b><\/p><p class=\"p10\">L\u00fctfen KVKK kapsam\u0131ndaki talebinizi belirtiniz. Aksi y\u00f6nde bir talebiniz olmamas\u0131 halinde taraf\u0131n\u0131za g\u00f6nderilecek yan\u0131t yukar\u0131da belirtilen e-posta adresine g\u00f6nderilecektir.<\/p><p class=\"p10\">\u0130\u015fbu ba\u015fvuru formu, KVKK\u2019da belirtilen azami s\u00fcrede size cevap verebilmek i\u00e7in ki\u015fisel verilerinizin daha do\u011fru ve eksiksiz bir \u015fekilde belirlenebilmesi i\u00e7in d\u00fczenlenmi\u015ftir. Zahika, ilgili ki\u015finin kimlik ve yetkisini tespit veya teyit i\u00e7in ek evrak talep edebilir.<\/p><p class=\"p10\">\u0130\u015fbu formu imzalamak ve taraf\u0131m\u0131za iletmek suretiyle form kapsam\u0131nda belirtti\u011finiz bilgilerin do\u011fru ve g\u00fcncel oldu\u011funu, bu bilgileri ve talepleri iletmek konusunda yetkili oldu\u011funuzu taahh\u00fct etmektesiniz. Formda belirtilen bilgilerin hatal\u0131 olmas\u0131, g\u00fcncel olmamas\u0131 veya yetkisiz bir ba\u015fvuru yap\u0131lmas\u0131ndan dolay\u0131 Zahika\u2019n\u0131n hi\u00e7bir sorumlulu\u011fu olmad\u0131\u011f\u0131n\u0131 da kabul etmektesiniz.<\/p>\t\t\t\t\t\t\t\t<\/div>\n\t\t\t\t<\/div>\n\t\t\t\t\t<\/div>\n\t\t<\/div>\n\t\t\t\t\t<\/div>\n\t\t<\/section>\n\t\t\t\t<\/div>\n\t\t","protected":false},"excerpt":{"rendered":"<p>Ki\u015fisel Verilerin Korunmas\u0131 Hakk\u0131nda Ayd\u0131nlatma Bildirimi Bu bilgilendirme, 6698 say\u0131l\u0131 Ki\u015fisel Verilerin Korunmas\u0131 Kanunu (&#8220;KVKK\u201d) 10. maddesi gere\u011fince ve yasal zorunluluk nedeniyle yap\u0131lmaktad\u0131r. Zahika olarak ki\u015fisel verilerinizin g\u00fcvenli\u011fi ve korunmas\u0131&hellip;<\/p>\n","protected":false},"author":1,"featured_media":0,"parent":0,"menu_order":0,"comment_status":"closed","ping_status":"closed","template":"","meta":{"footnotes":""},"class_list":["post-3769","page","type-page","status-publish","hentry"],"_links":{"self":[{"href":"https:\/\/zahika.com\/tr_tr\/wp-json\/wp\/v2\/pages\/3769","targetHints":{"allow":["GET"]}}],"collection":[{"href":"https:\/\/zahika.com\/tr_tr\/wp-json\/wp\/v2\/pages"}],"about":[{"href":"https:\/\/zahika.com\/tr_tr\/wp-json\/wp\/v2\/types\/page"}],"author":[{"embeddable":true,"href":"https:\/\/zahika.com\/tr_tr\/wp-json\/wp\/v2\/users\/1"}],"replies":[{"embeddable":true,"href":"https:\/\/zahika.com\/tr_tr\/wp-json\/wp\/v2\/comments?post=3769"}],"version-history":[{"count":6,"href":"https:\/\/zahika.com\/tr_tr\/wp-json\/wp\/v2\/pages\/3769\/revisions"}],"predecessor-version":[{"id":3989,"href":"https:\/\/zahika.com\/tr_tr\/wp-json\/wp\/v2\/pages\/3769\/revisions\/3989"}],"wp:attachment":[{"href":"https:\/\/zahika.com\/tr_tr\/wp-json\/wp\/v2\/media?parent=3769"}],"curies":[{"name":"wp","href":"https:\/\/api.w.org\/{rel}","templated":true}]}}