{"id":3764,"date":"2025-06-24T10:12:09","date_gmt":"2025-06-24T10:12:09","guid":{"rendered":"https:\/\/fiyakod.online\/?page_id=3764"},"modified":"2025-07-02T00:35:01","modified_gmt":"2025-07-02T00:35:01","slug":"odeme-ve-teslimat","status":"publish","type":"page","link":"https:\/\/zahika.com\/tr_tr\/odeme-ve-teslimat","title":{"rendered":"\u00d6deme ve Teslimat"},"content":{"rendered":"\t\t<div data-elementor-type=\"wp-page\" data-elementor-id=\"3764\" class=\"elementor elementor-3764\">\n\t\t\t\t\t\t<section class=\"elementor-section elementor-top-section elementor-element elementor-element-2b1b2d3 elementor-section-boxed elementor-section-height-default elementor-section-height-default sc_fly_static\" data-id=\"2b1b2d3\" data-element_type=\"section\" data-settings=\"{&quot;background_background&quot;:&quot;classic&quot;}\">\n\t\t\t\t\t\t<div class=\"elementor-container elementor-column-gap-extended\">\n\t\t\t\t\t<div class=\"elementor-column elementor-col-100 elementor-top-column elementor-element elementor-element-ac1de7c sc_content_align_inherit sc_layouts_column_icons_position_left sc_fly_static\" data-id=\"ac1de7c\" data-element_type=\"column\">\n\t\t\t<div class=\"elementor-widget-wrap elementor-element-populated\">\n\t\t\t\t\t\t<div class=\"elementor-element elementor-element-795dd5f sc_fly_static elementor-widget elementor-widget-text-editor\" data-id=\"795dd5f\" data-element_type=\"widget\" data-widget_type=\"text-editor.default\">\n\t\t\t\t<div class=\"elementor-widget-container\">\n\t\t\t\t\t\t\t\t\t<p class=\"p1\"><span class=\"s1\">Sitemiz \u00fczerinden a\u015fa\u011f\u0131daki y\u00f6ntemlerle sipari\u015f verebilirsiniz:<\/span><\/p><ol class=\"ol1\"><li class=\"li1\"><span class=\"s1\"><b>Kredi Kart\u0131 ile \u00d6deme<\/b>: Sitemizde t\u00fcm kredi kartlar\u0131 ge\u00e7erlidir.<\/span><\/li><li class=\"li1\"><span class=\"s1\"><b>Havale ile \u00d6deme<\/b>: Havale ile \u00f6deme yaparken, l\u00fctfen a\u00e7\u0131klama k\u0131sm\u0131na sipari\u015f onay\u0131ndan sonra alaca\u011f\u0131n\u0131z sipari\u015f\/fatura numaran\u0131z\u0131 ekleyiniz.<\/span><\/li><\/ol><p class=\"p1\"><span class=\"s1\">Sipari\u015fleriniz onayland\u0131ktan sonra, 3 i\u015f g\u00fcn\u00fc i\u00e7inde (resmi tatiller ve hafta sonlar\u0131 hari\u00e7) kargoya teslim edilir. Hafta sonu verilen sipari\u015fler Pazartesi g\u00fcn\u00fc i\u015fleme al\u0131nacakt\u0131r. Zahika, ARAS Kargo ile anla\u015fmal\u0131 olup, kargo \u015firketi, sat\u0131n ald\u0131\u011f\u0131n\u0131z \u00fcr\u00fcn\u00fc belirtilen adrese teslim edecektir.<\/span><\/p><p class=\"p1\"><span class=\"s1\">Belirtilen adreste bulunmaman\u0131z durumunda, kargonuzu en yak\u0131n \u015fubeden alabilece\u011finize dair bir not b\u0131rak\u0131lacakt\u0131r. \u00dc\u00e7 g\u00fcn i\u00e7inde \u015fubeden teslim al\u0131nmayan paketler, bize iade edilir. Teslim ald\u0131\u011f\u0131n\u0131z \u00fcr\u00fcn\u00fc mutlaka kontrol etmenizi rica ederiz. \u00dcr\u00fcnde herhangi bir hasar g\u00f6rmeniz durumunda, \u00fcr\u00fcn\u00fc teslim almadan <b>kargo yetkilisine tutanak tutturup<\/b> iade etmenizi \u00f6nemle rica ederiz. Tutanak tutulmad\u0131\u011f\u0131 takdirde, Zahika kargo \u015firketinden hasar tazminat\u0131 talep edemeyece\u011finden, \u00fcr\u00fcn bedeli iadesi yap\u0131lamamaktad\u0131r.<\/span><\/p><p class=\"p1\"><span class=\"s2\"><a href=\"http:\/\/www.zahika.com\">www.zahika.com<\/a><\/span><span class=\"s1\"> \u00fczerinden verilen sipari\u015fler, T\u00fcrkiye&#8217;nin her yerine <b>Aras Kargo<\/b> ile g\u00f6nderilmektedir.<\/span><\/p><ul class=\"ul1\"><li class=\"li1\"><span class=\"s1\">1000 TL alt\u0131ndaki sipari\u015flerde <b>kargo \u00fccreti 90 TL<\/b> olarak tahsil edilmektedir.<\/span><\/li><li class=\"li1\"><span class=\"s1\">1000 TL \u00fczerindeki sipari\u015flerde ise <b>\u00fccretsiz kargo<\/b> uygulanmaktad\u0131r.<\/span><\/li><\/ul><p class=\"p2\">Kap\u0131da \u00f6deme se\u00e7ene\u011fi i\u00e7in <b>Aras Kargo hizmet bedeli<\/b> kar\u015f\u0131l\u0131\u011f\u0131 ek olarak <b>75 TL<\/b> \u00fccret al\u0131nmaktad\u0131r.\u00a0<\/p>\t\t\t\t\t\t\t\t<\/div>\n\t\t\t\t<\/div>\n\t\t\t\t\t<\/div>\n\t\t<\/div>\n\t\t\t\t\t<\/div>\n\t\t<\/section>\n\t\t\t\t<\/div>\n\t\t","protected":false},"excerpt":{"rendered":"<p>Sitemiz \u00fczerinden a\u015fa\u011f\u0131daki y\u00f6ntemlerle sipari\u015f verebilirsiniz: Kredi Kart\u0131 ile \u00d6deme: Sitemizde t\u00fcm kredi kartlar\u0131 ge\u00e7erlidir. Havale ile \u00d6deme: Havale ile \u00f6deme yaparken, l\u00fctfen a\u00e7\u0131klama k\u0131sm\u0131na sipari\u015f onay\u0131ndan sonra alaca\u011f\u0131n\u0131z sipari\u015f\/fatura&hellip;<\/p>\n","protected":false},"author":1,"featured_media":0,"parent":0,"menu_order":0,"comment_status":"closed","ping_status":"closed","template":"","meta":{"footnotes":""},"class_list":["post-3764","page","type-page","status-publish","hentry"],"_links":{"self":[{"href":"https:\/\/zahika.com\/tr_tr\/wp-json\/wp\/v2\/pages\/3764","targetHints":{"allow":["GET"]}}],"collection":[{"href":"https:\/\/zahika.com\/tr_tr\/wp-json\/wp\/v2\/pages"}],"about":[{"href":"https:\/\/zahika.com\/tr_tr\/wp-json\/wp\/v2\/types\/page"}],"author":[{"embeddable":true,"href":"https:\/\/zahika.com\/tr_tr\/wp-json\/wp\/v2\/users\/1"}],"replies":[{"embeddable":true,"href":"https:\/\/zahika.com\/tr_tr\/wp-json\/wp\/v2\/comments?post=3764"}],"version-history":[{"count":6,"href":"https:\/\/zahika.com\/tr_tr\/wp-json\/wp\/v2\/pages\/3764\/revisions"}],"predecessor-version":[{"id":3998,"href":"https:\/\/zahika.com\/tr_tr\/wp-json\/wp\/v2\/pages\/3764\/revisions\/3998"}],"wp:attachment":[{"href":"https:\/\/zahika.com\/tr_tr\/wp-json\/wp\/v2\/media?parent=3764"}],"curies":[{"name":"wp","href":"https:\/\/api.w.org\/{rel}","templated":true}]}}