{"id":3760,"date":"2025-06-24T10:10:43","date_gmt":"2025-06-24T10:10:43","guid":{"rendered":"https:\/\/fiyakod.online\/?page_id=3760"},"modified":"2025-07-02T00:34:19","modified_gmt":"2025-07-02T00:34:19","slug":"iade-ve-degisim-sartlari","status":"publish","type":"page","link":"https:\/\/zahika.com\/tr_tr\/iade-ve-degisim-sartlari","title":{"rendered":"\u0130ade ve De\u011fi\u015fim \u015eartlar\u0131"},"content":{"rendered":"\t\t<div data-elementor-type=\"wp-page\" data-elementor-id=\"3760\" class=\"elementor elementor-3760\">\n\t\t\t\t\t\t<section class=\"elementor-section elementor-top-section elementor-element elementor-element-54e639f elementor-section-boxed elementor-section-height-default elementor-section-height-default sc_fly_static\" data-id=\"54e639f\" data-element_type=\"section\" data-settings=\"{&quot;background_background&quot;:&quot;classic&quot;}\">\n\t\t\t\t\t\t<div class=\"elementor-container elementor-column-gap-extended\">\n\t\t\t\t\t<div class=\"elementor-column elementor-col-100 elementor-top-column elementor-element elementor-element-6c60d85 sc_content_align_inherit sc_layouts_column_icons_position_left sc_fly_static\" data-id=\"6c60d85\" data-element_type=\"column\">\n\t\t\t<div class=\"elementor-widget-wrap elementor-element-populated\">\n\t\t\t\t\t\t<div class=\"elementor-element elementor-element-e53b89b sc_fly_static elementor-widget elementor-widget-text-editor\" data-id=\"e53b89b\" data-element_type=\"widget\" data-widget_type=\"text-editor.default\">\n\t\t\t\t<div class=\"elementor-widget-container\">\n\t\t\t\t\t\t\t\t\t<p class=\"p1\"><span class=\"s1\"><a href=\"http:\/\/www.zahika.com\">www.zahika.com<\/a><\/span><span class=\"s2\"> sitesinden sat\u0131n ald\u0131\u011f\u0131n\u0131z \u00fcr\u00fcn\/\u00fcr\u00fcnler i\u00e7in, sipari\u015finizi teslim ald\u0131\u011f\u0131n\u0131z g\u00fcnden itibaren 14 g\u00fcn i\u00e7inde <b>&#8220;HERHANG\u0130 B\u0130R GEREK\u00c7E G\u00d6STERMEDEN VE CEZA\u0130 \u015eART \u00d6DEMEDEN&#8221;<\/b> cayma hakk\u0131n\u0131z\u0131 kullanarak iade edebilirsiniz.<\/span><\/p><p class=\"p1\"><span class=\"s2\">\u0130ade etmek istedi\u011finiz \u00fcr\u00fcnlerin, tekrar sat\u0131labilirlik \u00f6zelli\u011fini kaybetmemi\u015f, hasar g\u00f6rmemi\u015f, kullan\u0131lmam\u0131\u015f olmas\u0131; hediyeli bir \u00fcr\u00fcnse hediyesiyle birlikte, varsa t\u00fcm aksesuarlar\u0131 ile g\u00f6nderilmesi gerekmektedir. \u00dcr\u00fcnlerin kutu, po\u015fet, etiket ve ambalaj\u0131n\u0131n kaybolmam\u0131\u015f veya deforme olmam\u0131\u015f olmas\u0131 da \u015fartt\u0131r.<\/span><\/p><p class=\"p1\"><span class=\"s2\">\u0130ade i\u015flemini ger\u00e7ekle\u015ftirebilmek i\u00e7in, bu formu doldurup sipari\u015finizi teslim ald\u0131\u011f\u0131n\u0131z g\u00fcnden itibaren 14 g\u00fcn i\u00e7inde orijinal ambalaj\u0131nda ve faturas\u0131 ile birlikte a\u015fa\u011f\u0131da belirtilen adrese Aras Kargo arac\u0131l\u0131\u011f\u0131yla \u00fccretsiz olarak geri g\u00f6ndermeniz gerekmektedir. Ba\u015fka kargo firmalar\u0131 ile yap\u0131lan g\u00f6nderimlerde g\u00f6nderim \u00fccreti g\u00f6ndericiye ait olacakt\u0131r.<\/span><\/p><p class=\"p1\"><span class=\"s2\">G\u00f6nderi s\u0131ras\u0131nda \u00fcr\u00fcnlerin hasar g\u00f6rmemesi i\u00e7in dikkatlice paketleyiniz.<\/span><\/p><p class=\"p1\"><span class=\"s2\">\u0130ade kargonuz taraf\u0131m\u0131za ula\u015ft\u0131ktan ve \u00fcr\u00fcnlerin iade ko\u015fullar\u0131na uygunlu\u011fu kontrol edildikten sonra, 48 saat i\u00e7inde iade i\u015fleminiz ger\u00e7ekle\u015ftirilecektir.<\/span><\/p><p class=\"p1\"><span class=\"s2\">\u0130ade onayland\u0131\u011f\u0131nda, yasal s\u00fcre olan 14 g\u00fcn i\u00e7inde \u00fcr\u00fcn bedeli kredi kart\u0131n\u0131za iade edilir. Bu s\u00fcre, cayma bildiriminin Zahika\u2019ya ula\u015fmas\u0131yla ba\u015flar. \u0130adenin hesab\u0131n\u0131za yans\u0131ma s\u00fcresi bankan\u0131z\u0131n inisiyatifindedir. Bu nedenle, iade s\u00fcrecinin zaman\u0131nda tamamlanmas\u0131na ra\u011fmen bankadan kaynaklanan gecikmelerden Zahika sorumlu de\u011fildir.<\/span><\/p><p class=\"p1\"><span class=\"s2\">Havale ile yap\u0131lan \u00f6demelerde, iade onay\u0131 talebinizde \u00fcr\u00fcn bedelinin iade edilece\u011fi banka bilgilerini belirtmeniz gerekmektedir.<\/span><\/p><p class=\"p2\"><b>\u0130ade Adresi:<\/b><br \/>Faz Kozmetik \u0130thalat \u0130hracat Limited \u015eirketi<br \/>Arma\u011fanevler Mah. Havuz Sok. No 32 &#8211; 34780, \u00dcmraniye &#8211; \u0130stanbul\/T\u00fcrkiye<br \/>Tel: +90 532 231 33 15<\/p><p class=\"p3\"><span class=\"s2\"><b>\u0130PTAL KO\u015eULLARI<\/b><b><\/b><\/span><\/p><p class=\"p3\"><span class=\"s2\">\u0130ptal s\u00fcrecini ba\u015flatmak i\u00e7in, iptal etmek istedi\u011finiz \u00fcr\u00fcnle ilgili a\u015fa\u011f\u0131daki bilgileri belirterek <b>info@zahika.com<\/b> adresine e-posta g\u00f6ndermeniz gerekmektedir:<\/span><\/p><ul class=\"ul1\"><li class=\"li4\"><span class=\"s2\">Sipari\u015f numaras\u0131<\/span><\/li><li class=\"li4\"><span class=\"s2\">\u00dcr\u00fcn kodu<\/span><\/li><li class=\"li3\"><span class=\"s2\">\u0130ptal edilecek adet ve iptal nedeni<\/span><\/li><\/ul><p class=\"p3\"><span class=\"s2\">Ayr\u0131ca, size ula\u015fabilece\u011fimiz telefon numaran\u0131z\u0131 e-postaya eklemeniz gerekmektedir.<\/span><\/p><p class=\"p5\">Sipari\u015finizin kargoya verilmi\u015f olmas\u0131 durumunda, sipari\u015f iptal i\u015fleminin ger\u00e7ekle\u015ftirilemeyece\u011fini belirtmek isteriz.<\/p>\t\t\t\t\t\t\t\t<\/div>\n\t\t\t\t<\/div>\n\t\t\t\t\t<\/div>\n\t\t<\/div>\n\t\t\t\t\t<\/div>\n\t\t<\/section>\n\t\t\t\t<\/div>\n\t\t","protected":false},"excerpt":{"rendered":"<p>www.zahika.com sitesinden sat\u0131n ald\u0131\u011f\u0131n\u0131z \u00fcr\u00fcn\/\u00fcr\u00fcnler i\u00e7in, sipari\u015finizi teslim ald\u0131\u011f\u0131n\u0131z g\u00fcnden itibaren 14 g\u00fcn i\u00e7inde &#8220;HERHANG\u0130 B\u0130R GEREK\u00c7E G\u00d6STERMEDEN VE CEZA\u0130 \u015eART \u00d6DEMEDEN&#8221; cayma hakk\u0131n\u0131z\u0131 kullanarak iade edebilirsiniz. \u0130ade etmek istedi\u011finiz&hellip;<\/p>\n","protected":false},"author":1,"featured_media":0,"parent":0,"menu_order":0,"comment_status":"closed","ping_status":"closed","template":"","meta":{"footnotes":""},"class_list":["post-3760","page","type-page","status-publish","hentry"],"_links":{"self":[{"href":"https:\/\/zahika.com\/tr_tr\/wp-json\/wp\/v2\/pages\/3760","targetHints":{"allow":["GET"]}}],"collection":[{"href":"https:\/\/zahika.com\/tr_tr\/wp-json\/wp\/v2\/pages"}],"about":[{"href":"https:\/\/zahika.com\/tr_tr\/wp-json\/wp\/v2\/types\/page"}],"author":[{"embeddable":true,"href":"https:\/\/zahika.com\/tr_tr\/wp-json\/wp\/v2\/users\/1"}],"replies":[{"embeddable":true,"href":"https:\/\/zahika.com\/tr_tr\/wp-json\/wp\/v2\/comments?post=3760"}],"version-history":[{"count":6,"href":"https:\/\/zahika.com\/tr_tr\/wp-json\/wp\/v2\/pages\/3760\/revisions"}],"predecessor-version":[{"id":3992,"href":"https:\/\/zahika.com\/tr_tr\/wp-json\/wp\/v2\/pages\/3760\/revisions\/3992"}],"wp:attachment":[{"href":"https:\/\/zahika.com\/tr_tr\/wp-json\/wp\/v2\/media?parent=3760"}],"curies":[{"name":"wp","href":"https:\/\/api.w.org\/{rel}","templated":true}]}}