{"id":3702,"date":"2025-06-24T01:17:26","date_gmt":"2025-06-24T01:17:26","guid":{"rendered":"https:\/\/fiyakod.online\/?post_type=product&#038;p=3702"},"modified":"2026-04-01T06:54:21","modified_gmt":"2026-04-01T06:54:21","slug":"rejuvenating-moss-mask","status":"publish","type":"product","link":"https:\/\/zahika.com\/en\/product\/rejuvenating-moss-mask","title":{"rendered":"Rejuvenating Moss Mask"},"content":{"rendered":"<p><b>IMMEDIATE EFFECT : VISIBLE REDUCTION IN PORES<\/b> : G\u00d6ZENEK G\u00d6R\u00dcN\u00dcM\u00dcNDE G\u00d6ZLE G\u00d6R\u00dcL\u00dcR AZALMA<\/p>\n<p><b>APPLY &amp; RENEW:\u2028 <\/b><i>: <\/i>From purifying and pore-tightening to firming and deeply hydrating care, its ultra-rich formula supports skin renewal.<\/p>\n<p>How to Use: \nApply an even layer to your face using your fingertips, twice a week. Let it dry for 10 minutes, then rinse thoroughly. A mild tingling sensation may occur as the skin is purified. For best results, follow with your Zahika skincare routine to support skin renewal.<\/p>\n<p><b>INGREDIENTS: SIMMONDSIA CHINENSIS SEED OIL \u00b7 VITIS VINIFERA SEED OIL \u00b7 ALOE BARBADENSIS LEAF EXTRACT \u00b7 PRUNUS ARMENIACA KERNEL OIL \u00b7 PUNICA GRANATUM SEED OIL \u00b7 ROSA CANINA SEED OIL \u00b7 TRITICUM VULGARE GERM OIL \u00b7 ORYZA SATIVA BRAN OIL \u00b7 PERSEA GRATISSIMA OIL \u00b7 AESCULUS HIPPOCASTANUM EXTRACT \u00b7 ARGANIA SPINOSA KERNEL OIL \u00b7 FUCUS VESICULOSUS EXTRACT \u00b7 ROSMARINUS OFFICINALIS LEAF OIL \u00b7 JUGLANS REGIA SEED OIL \u00b7 SESAMUM INDICUM SEED OIL \u00b7 PRUNUS AMYGDALUS AMARA KERNEL OIL \u00b7 LINUM USITATISSIMUM SEED OIL \u00b7 COLLAGEN \u00b7 THYMUS VULGARIS LEAF OIL \u00b7 CALENDULA OFFICINALIS FLOWER OIL \u00b7 OLEA EUROPAEA OIL \u00b7 LACTUCA SCARIOLA SATIVA LEAF EXTRACT \u00b7 SPIRULINA PLATENSIS EXTRACT \u00b7 CANNABIS SATIVA SEED EXTRACT \u00b7 TOCOPHERYL ACETATE \u00b7 PALMITOYL PENTAPEPTIDE-4 \u00b7 COPPER TRIPEPTIDE-1 \u00b7 ROSA DAMASCENA FLOWER OIL \u00b7 CITRUS LIMON PEEL OIL \u00b7 ACETYL HEXAPEPTIDE-8 \u00b7 HELICHRYSUM ITALICUM FLOWER OIL \u00b7 LAVANDULA ANGUSTIFOLIA FLOWER OIL \u00b7 PALMITOYL TRIPEPTIDE-1 \u00b7 PALMITOYL TETRAPEPTIDE-7 \u00b7 PALMITOYL HEXAPEPTIDE-12.<\/b> AQUA \u00b7 CLAY \u00b7 ROSA DAMASCENA FLOWER POWDER \u00b7 HYALURONIC ACID \u00b7 CENTELLA ASIATICA FLOWER EXTRACT \u00b7<span class=\"Apple-converted-space\">\u00a0 <\/span>LACTUCA SATIVA LEAF EXTRACT \u00b7 COLLAGEN<\/p>","protected":false},"excerpt":{"rendered":"<p>Rejuvenating Moss Mask offers a rich treatment that purifies, soothes, and instantly comforts the skin.\u2028<br \/>\nFrom the very first application, it removes impurities and toxins, visibly reducing the appearance of pores.\u2028<br \/>\nThe skin becomes smoother, more balanced, and healthier in appearance.\u2028With intense hydration, it restores the skin\u2019s elasticity, leaving a soft and plump sensation.\u2028<br \/>\nSkin tone is evened out and its natural radiance reemerges. With regular use, the skin looks clearer, more vibrant, and renewed.<\/p>","protected":false},"featured_media":4846,"template":"","meta":[],"product_brand":[],"product_cat":[179],"product_tag":[],"class_list":{"0":"post-3702","1":"product","2":"type-product","3":"status-publish","4":"has-post-thumbnail","6":"product_cat-maskeler-tonikler","8":"first","9":"instock","10":"shipping-taxable","11":"purchasable","12":"product-type-variable"},"_links":{"self":[{"href":"https:\/\/zahika.com\/en\/wp-json\/wp\/v2\/product\/3702","targetHints":{"allow":["GET"]}}],"collection":[{"href":"https:\/\/zahika.com\/en\/wp-json\/wp\/v2\/product"}],"about":[{"href":"https:\/\/zahika.com\/en\/wp-json\/wp\/v2\/types\/product"}],"wp:featuredmedia":[{"embeddable":true,"href":"https:\/\/zahika.com\/en\/wp-json\/wp\/v2\/media\/4846"}],"wp:attachment":[{"href":"https:\/\/zahika.com\/en\/wp-json\/wp\/v2\/media?parent=3702"}],"wp:term":[{"taxonomy":"product_brand","embeddable":true,"href":"https:\/\/zahika.com\/en\/wp-json\/wp\/v2\/product_brand?post=3702"},{"taxonomy":"product_cat","embeddable":true,"href":"https:\/\/zahika.com\/en\/wp-json\/wp\/v2\/product_cat?post=3702"},{"taxonomy":"product_tag","embeddable":true,"href":"https:\/\/zahika.com\/en\/wp-json\/wp\/v2\/product_tag?post=3702"}],"curies":[{"name":"wp","href":"https:\/\/api.w.org\/{rel}","templated":true}]}}