{"id":3689,"date":"2025-06-24T01:07:55","date_gmt":"2025-06-24T01:07:55","guid":{"rendered":"https:\/\/fiyakod.online\/?post_type=product&#038;p=3689"},"modified":"2026-04-01T23:42:09","modified_gmt":"2026-04-01T23:42:09","slug":"the-renewing-mist","status":"publish","type":"product","link":"https:\/\/zahika.com\/en\/product\/the-renewing-mist","title":{"rendered":"The Renewing Mist"},"content":{"rendered":"<p><b>REVEALS YOUR SKIN\u2019S RADIANCE\u2028<\/b><br \/>\nThe Renewing Mist, enriched with rose water, seaweed extract, and collagen, is rapidly absorbed thanks to its fine molecular structure. It renews skin texture, restores radiance, and delivers an instant revitalizing effect.<\/p>\n<p><b>LUMINOUS VITALITY, EVEN TONE, ALL-DAY FRESHNESS\u2028<\/b><br \/>\nSupplies the skin with essential energy and moisture, resulting in a healthier, brighter, and more balanced complexion.<\/p>\n<p><b>A SENSATION OF RENEWAL ALL DAY LONG\u2028<\/b><br \/>\nThis effective care mist evens skin tone, enhances natural radiance, and preserves youthful vitality \u2014 leaving skin fresh, vibrant, and rested with every use.<\/p>\n<p>How to Use :\u2028Morning and evening, after cleansing your skin, close your eyes and spritz directly onto your\u2028Gently spread upward toward the neck and face, or press into the skin. A slight and temporary tingling sensation may occur during application. For best results, follow with the rejuvenating creams in your Zahika skincare routine.<span class=\"Apple-converted-space\">\u00a0<\/span>Sabah ve ak\u015fam, cildinizi temizledikten sonra G\u00f6zler kapal\u0131yken do\u011frudan y\u00fcz\u00fcn\u00fcze p\u00fcsk\u00fcrt\u00fcn. Boyun ve y\u00fcze do\u011fru yukar\u0131 hareketlerle nazik\u00e7e yay\u0131n ya da cilde bast\u0131rarak uygulay\u0131n. Uygulama s\u0131ras\u0131nda hafif ve ge\u00e7ici bir kar\u0131ncalanma hissi olu\u015fabilir. En iyi sonu\u00e7 i\u00e7in ard\u0131ndan Zahika bak\u0131m rutininizde yer alan yenileyici kremleri kullan\u0131n.<\/p>\n<p>&nbsp;<\/p>\n<p><b>INGREDIENTS: SIMMONDSIA CHINENSIS SEED OIL \u00b7 VITIS VINIFERA SEED OIL \u00b7 ALOE BARBADENSIS LEAF EXTRACT \u00b7 PRUNUS ARMENIACA KERNEL OIL \u00b7 PUNICA GRANATUM SEED OIL \u00b7 ROSA CANINA SEED OIL \u00b7 TRITICUM VULGARE GERM OIL \u00b7 ORYZA SATIVA BRAN OIL \u00b7 PERSEA GRATISSIMA OIL \u00b7 AESCULUS HIPPOCASTANUM EXTRACT \u00b7 ARGANIA SPINOSA KERNEL OIL \u00b7 FUCUS VESICULOSUS EXTRACT \u00b7 ROSMARINUS OFFICINALIS LEAF OIL \u00b7 JUGLANS REGIA SEED OIL \u00b7 SESAMUM INDICUM SEED OIL \u00b7 PRUNUS AMYGDALUS AMARA KERNEL OIL \u00b7 LINUM USITATISSIMUM SEED OIL \u00b7 COLLAGEN \u00b7 THYMUS VULGARIS LEAF OIL \u00b7 CALENDULA OFFICINALIS FLOWER OIL \u00b7 OLEA EUROPAEA OIL \u00b7 LACTUCA SCARIOLA SATIVA LEAF EXTRACT \u00b7 SPIRULINA PLATENSIS EXTRACT \u00b7 CANNABIS SATIVA SEED EXTRACT \u00b7 TOCOPHERYL ACETATE \u00b7 PALMITOYL PENTAPEPTIDE-4 \u00b7 COPPER TRIPEPTIDE-1 \u00b7 ROSA DAMASCENA FLOWER OIL \u00b7 CITRUS LIMON PEEL OIL \u00b7 ACETYL HEXAPEPTIDE-8 \u00b7 HELICHRYSUM ITALICUM FLOWER OIL \u00b7 LAVANDULA ANGUSTIFOLIA FLOWER OIL \u00b7 PALMITOYL TRIPEPTIDE-1 \u00b7 PALMITOYL TETRAPEPTIDE-7 \u00b7 PALMITOYL HEXAPEPTIDE-12.<\/b> ROSA DAMASCENA FLOWER WATER \u00b7 HYALURONIC ACID \u00b7 CENTELLA ASIATICA FLOWER EXTRACT \u00b7 PHENOXYETHANOL \u00b7 LAVANDULA ANGUSTIFOLIA FLOWER WATER \u00b7 PALMITOYL TETRAPEPTIDE-7 \u00b7 ULVA LACTUCA EXTRACT \u00b7 HELICHRYSUM ITALICUM EXTRACT \u00b7 ACETYL HEXAPEPTIDE-8<span class=\"Apple-converted-space\">\u00a0<\/span><\/p>","protected":false},"excerpt":{"rendered":"<p>Enriched with rose and seaweed extracts, this special formula instantly refreshes and revitalizes the skin upon the first touch.\u2028Its renewing effect delivers an immediate sensation of energy and freshness, while its fine molecular structure allows active ingredients to penetrate quickly.\u2028Supporting the skin\u2019s natural renewal cycle, it provides a radiant glow that lasts throughout the day.<\/p>","protected":false},"featured_media":4842,"template":"","meta":[],"product_brand":[],"product_cat":[178],"product_tag":[],"class_list":{"0":"post-3689","1":"product","2":"type-product","3":"status-publish","4":"has-post-thumbnail","6":"product_cat-canlandirici","8":"first","9":"instock","10":"shipping-taxable","11":"purchasable","12":"product-type-variable"},"_links":{"self":[{"href":"https:\/\/zahika.com\/en\/wp-json\/wp\/v2\/product\/3689","targetHints":{"allow":["GET"]}}],"collection":[{"href":"https:\/\/zahika.com\/en\/wp-json\/wp\/v2\/product"}],"about":[{"href":"https:\/\/zahika.com\/en\/wp-json\/wp\/v2\/types\/product"}],"wp:featuredmedia":[{"embeddable":true,"href":"https:\/\/zahika.com\/en\/wp-json\/wp\/v2\/media\/4842"}],"wp:attachment":[{"href":"https:\/\/zahika.com\/en\/wp-json\/wp\/v2\/media?parent=3689"}],"wp:term":[{"taxonomy":"product_brand","embeddable":true,"href":"https:\/\/zahika.com\/en\/wp-json\/wp\/v2\/product_brand?post=3689"},{"taxonomy":"product_cat","embeddable":true,"href":"https:\/\/zahika.com\/en\/wp-json\/wp\/v2\/product_cat?post=3689"},{"taxonomy":"product_tag","embeddable":true,"href":"https:\/\/zahika.com\/en\/wp-json\/wp\/v2\/product_tag?post=3689"}],"curies":[{"name":"wp","href":"https:\/\/api.w.org\/{rel}","templated":true}]}}