{"id":3616,"date":"2025-06-24T00:06:47","date_gmt":"2025-06-24T00:06:47","guid":{"rendered":"https:\/\/fiyakod.online\/?post_type=product&#038;p=3616"},"modified":"2026-03-31T08:40:21","modified_gmt":"2026-03-31T08:40:21","slug":"divine-serum","status":"publish","type":"product","link":"https:\/\/zahika.com\/en\/product\/divine-serum","title":{"rendered":"Divine Serum"},"content":{"rendered":"<p><b>POWERFUL RENEWAL, VISIBLE TRANSFORMATION\u2028<\/b><br \/>\nFirms, plumps, and rebalances the skin with a rejuvenating effect.<\/p>\n<p><b>TWICE THE IMPACT WHEN USED WITH DIVINE CREAM\u2028<\/b><br \/>\nWhen combined, it boosts collagen production and accelerates the renewal process.<\/p>\n<p><b>RADIANT, EVEN-TONED, AND SMOOTH SKIN\u2028<\/b><br \/>\nStrengthens skin texture with Infusion Complex\u2122, diminishes the appearance of dark spots, and restores natural luminosity.<\/p>\n<p>How to Use:\nTake a few drops of the oil-based serum onto your fingertips and gently distribute it over the forehead, cheeks, chin, and neck.\nUsing upward strokes, glide your fingers from the chin toward the sides of the nose, then from beneath the cheekbones toward the temples, gently working the serum into the skin.\nMassage to support absorption, and repeat the same steps on the other side of the face.<\/p>\n<div id=\":2dh\" class=\"Am aiL Al editable LW-avf tS-tW tS-tY\" tabindex=\"1\" role=\"textbox\" contenteditable=\"true\" spellcheck=\"false\" aria-label=\"\u0130leti G\u00f6vdesi\" aria-multiline=\"true\" aria-owns=\":2fv\" aria-controls=\":2fv\" aria-expanded=\"false\" data-listener-added_7e35b82f=\"true\">\n<div id=\":2dh\" class=\"Am aiL Al editable LW-avf tS-tW tS-tY\" tabindex=\"1\" role=\"textbox\" contenteditable=\"true\" spellcheck=\"false\" aria-label=\"\u0130leti G\u00f6vdesi\" aria-multiline=\"true\" aria-owns=\":2fv\" aria-controls=\":2fv\" aria-expanded=\"false\" data-listener-added_7e35b82f=\"true\">\n<p><b>INGREDIENTS: SIMMONDSIA CHINENSIS SEED OIL \u00b7 VITIS VINIFERA SEED OIL \u00b7 ALOE BARBADENSIS LEAF EXTRACT \u00b7 PRUNUS ARMENIACA KERNEL OIL \u00b7 PUNICA GRANATUM SEED OIL \u00b7 ROSA CANINA SEED OIL \u00b7 TRITICUM VULGARE GERM OIL \u00b7 ORYZA SATIVA BRAN OIL \u00b7 PERSEA GRATISSIMA OIL \u00b7 AESCULUS HIPPOCASTANUM EXTRACT \u00b7 ARGANIA SPINOSA KERNEL OIL \u00b7 FUCUS VESICULOSUS EXTRACT \u00b7 ROSMARINUS OFFICINALIS LEAF OIL \u00b7 JUGLANS REGIA SEED OIL \u00b7 SESAMUM INDICUM SEED OIL \u00b7 PRUNUS AMYGDALUS AMARA KERNEL OIL \u00b7 LINUM USITATISSIMUM SEED OIL \u00b7 COLLAGEN \u00b7 THYMUS VULGARIS LEAF OIL \u00b7 CALENDULA OFFICINALIS FLOWER OIL \u00b7 OLEA EUROPAEA OIL \u00b7 LACTUCA SCARIOLA SATIVA LEAF EXTRACT \u00b7 SPIRULINA PLATENSIS EXTRACT \u00b7 CANNABIS SATIVA SEED EXTRACT \u00b7 TOCOPHERYL ACETATE \u00b7 PALMITOYL PENTAPEPTIDE-4 \u00b7 COPPER TRIPEPTIDE-1 \u00b7 ROSA DAMASCENA FLOWER OIL \u00b7 CITRUS LIMON PEEL OIL \u00b7 ACETYL HEXAPEPTIDE-8 \u00b7 HELICHRYSUM ITALICUM FLOWER OIL \u00b7 LAVANDULA ANGUSTIFOLIA FLOWER OIL \u00b7 PALMITOYL TRIPEPTIDE-1 \u00b7 PALMITOYL TETRAPEPTIDE-7 \u00b7 PALMITOYL HEXAPEPTIDE-12.<\/b><\/p>\n<p data-start=\"444\" data-end=\"1503\">SIMMONDSIA CHINENSIS SEED OIL \u00b7 VITIS VINIFERA SEED OIL \u00b7 ALOE BARBADENSIS LEAF EXTRACT \u00b7 PRUNUS ARMENIACA KERNEL OIL \u00b7 PUNICA GRANATUM SEED OIL \u00b7 ROSA CANINA SEED OIL \u00b7 TRITICUM VULGARE GERM OIL \u00b7 ORYZA SATIVA BRAN OIL \u00b7 PERSEA GRATISSIMA OIL \u00b7 AESCULUS HIPPOCASTANUM EXTRACT \u00b7 ARGANIA SPINOSA KERNEL OIL \u00b7 FUCUS VESICULOSUS EXTRACT \u00b7 ROSMARINUS OFFICINALIS LEAF OIL \u00b7 JUGLANS REGIA SEED OIL \u00b7 SESAMUM INDICUM SEED OIL \u00b7 PRUNUS AMYGDALUS AMARA KERNEL OIL \u00b7 LINUM USITATISSIMUM SEED OIL \u00b7 COLLAGEN \u00b7 THYMUS VULGARIS LEAF OIL \u00b7 CALENDULA OFFICINALIS FLOWER OIL \u00b7 OLEA EUROPAEA OIL \u00b7 LACTUCA SCARIOLA SATIVA LEAF EXTRACT \u00b7 SPIRULINA PLATENSIS EXTRACT \u00b7 CANNABIS SATIVA SEED EXTRACT \u00b7 TOCOPHERYL ACETATE \u00b7 PALMITOYL PENTAPEPTIDE-4 \u00b7 COPPER TRIPEPTIDE-1 \u00b7 ROSA DAMASCENA FLOWER OIL \u00b7 CITRUS LIMON PEEL OIL \u00b7 ACETYL HEXAPEPTIDE-8 \u00b7 HELICHRYSUM ITALICUM FLOWER OIL \u00b7 LAVANDULA ANGUSTIFOLIA FLOWER OIL \u00b7 PALMITOYL TRIPEPTIDE-1 \u00b7 PALMITOYL TETRAPEPTIDE-7 \u00b7 PALMITOYL HEXAPEPTIDE-12 \u00b7 TRIFLUOROACETYL TRIPEPTIDE-2 \u00b7 SQUALANE \u00b7 ACETYL TETRAPEPTIDE-2 \u00b7 INFUSION COMPLEX\u2122<\/p>\n<\/div>\n<\/div>","protected":false},"excerpt":{"rendered":"<p>Divine Serum, \u00e7izgi ve k\u0131r\u0131\u015f\u0131kl\u0131klar\u0131n g\u00f6r\u00fcn\u00fcm\u00fcn\u00fc h\u0131zla azaltarak cildi gen\u00e7 ve sa\u011fl\u0131kl\u0131 bir g\u00f6r\u00fcn\u00fcme kavu\u015fturur.<br \/>\nInfusion Complex\u2122 ile g\u00fc\u00e7lendirilmi\u015f form\u00fcl\u00fc, kolajen \u00fcretimini desteklerken cildin yenilenme s\u00fcrecini h\u0131zland\u0131r\u0131r.<br \/>\nY\u00fcksek konsantrasyonlu aktif molek\u00fcller i\u00e7eren kolajen yenileyici kompleks, cilt s\u0131k\u0131l\u0131\u011f\u0131n\u0131 art\u0131r\u0131r, elastikiyeti destekler ve dokuyu g\u00f6zle g\u00f6r\u00fcl\u00fcr \u015fekilde iyile\u015ftirir.<br \/>\nD\u00fczenli kullan\u0131mda cilt daha dolgun, p\u00fcr\u00fczs\u00fcz ve \u0131\u015f\u0131ldayan bir g\u00f6r\u00fcn\u00fcme kavu\u015fur.<\/p>","protected":false},"featured_media":4832,"template":"","meta":[],"product_brand":[],"product_cat":[176],"product_tag":[],"class_list":{"0":"post-3616","1":"product","2":"type-product","3":"status-publish","4":"has-post-thumbnail","6":"product_cat-serumlar","8":"first","9":"instock","10":"featured","11":"shipping-taxable","12":"purchasable","13":"product-type-variable"},"_links":{"self":[{"href":"https:\/\/zahika.com\/en\/wp-json\/wp\/v2\/product\/3616","targetHints":{"allow":["GET"]}}],"collection":[{"href":"https:\/\/zahika.com\/en\/wp-json\/wp\/v2\/product"}],"about":[{"href":"https:\/\/zahika.com\/en\/wp-json\/wp\/v2\/types\/product"}],"wp:featuredmedia":[{"embeddable":true,"href":"https:\/\/zahika.com\/en\/wp-json\/wp\/v2\/media\/4832"}],"wp:attachment":[{"href":"https:\/\/zahika.com\/en\/wp-json\/wp\/v2\/media?parent=3616"}],"wp:term":[{"taxonomy":"product_brand","embeddable":true,"href":"https:\/\/zahika.com\/en\/wp-json\/wp\/v2\/product_brand?post=3616"},{"taxonomy":"product_cat","embeddable":true,"href":"https:\/\/zahika.com\/en\/wp-json\/wp\/v2\/product_cat?post=3616"},{"taxonomy":"product_tag","embeddable":true,"href":"https:\/\/zahika.com\/en\/wp-json\/wp\/v2\/product_tag?post=3616"}],"curies":[{"name":"wp","href":"https:\/\/api.w.org\/{rel}","templated":true}]}}