{"id":3611,"date":"2025-06-24T00:04:29","date_gmt":"2025-06-24T00:04:29","guid":{"rendered":"https:\/\/fiyakod.online\/?post_type=product&#038;p=3611"},"modified":"2026-03-30T15:41:56","modified_gmt":"2026-03-30T15:41:56","slug":"sublime-serum","status":"publish","type":"product","link":"https:\/\/zahika.com\/en\/product\/sublime-serum","title":{"rendered":"Sublime Serum"},"content":{"rendered":"<p><b>THE SERUM THAT IGNITES RENEWAL\u2028<\/b><\/p>\n<p>With its soft, luxurious texture, Sublime Serum activates the skin\u2019s natural repair cycle.\u2028Its deeply nourishing formula erases signs of fatigue, revealing a brighter, smoother, and more vibrant complexion with each use.\u2028Developed with a highly concentrated Infusion Complex\u2122 and dual-emulsion technology, its formula glides on like silk, leaving a beautiful sensory experience.<br \/>\nDerinlemesine besleyici yap\u0131s\u0131 sayesinde yorgun g\u00f6r\u00fcn\u00fcm\u00fc siler, her kullan\u0131mda daha ayd\u0131nl\u0131k, canl\u0131 ve p\u00fcr\u00fczs\u00fcz bir cilt sunar.<br \/>\nY\u00fcksek konsantrasyonlu Infusion Complex\u2122 ve \u00e7ift em\u00fclsiyon teknolojisiyle geli\u015ftirilen form\u00fcl\u00fc, cilde ipeksi bir his b\u0131rak\u0131r ve e\u015fsiz bir duyusal deneyim ya\u015fat\u0131r.<\/p>\n<p><b><span class=\"Apple-converted-space\">\u00a0<\/span>VISIBLY YOUTHFUL SKIN\u2028<\/b><\/p>\n<p>Sublime Serum supports cell regeneration, offering powerful defense against visible signs of aging.\u2028<br \/>\nIts unique Infusion Complex\u2122, enriched with rose oil, sea algae, vitamins, minerals, and proteins, is created through a controlled four-month fermentation process.\u2028<br \/>\nThis allows the ingredients to be more easily absorbed into the skin and deliver more targeted, effective results.\u2028<br \/>\nWith regular use, a visible boost in firmness, vitality, and smoothness is achieved.<\/p>\n<p><b><span class=\"Apple-converted-space\">\u00a0<\/span>THE SOURCE OF RENEWAL<\/b><\/p>\n<p>What sets Zahika\u2019s beauty philosophy apart is its commitment to merging nature\u2019s essence with scientific innovation.\u2028<br \/>\nFermented Rosa Damascena extract and the specially developed Infusion Complex\u2122 support the skin\u2019s natural rhythm and restore its inner glow.<\/p>\n<p>How to Use:\nTake a small amount of product onto your fingertips and gently apply it to the forehead, cheeks, chin, and neck.\nUsing flat fingers, glide upward from the chin to the sides of the nose, then from beneath the cheekbones toward the temples to work the product into the skin.\nRepeat the same motions on the other side of the face.<\/p>\n<p>INGREDIENTS: SIMMONDSIA CHINENSIS SEED OIL \u00b7 VITIS VINIFERA SEED OIL \u00b7 ALOE BARBADENSIS LEAF EXTRACT \u00b7 PRUNUS ARMENIACA KERNEL OIL \u00b7 PUNICA GRANATUM SEED OIL \u00b7 ROSA CANINA SEED OIL \u00b7 TRITICUM VULGARE GERM OIL \u00b7 ORYZA SATIVA BRAN OIL \u00b7 PERSEA GRATISSIMA OIL \u00b7 AESCULUS HIPPOCASTANUM EXTRACT \u00b7 ARGANIA SPINOSA KERNEL OIL \u00b7 FUCUS VESICULOSUS EXTRACT \u00b7 ROSMARINUS OFFICINALIS LEAF OIL \u00b7 JUGLANS REGIA SEED OIL \u00b7 SESAMUM INDICUM SEED OIL \u00b7 HELICHRYSUM ITALICUM FLOWER OIL \u00b7 PRUNUS AMYGDALUS AMARA KERNEL OIL \u00b7 LINUM USITATISSIMUM SEED OIL \u00b7 COLLAGEN \u00b7 CALENDULA OFFICINALIS FLOWER OIL \u00b7 OLEA EUROPAEA OIL \u00b7 LACTUCA SCARIOLA SATIVA LEAF EXTRACT \u00b7 SPIRULINA PLATENSIS EXTRACT \u00b7 CANNABIS SATIVA SEED EXTRACT \u00b7 TOCOPHERYL ACETATE \u00b7 THYMUS VULGARIS LEAF OIL \u00b7 ROSA DAMASCENA FLOWER OIL \u00b7 CITRUS LIMON PEEL OIL \u00b7 LAVANDULA ANGUSTIFOLIA FLOWER OIL \u00b7 ROSA DAMASCENA FLOWER WATER \u00b7 AQUA \u00b7 GLYCERIN \u00b7 HYALURONIC ACID \u00b7 CETEARYL ALCOHOL \u00b7 GLYCERYL STEARATE \u00b7 DICAPRYLYL CARBONATE \u00b7 PROPYLENE GLYCOL \u00b7 PROPYLHEPTYL CAPRYLATE \u00b7 ASCORBIC ACID \u00b7 CETEARETH-12 \u00b7 CETEARETH-20 \u00b7 CETYL PALMITATE \u00b7 TOCOPHEROL \u00b7 ACETYL HEXAPEPTIDE-8 \u00b7 ACETYL OCTAPEPTIDE-3 \u00b7 ACETYL TETRAPEPTIDE-2 \u00b7 COPPER TRIPEPTIDE-1 \u00b7 PALMITOYL HEXAPEPTIDE-12 \u00b7 PALMITOYL TETRAPEPTIDE-7 \u00b7 PALMITOYL PENTAPEPTIDE-4 \u00b7 PALMITOYL TRIPEPTIDE-1 \u00b7 PALMITOYL TRIPEPTIDE-5 \u00b7 PALMITOYL TRIPEPTIDE-8 \u00b7 TRIFLUOROACETYL TRIPEPTIDE-2 \u00b7 HYDROLYZED HYALURONIC ACID (OLIGO HA) \u00b7 SODIUM HYALURONATE \u00b7 HYDROLYZED COLLAGEN \u00b7 INFUSION COMPLEX\u2122<\/p>\n<p>&nbsp;<\/p>","protected":false},"excerpt":{"rendered":"<p>Enriched with Infusion Complex\u2122, Sublime Serum brings together rose oil and deep-sea algae extract to deliver a multi-layered rejuvenating effect on the skin.<br \/>\nIts advanced combination of ingredients harmonizes perfectly with the skin, optimizes its natural strength, visibly reduces the signs of aging, and initiates a comprehensive repair process.\u2028<\/p>\n<p>Thanks to its rich texture and high active content, the skin feels intensely moisturized, nourished, and plumped from the very first application.\u2028Over time, it regains its elasticity, its tone becomes even, its texture is refined, and it takes on a renewed appearance.\u2028<br \/>\nWhile the look of fine lines and wrinkles is visibly diminished, the overall complexion appears healthier, balanced, and radiant.<\/p>","protected":false},"featured_media":4830,"template":"","meta":[],"product_brand":[],"product_cat":[176],"product_tag":[],"class_list":{"0":"post-3611","1":"product","2":"type-product","3":"status-publish","4":"has-post-thumbnail","6":"product_cat-serumlar","8":"first","9":"instock","10":"featured","11":"shipping-taxable","12":"purchasable","13":"product-type-variable"},"_links":{"self":[{"href":"https:\/\/zahika.com\/en\/wp-json\/wp\/v2\/product\/3611","targetHints":{"allow":["GET"]}}],"collection":[{"href":"https:\/\/zahika.com\/en\/wp-json\/wp\/v2\/product"}],"about":[{"href":"https:\/\/zahika.com\/en\/wp-json\/wp\/v2\/types\/product"}],"wp:featuredmedia":[{"embeddable":true,"href":"https:\/\/zahika.com\/en\/wp-json\/wp\/v2\/media\/4830"}],"wp:attachment":[{"href":"https:\/\/zahika.com\/en\/wp-json\/wp\/v2\/media?parent=3611"}],"wp:term":[{"taxonomy":"product_brand","embeddable":true,"href":"https:\/\/zahika.com\/en\/wp-json\/wp\/v2\/product_brand?post=3611"},{"taxonomy":"product_cat","embeddable":true,"href":"https:\/\/zahika.com\/en\/wp-json\/wp\/v2\/product_cat?post=3611"},{"taxonomy":"product_tag","embeddable":true,"href":"https:\/\/zahika.com\/en\/wp-json\/wp\/v2\/product_tag?post=3611"}],"curies":[{"name":"wp","href":"https:\/\/api.w.org\/{rel}","templated":true}]}}